{"id":998,"date":"2025-01-24T07:46:51","date_gmt":"2025-01-24T07:46:51","guid":{"rendered":"https:\/\/huanhaizhongke.com\/?post_type=product&#038;p=998"},"modified":"2025-03-06T03:22:25","modified_gmt":"2025-03-06T03:22:25","slug":"coiled-rebar","status":"publish","type":"product","link":"https:\/\/www.huanhaizhongke.com\/vi\/product\/coiled-rebar\/","title":{"rendered":"Th\u00e9p cu\u1ed9n"},"content":{"rendered":"<h4>Th\u00e9p cu\u1ed9n l\u00e0 g\u00ec?<\/h4>\n<p>Th\u00e9p cu\u1ed9n l\u00e0 s\u1ea3n ph\u1ea9m th\u00e9p c\u00f3 \u0111\u1ed9 b\u1ec1n v\u00e0 \u0111\u1ed9 d\u1ebbo dai cao \u0111\u01b0\u1ee3c s\u1eed d\u1ee5ng r\u1ed9ng r\u00e3i trong c\u00e1c k\u1ebft c\u1ea5u b\u00ea t\u00f4ng c\u1ed1t th\u00e9p trong c\u00e1c d\u1ef1 \u00e1n x\u00e2y d\u1ef1ng. N\u00f3 s\u1eed d\u1ee5ng quy tr\u00ecnh c\u00e1n \u0111\u1ec3 t\u1ea1o thanh th\u00e9p th\u00e0nh cu\u1ed9n \u0111\u1ec3 d\u1ec5 v\u1eadn chuy\u1ec3n, l\u01b0u tr\u1eef v\u00e0 gia c\u00f4ng.<\/p>\n<h4>T\u00ednh n\u0103ng s\u1ea3n ph\u1ea9m<\/h4>\n<p>Th\u00e9p cu\u1ed9n c\u00f3 \u0111\u1ed9 d\u1ebbo v\u00e0 hi\u1ec7u su\u1ea5t gia c\u00f4ng t\u1ed1t, \u0111\u1ed9 b\u1ec1n cao, t\u00ednh ch\u1ea5t c\u01a1 h\u1ecdc t\u1ed1t, ti\u1ebft ki\u1ec7m kh\u00f4ng gian v\u1eadn chuy\u1ec3n. Ngo\u00e0i ra, m\u1ed9t s\u1ed1 th\u00e9p cu\u1ed9n c\u00f3 th\u1ec3 \u0111\u01b0\u1ee3c m\u1ea1 k\u1ebdm ho\u1eb7c s\u01a1n \u0111\u1ec3 c\u1ea3i thi\u1ec7n kh\u1ea3 n\u0103ng ch\u1ed1ng \u0103n m\u00f2n v\u00e0 k\u00e9o d\u00e0i tu\u1ed5i th\u1ecd.<\/p>\n<ul>\n<li><strong>T\u00ednh linh ho\u1ea1t<\/strong>: \u0110\u1ecbnh d\u1ea1ng cu\u1ed9n n\u00e0y cho ph\u00e9p gia c\u1ed1 li\u00ean t\u1ee5c v\u00e0 t\u00f9y ch\u1ec9nh d\u1ec5 d\u00e0ng \u0111\u1ec3 gi\u1ea3m thi\u1ec3u ch\u1ea5t th\u1ea3i v\u00e0 th\u1eddi gian l\u1eafp \u0111\u1eb7t.<\/li>\n<li><strong>Hi\u1ec7u qu\u1ea3 kh\u00f4ng gian<\/strong>:So v\u1edbi th\u00e9p th\u1eb3ng th\u00f4ng th\u01b0\u1eddng, th\u00e9p cu\u1ed9n chi\u1ebfm \u00edt kh\u00f4ng gian h\u01a1n trong qu\u00e1 tr\u00ecnh v\u1eadn chuy\u1ec3n v\u00e0 l\u01b0u tr\u1eef, do \u0111\u00f3 t\u1ed1i \u01b0u h\u00f3a kh\u00e2u h\u1eadu c\u1ea7n v\u00e0 qu\u1ea3n l\u00fd c\u00f4ng tr\u01b0\u1eddng.<\/li>\n<li><strong>C\u1ea3i thi\u1ec7n kh\u1ea3 n\u0103ng x\u1eed l\u00fd<\/strong>: Nh\u1eb9 v\u00e0 d\u1ec5 di chuy\u1ec3n, c\u1ed1t th\u00e9p cu\u1ed9n c\u00f3 th\u1ec3 \u0111\u01b0\u1ee3c v\u1eadn chuy\u1ec3n v\u00e0 l\u1eafp \u0111\u1eb7t v\u1edbi \u00edt nh\u00e2n c\u00f4ng, gi\u00fap t\u0103ng n\u0103ng su\u1ea5t t\u1ea1i ch\u1ed7.<\/li>\n<li><strong>Kh\u1ea3 n\u0103ng t\u01b0\u01a1ng th\u00edch v\u1edbi T\u1ef1 \u0111\u1ed9ng h\u00f3a<\/strong>: Th\u00edch h\u1ee3p s\u1eed d\u1ee5ng v\u1edbi thi\u1ebft b\u1ecb u\u1ed1n v\u00e0 c\u1eaft t\u1ef1 \u0111\u1ed9ng \u0111\u1ec3 c\u1ea3i thi\u1ec7n \u0111\u1ed9 ch\u00ednh x\u00e1c v\u00e0 hi\u1ec7u qu\u1ea3 s\u1ea3n xu\u1ea5t.<\/li>\n<\/ul>\n<h4>\u1ee8ng d\u1ee5ng<\/h4>\n<p>Th\u00e9p cu\u1ed9n c\u00f3 th\u1ec3 cung c\u1ea5p h\u1ed7 tr\u1ee3 m\u1ea1nh m\u1ebd trong c\u00e1c d\u1ef1 \u00e1n nh\u01b0 t\u00f2a nh\u00e0, c\u1ea7u v\u00e0 t\u00f2a nh\u00e0 cao t\u1ea7ng. L\u00e0 m\u1ed9t v\u1eadt li\u1ec7u x\u00e2y d\u1ef1ng quan tr\u1ecdng, th\u00e9p cu\u1ed9n \u0111\u01b0\u1ee3c s\u1eed d\u1ee5ng r\u1ed9ng r\u00e3i trong x\u00e2y d\u1ef1ng c\u01a1 s\u1edf h\u1ea1 t\u1ea7ng v\u00e0 gia c\u00f4ng thanh th\u00e9p, v\u00e0 l\u00e0 m\u1ed9t ph\u1ea7n kh\u00f4ng th\u1ec3 thi\u1ebfu v\u00e0 quan tr\u1ecdng c\u1ee7a ng\u00e0nh x\u00e2y d\u1ef1ng hi\u1ec7n \u0111\u1ea1i. Thanh cu\u1ed9n ho\u1eb7c d\u00e2y \u0111\u01b0\u1ee3c s\u1eed d\u1ee5ng trong nhi\u1ec1u lo\u1ea1i s\u1ea3n ph\u1ea9m t\u00f9y thu\u1ed9c v\u00e0o lo\u1ea1i h\u00ecnh d\u1ea1ng c\u1ee7a ch\u00fang. C\u00e1c \u1ee9ng d\u1ee5ng ch\u00ednh c\u1ee7a d\u00e2y \u0111\u01b0\u1ee3c \u0111\u01b0a ra d\u01b0\u1edbi \u0111\u00e2y:<\/p>\n<ul class=\"wp-block-list\">\n<li>S\u1eed d\u1ee5ng trong s\u1ea3n xu\u1ea5t l\u01b0\u1edbi th\u00e9p<\/li>\n<li>S\u1ea3n xu\u1ea5t bu l\u00f4ng<\/li>\n<li>S\u1eed d\u1ee5ng trong s\u1ea3n xu\u1ea5t l\u00f2 xo<\/li>\n<li>C\u00f3 th\u1ec3 s\u1eed d\u1ee5ng nh\u01b0 m\u1ed9t d\u00e2y k\u00e9o<\/li>\n<li>S\u1eed d\u1ee5ng nh\u01b0 d\u00e2y c\u00e1p<\/li>\n<li>C\u00f3 th\u1ec3 \u0111\u01b0\u1ee3c s\u1eed d\u1ee5ng trong <a href=\"https:\/\/en.wikipedia.org\/wiki\/Electrode\" target=\"_blank\" rel=\"noopener\">\u0111i\u1ec7n c\u1ef1c<\/a> v\u00e0 ng\u00e0nh c\u00f4ng nghi\u1ec7p h\u00e0n<\/li>\n<li>Trong ng\u00e0nh x\u00e2y d\u1ef1ng, th\u00e9p cu\u1ed9n \u0111\u01b0\u1ee3c s\u1eed d\u1ee5ng \u0111\u1ec3 t\u0103ng c\u01b0\u1eddng \u0111\u1ed9 b\u1ec1n c\u1ee7a k\u1ebft c\u1ea5u b\u00ea t\u00f4ng, kh\u1ed1i ch\u1ed1ng ch\u00e1y, k\u1ebft n\u1ed1i kh\u00ed v\u00e0 c\u1ed9t.<\/li>\n<\/ul>\n<h4>T\u1ea1i sao ch\u1ecdn ch\u00fang t\u00f4i?<\/h4>\n<p>Ch\u00fang t\u00f4i c\u00f3 c\u01a1 s\u1edf s\u1ea3n xu\u1ea5t h\u1ea1ng nh\u1ea5t v\u00e0 m\u00f4i tr\u01b0\u1eddng nh\u00e0 m\u00e1y hi\u1ec7n \u0111\u1ea1i, c\u00f3 th\u1ec3 cung c\u1ea5p cho b\u1ea1n c\u00e1c s\u1ea3n ph\u1ea9m v\u1eadt li\u1ec7u kim lo\u1ea1i ch\u1ea5t l\u01b0\u1ee3ng cao. Ch\u00e0o m\u1eebng \u0111\u1ebfn v\u1edbi <a href=\"https:\/\/www.huanhaizhongke.com\/vi\/contact-us\/\">li\u00ean h\u1ec7 v\u1edbi ch\u00fang t\u00f4i<\/a> \u0111\u1ec3 c\u00f3 \u0111\u01b0\u1ee3c gi\u1ea3i ph\u00e1p v\u1eadt li\u1ec7u kim lo\u1ea1i ph\u00f9 h\u1ee3p v\u1edbi b\u1ea1n.<\/p>","protected":false},"excerpt":{"rendered":"<p>Th\u00e9p cu\u1ed9n l\u00e0 s\u1ea3n ph\u1ea9m th\u00e9p c\u00f3 \u0111\u1ed9 b\u1ec1n cao v\u00e0 c\u1ee9ng \u0111\u01b0\u1ee3c s\u1eed d\u1ee5ng r\u1ed9ng r\u00e3i trong c\u00e1c k\u1ebft c\u1ea5u b\u00ea t\u00f4ng c\u1ed1t th\u00e9p trong c\u00e1c d\u1ef1 \u00e1n x\u00e2y d\u1ef1ng.<\/p>","protected":false},"featured_media":1001,"template":"","meta":{"_gspb_post_css":""},"product_brand":[],"product_cat":[24],"product_tag":[],"class_list":{"0":"post-998","1":"product","2":"type-product","3":"status-publish","4":"has-post-thumbnail","6":"product_cat-rebar","8":"first","9":"instock","10":"shipping-taxable","11":"product-type-simple"},"_links":{"self":[{"href":"https:\/\/www.huanhaizhongke.com\/vi\/wp-json\/wp\/v2\/product\/998","targetHints":{"allow":["GET"]}}],"collection":[{"href":"https:\/\/www.huanhaizhongke.com\/vi\/wp-json\/wp\/v2\/product"}],"about":[{"href":"https:\/\/www.huanhaizhongke.com\/vi\/wp-json\/wp\/v2\/types\/product"}],"wp:featuredmedia":[{"embeddable":true,"href":"https:\/\/www.huanhaizhongke.com\/vi\/wp-json\/wp\/v2\/media\/1001"}],"wp:attachment":[{"href":"https:\/\/www.huanhaizhongke.com\/vi\/wp-json\/wp\/v2\/media?parent=998"}],"wp:term":[{"taxonomy":"product_brand","embeddable":true,"href":"https:\/\/www.huanhaizhongke.com\/vi\/wp-json\/wp\/v2\/product_brand?post=998"},{"taxonomy":"product_cat","embeddable":true,"href":"https:\/\/www.huanhaizhongke.com\/vi\/wp-json\/wp\/v2\/product_cat?post=998"},{"taxonomy":"product_tag","embeddable":true,"href":"https:\/\/www.huanhaizhongke.com\/vi\/wp-json\/wp\/v2\/product_tag?post=998"}],"curies":[{"name":"wp","href":"https:\/\/api.w.org\/{rel}","templated":true}]}}