{"id":987,"date":"2025-01-23T05:43:30","date_gmt":"2025-01-23T05:43:30","guid":{"rendered":"https:\/\/huanhaizhongke.com\/?post_type=product&#038;p=987"},"modified":"2026-02-25T07:55:46","modified_gmt":"2026-02-25T07:55:46","slug":"aluminum-foil","status":"publish","type":"product","link":"https:\/\/www.huanhaizhongke.com\/vi\/product\/aluminum-foil\/","title":{"rendered":"Gi\u1ea5y b\u1ea1c nh\u00f4m"},"content":{"rendered":"<h4>Th\u00f4ng s\u1ed1 s\u1ea3n ph\u1ea9m<\/h4>\n<table style=\"border-collapse: collapse; width: 577.52pt;\" border=\"0\" width=\"770\" cellspacing=\"0\" cellpadding=\"0\">\n<tbody>\n<tr style=\"height: 20.00pt;\">\n<td style=\"height: 20.00pt; width: 215.25pt;\" width=\"287\" height=\"26\">Lo\u1ea1i h\u1ee3p kim<\/td>\n<td style=\"width: 362.25pt;\" width=\"483\">8079, 1050, 8011, 3102, 1060, 1100, 3003<\/td>\n<\/tr>\n<tr style=\"height: 20.00pt;\">\n<td class=\"et2\" style=\"height: 20.00pt; width: 215.25pt;\" width=\"287\" height=\"26\">\u0110\u1ed9 d\u00e0y<\/td>\n<td class=\"et2\" style=\"width: 362.25pt;\" width=\"483\">0,008mm \u2013 0,2mm<\/td>\n<\/tr>\n<tr style=\"height: 20.00pt;\">\n<td class=\"et2\" style=\"height: 20.00pt; width: 215.25pt;\" width=\"287\" height=\"26\">Chi\u1ec1u r\u1ed9ng<\/td>\n<td class=\"et2\" style=\"width: 362.25pt;\" width=\"483\">250- 1650 mm<\/td>\n<\/tr>\n<tr style=\"height: 20.00pt;\">\n<td class=\"et2\" style=\"height: 20.00pt; width: 215.25pt;\" width=\"287\" height=\"26\">Nhi\u1ec7t \u0111\u1ed9<\/td>\n<td class=\"et2\" style=\"width: 362.25pt;\" width=\"483\">HO,H18,H22, H24,H26, v.v<\/td>\n<\/tr>\n<tr style=\"height: 20.00pt;\">\n<td class=\"et2\" style=\"height: 20.00pt; width: 215.25pt;\" width=\"287\" height=\"26\">Gi\u00e1 Term<\/td>\n<td class=\"et2\" style=\"width: 362.25pt;\" width=\"483\">Ex-work, FOB, CFR, CIF, v.v<\/td>\n<\/tr>\n<tr style=\"height: 30.00pt;\">\n<td class=\"et2\" style=\"height: 30.00pt; width: 215.25pt;\" width=\"287\" height=\"40\">Th\u1eddi Gian Giao H\u00e0ng<\/td>\n<td class=\"et2\" style=\"width: 362.25pt;\" width=\"483\">20-30 ng\u00e0y. k\u00edch th\u01b0\u1edbc ti\u00eau chu\u1ea9n l\u00e0 trong kho, giao h\u00e0ng nhanh ch\u00f3ng ho\u1eb7c nh\u01b0 s\u1ed1 l\u01b0\u1ee3ng \u0111\u1eb7t h\u00e0ng.<\/td>\n<\/tr>\n<tr style=\"height: 30.00pt;\">\n<td class=\"et2\" style=\"height: 120.00pt; width: 215.25pt;\" rowspan=\"4\" width=\"287\" height=\"160\">G\u00f3i<\/td>\n<td class=\"et2\" style=\"width: 362.25pt;\" width=\"483\">Xu\u1ea5t kh\u1ea9u g\u00f3i ti\u00eau chu\u1ea9n, h\u1ed9p Carton ho\u1eb7c v\u1ecf g\u1ed7, ho\u1eb7c gi\u1ea5y ch\u1ed1ng th\u1ea5m n\u01b0\u1edbc, ho\u1eb7c theo y\u00eau c\u1ea7u c\u1ee7a kh\u00e1ch h\u00e0ng.<\/td>\n<\/tr>\n<tr style=\"height: 30.00pt;\">\n<td class=\"et2\" style=\"width: 362.25pt;\" width=\"483\">K\u00edch th\u01b0\u1edbc b\u00ean trong c\u1ee7a container l\u00e0 d\u01b0\u1edbi \u0111\u00e2y:<\/td>\n<\/tr>\n<tr style=\"height: 30.00pt;\">\n<td class=\"et2\" style=\"width: 362.25pt;\" width=\"483\">GP 20ft: 5,9m (chi\u1ec1u d\u00e0i) x 2,13m (chi\u1ec1u r\u1ed9ng) x 2,18m (cao)kho\u1ea3ng 24-26CBM<\/td>\n<\/tr>\n<tr style=\"height: 30.00pt;\">\n<td class=\"et2\" style=\"width: 362.25pt;\" width=\"483\">GP 40ft: 11,8m (chi\u1ec1u d\u00e0i) x 2,13m (chi\u1ec1u r\u1ed9ng) x 2,18m (cao) kho\u1ea3ng 54CBM<\/td>\n<\/tr>\n<\/tbody>\n<\/table>\n<h4><\/h4>\n<h4>Gi\u1ea5y b\u1ea1c nh\u00f4m l\u00e0 g\u00ec?<\/h4>\n<p>Gi\u1ea5y b\u1ea1c nh\u00f4m l\u00e0 m\u1ed9t s\u1ea3n ph\u1ea9m \u0111a n\u0103ng v\u00e0 \u0111\u01b0\u1ee3c s\u1eed d\u1ee5ng r\u1ed9ng r\u00e3i. N\u00f3 \u0111\u01b0\u1ee3c l\u00e0m t\u1eeb nh\u1eefng t\u1ea5m nh\u00f4m m\u1ecfng, \u0111\u01b0\u1ee3c bi\u1ebft \u0111\u1ebfn v\u1edbi \u0111\u1ed9 d\u1ebbo dai v\u00e0 \u0111\u1ed9 b\u1ec1n tuy\u1ec7t v\u1eddi. V\u1eadt li\u1ec7u n\u00e0y nh\u1eb9 nh\u01b0ng ch\u1eafc ch\u1eafn, l\u00e0m cho n\u00f3 ho\u00e0n h\u1ea3o cho nhi\u1ec1u \u1ee9ng d\u1ee5ng kh\u00e1c nhau.<\/p>\n<h4>T\u00ednh n\u0103ng s\u1ea3n ph\u1ea9m<\/h4>\n<ul>\n<li><strong>Nh\u1eb9:<\/strong> C\u1ef1c k\u1ef3 nh\u1eb9, d\u1ec5 x\u1eed l\u00fd v\u00e0 v\u1eadn chuy\u1ec3n, kh\u00f4ng l\u00e0m t\u0103ng th\u00eam kh\u1ed1i l\u01b0\u1ee3ng ho\u1eb7c \u0111\u1ed9 c\u1ed3ng k\u1ec1nh cho bao b\u00ec c\u1ee7a b\u1ea1n.<\/li>\n<li><strong>T\u00ednh d\u1ec5 u\u1ed1n:<\/strong> N\u00f3 c\u00f3 \u0111\u1ed9 d\u1ebbo tuy\u1ec7t v\u1eddi, d\u1ec5 t\u1ea1o h\u00ecnh v\u00e0 c\u00f3 th\u1ec3 b\u1ecdc v\u00e0 b\u1ea3o v\u1ec7 th\u1ef1c ph\u1ea9m ho\u1eb7c c\u00e1c v\u1eadt th\u1ec3 kh\u00e1c m\u1ed9t c\u00e1ch ho\u00e0n h\u1ea3o.<\/li>\n<li><strong>Kh\u1ea3 n\u0103ng ch\u1ed1ng \u0103n m\u00f2n:<\/strong> S\u1ea3n ph\u1ea9m c\u00f3 kh\u1ea3 n\u0103ng ch\u1ed1ng \u0103n m\u00f2n m\u1ea1nh m\u1ebd, \u0111\u1ea3m b\u1ea3o \u0111\u1ed9 b\u1ec1n l\u00e2u d\u00e0i v\u00e0 s\u1eed d\u1ee5ng an to\u00e0n ngay c\u1ea3 trong m\u00f4i tr\u01b0\u1eddng \u1ea9m \u01b0\u1edbt.<\/li>\n<li><strong>\u0110\u1ed9 d\u1eabn nhi\u1ec7t:<\/strong> N\u00f3 c\u00f3 kh\u1ea3 n\u0103ng d\u1eabn nhi\u1ec7t tuy\u1ec7t v\u1eddi v\u00e0 c\u00f3 th\u1ec3 ph\u00e2n ph\u1ed1i nhi\u1ec7t nhanh ch\u00f3ng v\u00e0 \u0111\u1ec1u, r\u1ea5t l\u00fd t\u01b0\u1edfng cho c\u00e1c \u1ee9ng d\u1ee5ng n\u1ea5u \u0103n v\u00e0 n\u01b0\u1edbng b\u00e1nh.<\/li>\n<li><strong>R\u00e0o c\u1ea3n \u0111\u1ed9 \u1ea9m:<\/strong> N\u00f3 c\u00f3 kh\u1ea3 n\u0103ng ch\u1ed1ng \u1ea9m v\u00e0 ho\u1ea1t \u0111\u1ed9ng nh\u01b0 m\u1ed9t l\u1edbp ch\u1eafn h\u01a1i n\u01b0\u1edbc hi\u1ec7u qu\u1ea3, ng\u0103n kh\u00f4ng cho n\u01b0\u1edbc x\u00e2m nh\u1eadp ho\u1eb7c tho\u00e1t ra ngo\u00e0i, gi\u00fap gi\u1eef th\u1ef1c ph\u1ea9m t\u01b0\u01a1i ngon v\u00e0 b\u1ea3o v\u1ec7 nh\u1eefng v\u1eadt d\u1ee5ng m\u1ecfng manh kh\u1ecfi b\u1ecb \u01b0\u1edbt.<\/li>\n<\/ul>\n<h4>\u1ee8ng d\u1ee5ng<\/h4>\n<p>Gi\u1ea5y b\u1ea1c \u0111\u01b0\u1ee3c s\u1eed d\u1ee5ng r\u1ed9ng r\u00e3i trong bao b\u00ec th\u1ef1c ph\u1ea9m, n\u1ea5u \u0103n, x\u00e2y d\u1ef1ng, \u0111i\u1ec7n t\u1eed, y t\u1ebf v\u00e0 c\u00e1c l\u0129nh v\u1ef1c kh\u00e1c:<\/p>\n<ul>\n<li><strong>Bao b\u00ec th\u1ef1c ph\u1ea9m:<\/strong> N\u00f3 c\u00f3 \u0111\u1eb7c t\u00ednh r\u00e0o c\u1ea3n v\u00e0 c\u00f3 th\u1ec3 b\u1ea3o v\u1ec7 th\u1ef1c ph\u1ea9m kh\u1ecfi \u00e1nh s\u00e1ng, \u0111\u1ed9 \u1ea9m v\u00e0 kh\u00f4ng kh\u00ed, do \u0111\u00f3 k\u00e9o d\u00e0i th\u1eddi h\u1ea1n s\u1eed d\u1ee5ng. N\u00f3 c\u0169ng \u0111\u01b0\u1ee3c s\u1eed d\u1ee5ng trong bao b\u00ec d\u01b0\u1ee3c ph\u1ea9m \u0111\u1ec3 b\u1ea3o v\u1ec7 thu\u1ed1c kh\u1ecfi c\u00e1c \u0111i\u1ec1u ki\u1ec7n b\u00ean ngo\u00e0i.<\/li>\n<li><strong>N\u1ea5u \u0103n v\u00e0 n\u01b0\u1edbng b\u00e1nh:<\/strong> N\u00f3 \u0111\u01b0\u1ee3c s\u1eed d\u1ee5ng r\u1ed9ng r\u00e3i trong n\u1ea5u \u0103n, l\u00f3t khay n\u01b0\u1edbng, g\u00f3i th\u1ef1c ph\u1ea9m n\u01b0\u1edbng ho\u1eb7c lu\u1ed9c v\u00e0 ph\u1ee7 \u0111\u1ed3 \u0103n \u0111\u1ec3 gi\u1eef \u0111\u1ed9 \u1ea9m.<\/li>\n<li><strong>X\u00e2y d\u1ef1ng v\u00e0 c\u00e1ch nhi\u1ec7t:<\/strong> L\u00e1 nh\u00f4m \u0111\u01b0\u1ee3c s\u1eed d\u1ee5ng r\u1ed9ng r\u00e3i nh\u01b0 m\u1ed9t v\u1eadt li\u1ec7u c\u00e1ch nhi\u1ec7t, c\u00f3 th\u1ec3 d\u00f9ng l\u00e0m v\u1eadt li\u1ec7u c\u00e1ch nhi\u1ec7t trong x\u00e2y d\u1ef1ng, ph\u1ea3n x\u1ea1 nhi\u1ec7t ho\u1eb7c gi\u1eef nhi\u1ec7t trong kh\u00f4ng gian.<\/li>\n<li><strong>Thi\u1ebft b\u1ecb \u0111i\u1ec7n t\u1eed:<\/strong> N\u00f3 \u0111\u01b0\u1ee3c s\u1eed d\u1ee5ng \u0111\u1ec3 qu\u1ea5n c\u00e1p nh\u1eb1m cung c\u1ea5p kh\u1ea3 n\u0103ng che ch\u1eafn ch\u1ed1ng l\u1ea1i <a href=\"https:\/\/en.wikipedia.org\/wiki\/Electromagnetic_radiation\" target=\"_blank\" rel=\"noopener\">\u0111i\u1ec7n t\u1eeb<\/a> s\u1ef1 can thi\u1ec7p.<\/li>\n<li><strong>Thu\u1ed9c v\u1ec1 y h\u1ecdc:<\/strong> Gi\u1ea5y b\u1ea1c \u0111\u01b0\u1ee3c s\u1eed d\u1ee5ng \u0111\u1ec3 b\u1ea3o v\u1ec7 s\u1ea3n ph\u1ea9m kh\u1ecfi s\u1ef1 \u00f4 nhi\u1ec5m t\u1eeb b\u00ean ngo\u00e0i.<\/li>\n<li><strong>Ngh\u1ec7 thu\u1eadt v\u00e0 th\u1ee7 c\u00f4ng:<\/strong> Gi\u1ea5y b\u1ea1c \u0111\u01b0\u1ee3c s\u1eed d\u1ee5ng r\u1ed9ng r\u00e3i trong c\u00e1c d\u1ef1 \u00e1n ngh\u1ec7 thu\u1eadt v\u00e0 th\u1ee7 c\u00f4ng do t\u00ednh d\u1ebbo v\u00e0 b\u1ec1 m\u1eb7t \u0111\u1eb9p c\u1ee7a n\u00f3.<\/li>\n<\/ul>\n<p>Ngo\u00e0i ra, gi\u1ea5y b\u1ea1c l\u00e0 v\u1eadt li\u1ec7u th\u00e2n thi\u1ec7n v\u1edbi m\u00f4i tr\u01b0\u1eddng v\u00e0 c\u00f3 th\u1ec3 t\u00e1i ch\u1ebf, m\u1eb7c d\u00f9 qu\u00e1 tr\u00ecnh t\u00e1i ch\u1ebf t\u01b0\u01a1ng \u0111\u1ed1i ph\u1ee9c t\u1ea1p.<\/p>\n<h4>T\u1ea1i sao ch\u1ecdn ch\u00fang t\u00f4i?<\/h4>\n<p>Ch\u00fang t\u00f4i c\u00f3 c\u01a1 s\u1edf s\u1ea3n xu\u1ea5t h\u1ea1ng nh\u1ea5t v\u00e0 m\u00f4i tr\u01b0\u1eddng nh\u00e0 m\u00e1y hi\u1ec7n \u0111\u1ea1i, c\u00f3 th\u1ec3 cung c\u1ea5p cho b\u1ea1n c\u00e1c s\u1ea3n ph\u1ea9m v\u1eadt li\u1ec7u kim lo\u1ea1i ch\u1ea5t l\u01b0\u1ee3ng cao. Ch\u00e0o m\u1eebng \u0111\u1ebfn v\u1edbi <a href=\"https:\/\/www.huanhaizhongke.com\/vi\/contact-us\/\">li\u00ean h\u1ec7 v\u1edbi ch\u00fang t\u00f4i<\/a> \u0111\u1ec3 c\u00f3 \u0111\u01b0\u1ee3c gi\u1ea3i ph\u00e1p v\u1eadt li\u1ec7u kim lo\u1ea1i ph\u00f9 h\u1ee3p v\u1edbi b\u1ea1n.<\/p>","protected":false},"excerpt":{"rendered":"<p>Gi\u1ea5y b\u1ea1c l\u00e0 m\u1ed9t m\u00e0ng m\u1ecfng l\u00e0m b\u1eb1ng kim lo\u1ea1i nh\u00f4m. Do c\u00f3 \u0111\u1ed9 nh\u1eb9, \u0111\u1ed9 d\u1ebbo, kh\u1ea3 n\u0103ng ch\u1ed1ng \u0103n m\u00f2n, \u0111\u1ed9 d\u1eabn nhi\u1ec7t v\u00e0 kh\u1ea3 n\u0103ng ch\u1ed1ng \u1ea9m tuy\u1ec7t v\u1eddi n\u00ean \u0111\u01b0\u1ee3c s\u1eed d\u1ee5ng r\u1ed9ng r\u00e3i trong bao b\u00ec th\u1ef1c ph\u1ea9m, n\u1ea5u \u0103n, x\u00e2y d\u1ef1ng, \u0111i\u1ec7n t\u1eed, y t\u1ebf v\u00e0 c\u00e1c l\u0129nh v\u1ef1c kh\u00e1c.<\/p>","protected":false},"featured_media":989,"template":"","meta":{"_gspb_post_css":""},"product_brand":[],"product_cat":[25],"product_tag":[],"class_list":{"0":"post-987","1":"product","2":"type-product","3":"status-publish","4":"has-post-thumbnail","6":"product_cat-aluminum-products","8":"first","9":"instock","10":"shipping-taxable","11":"product-type-simple"},"_links":{"self":[{"href":"https:\/\/www.huanhaizhongke.com\/vi\/wp-json\/wp\/v2\/product\/987","targetHints":{"allow":["GET"]}}],"collection":[{"href":"https:\/\/www.huanhaizhongke.com\/vi\/wp-json\/wp\/v2\/product"}],"about":[{"href":"https:\/\/www.huanhaizhongke.com\/vi\/wp-json\/wp\/v2\/types\/product"}],"wp:featuredmedia":[{"embeddable":true,"href":"https:\/\/www.huanhaizhongke.com\/vi\/wp-json\/wp\/v2\/media\/989"}],"wp:attachment":[{"href":"https:\/\/www.huanhaizhongke.com\/vi\/wp-json\/wp\/v2\/media?parent=987"}],"wp:term":[{"taxonomy":"product_brand","embeddable":true,"href":"https:\/\/www.huanhaizhongke.com\/vi\/wp-json\/wp\/v2\/product_brand?post=987"},{"taxonomy":"product_cat","embeddable":true,"href":"https:\/\/www.huanhaizhongke.com\/vi\/wp-json\/wp\/v2\/product_cat?post=987"},{"taxonomy":"product_tag","embeddable":true,"href":"https:\/\/www.huanhaizhongke.com\/vi\/wp-json\/wp\/v2\/product_tag?post=987"}],"curies":[{"name":"wp","href":"https:\/\/api.w.org\/{rel}","templated":true}]}}