{"id":964,"date":"2025-01-21T03:43:49","date_gmt":"2025-01-21T03:43:49","guid":{"rendered":"https:\/\/huanhaizhongke.com\/?post_type=product&#038;p=964"},"modified":"2025-03-06T03:24:19","modified_gmt":"2025-03-06T03:24:19","slug":"galvanized-coil","status":"publish","type":"product","link":"https:\/\/www.huanhaizhongke.com\/vi\/product\/galvanized-coil\/","title":{"rendered":"Cu\u1ed9n m\u1ea1 k\u1ebdm"},"content":{"rendered":"<h4>Cu\u1ed9n m\u1ea1 k\u1ebdm l\u00e0 g\u00ec?<\/h4>\n<p>Cu\u1ed9n th\u00e9p m\u1ea1 k\u1ebdm l\u00e0 v\u1eadt li\u1ec7u kim lo\u1ea1i \u0111\u00e3 \u0111\u01b0\u1ee3c x\u1eed l\u00fd b\u1eb1ng k\u1ebdm \u0111\u1ec3 ch\u1ed1ng \u0103n m\u00f2n. M\u1ea1 k\u1ebdm bao g\u1ed3m vi\u1ec7c ph\u1ee7 m\u1ed9t l\u1edbp k\u1ebdm l\u00ean cu\u1ed9n th\u00e9p b\u1eb1ng c\u00e1ch nh\u00fang n\u00f3 v\u00e0o b\u1ec3 k\u1ebdm n\u00f3ng ch\u1ea3y ho\u1eb7c th\u00f4ng qua quy tr\u00ecnh m\u1ea1 k\u1ebdm nh\u00fang n\u00f3ng li\u00ean t\u1ee5c. L\u1edbp k\u1ebdm \u0111\u00f3ng vai tr\u00f2 nh\u01b0 m\u1ed9t r\u00e0o c\u1ea3n gi\u1eefa th\u00e9p v\u00e0 m\u00f4i tr\u01b0\u1eddng xung quanh, ng\u0103n ng\u1eeba g\u1ec9 s\u00e9t v\u00e0 \u0103n m\u00f2n tr\u00ean b\u1ec1 m\u1eb7t th\u00e9p. N\u00f3 ho\u1ea1t \u0111\u1ed9ng nh\u01b0 m\u1ed9t l\u1edbp b\u1ea3o v\u1ec7, ngh\u0129a l\u00e0 n\u1ebfu l\u1edbp ph\u1ee7 b\u1ecb v\u1ee1 ho\u1eb7c tr\u1ea7y x\u01b0\u1edbc, k\u1ebdm s\u1ebd b\u1ecb \u0103n m\u00f2n tr\u01b0\u1edbc th\u00e9p b\u00ean d\u01b0\u1edbi. Cu\u1ed9n th\u00e9p m\u1ea1 k\u1ebdm th\u01b0\u1eddng \u0111\u01b0\u1ee3c l\u00e0m t\u1eeb th\u00e9p m\u1ec1m, c\u00f3 h\u00e0m l\u01b0\u1ee3ng carbon d\u01b0\u1edbi 0,2%.<\/p>\n<h4>T\u00ednh n\u0103ng s\u1ea3n ph\u1ea9m<\/h4>\n<ul>\n<li><strong>Kh\u1ea3 n\u0103ng ch\u1ed1ng \u0103n m\u00f2n:<\/strong> L\u1edbp k\u1ebdm kh\u00f4ng ch\u1ec9 c\u00f3 t\u00e1c d\u1ee5ng ng\u0103n ch\u1eb7n hi\u1ec7u qu\u1ea3 s\u1ef1 \u0103n m\u00f2n c\u1ee7a th\u00e9p do \u0111\u1ed9 \u1ea9m, oxy v\u00e0 c\u00e1c ch\u1ea5t \u0103n m\u00f2n kh\u00e1c m\u00e0 c\u00f2n c\u00f3 t\u00e1c d\u1ee5ng b\u1ea3o v\u1ec7, k\u00e9o d\u00e0i \u0111\u00e1ng k\u1ec3 tu\u1ed5i th\u1ecd c\u1ee7a th\u00e9p m\u00e0 c\u00f2n c\u1ea3i thi\u1ec7n hi\u1ec7u su\u1ea5t ch\u1ed1ng oxy h\u00f3a c\u1ee7a th\u00e9p.<\/li>\n<li><strong>\u0110\u1ed9 d\u1ebbo:<\/strong> Cu\u1ed9n m\u1ea1 k\u1ebdm c\u00f3 c\u00e1c t\u00ednh ch\u1ea5t c\u01a1 h\u1ecdc t\u1ed1t nh\u01b0 \u0111\u1ed9 d\u1ebbo v\u00e0 kh\u1ea3 n\u0103ng \u0111\u1ecbnh h\u00ecnh, th\u00edch h\u1ee3p cho nhi\u1ec1u qu\u00e1 tr\u00ecnh gia c\u00f4ng kh\u00e1c nhau nh\u01b0 d\u1eadp, u\u1ed1n, <a href=\"https:\/\/en.wikipedia.org\/wiki\/Welding\" target=\"_blank\" rel=\"noopener\">h\u00e0n<\/a>v.v. v\u00e0 c\u00f3 th\u1ec3 ch\u1ecbu \u0111\u01b0\u1ee3c nh\u1eefng \u0111i\u1ec1u ki\u1ec7n m\u00f4i tr\u01b0\u1eddng t\u01b0\u01a1ng \u0111\u1ed1i kh\u1eafc nghi\u1ec7t.<\/li>\n<li><strong>Ch\u1ea5t l\u01b0\u1ee3ng b\u1ec1 m\u1eb7t t\u1ed1t:<\/strong> B\u1ec1 m\u1eb7t c\u1ee7a cu\u1ed9n m\u1ea1 k\u1ebdm nh\u1eb5n v\u00e0 s\u00e1ng, c\u00f3 gi\u00e1 tr\u1ecb th\u1ea9m m\u1ef9 nh\u1ea5t \u0111\u1ecbnh v\u00e0 ph\u00f9 h\u1ee3p v\u1edbi nhi\u1ec1u ng\u00e0nh c\u00f4ng nghi\u1ec7p nh\u01b0 x\u00e2y d\u1ef1ng, \u0111\u1ed3 gia d\u1ee5ng v\u00e0 s\u1ea3n xu\u1ea5t \u00f4 t\u00f4.<\/li>\n<\/ul>\n<h4>\u1ee8ng d\u1ee5ng<\/h4>\n<p>Trong l\u0129nh v\u1ef1c x\u00e2y d\u1ef1ng, cu\u1ed9n m\u1ea1 k\u1ebdm \u0111\u01b0\u1ee3c s\u1eed d\u1ee5ng r\u1ed9ng r\u00e3i trong c\u00e1c th\u00e0nh ph\u1ea7n k\u1ebft c\u1ea5u nh\u01b0 m\u00e1i nh\u00e0, t\u01b0\u1eddng v\u00e0 \u1ed1ng tho\u00e1t n\u01b0\u1edbc; trong ng\u00e0nh c\u00f4ng nghi\u1ec7p \u0111\u1ed3 gia d\u1ee5ng, cu\u1ed9n m\u1ea1 k\u1ebdm \u0111\u01b0\u1ee3c s\u1eed d\u1ee5ng \u0111\u1ec3 s\u1ea3n xu\u1ea5t c\u00e1c s\u1ea3n ph\u1ea9m nh\u01b0 t\u1ee7 l\u1ea1nh v\u00e0 v\u1ecf m\u00e1y \u0111i\u1ec1u h\u00f2a kh\u00f4ng kh\u00ed; v\u00e0 trong l\u0129nh v\u1ef1c s\u1ea3n xu\u1ea5t \u00f4 t\u00f4, ch\u00fang \u0111\u01b0\u1ee3c s\u1eed d\u1ee5ng \u0111\u1ec3 s\u1ea3n xu\u1ea5t th\u00e2n xe, khung g\u1ea7m v\u00e0 c\u00e1c b\u1ed9 ph\u1eadn kh\u00e1c.<\/p>\n<p>Hi\u1ec7u qu\u1ea3 chi ph\u00ed cao c\u1ee7a cu\u1ed9n m\u1ea1 k\u1ebdm khi\u1ebfn n\u00f3 tr\u1edf th\u00e0nh v\u1eadt li\u1ec7u quan tr\u1ecdng v\u1edbi ph\u1ea1m vi \u1ee9ng d\u1ee5ng r\u1ed9ng r\u00e3i. N\u00f3 kh\u00f4ng ch\u1ec9 cung c\u1ea5p kh\u1ea3 n\u0103ng ch\u1ed1ng \u0103n m\u00f2n m\u1ea1nh m\u1ebd m\u00e0 c\u00f2n duy tr\u00ec chi ph\u00ed s\u1ea3n xu\u1ea5t th\u1ea5p. \u0110\u00e2y l\u00e0 v\u1eadt li\u1ec7u c\u01a1 b\u1ea3n kh\u00f4ng th\u1ec3 thi\u1ebfu trong nhi\u1ec1u ng\u00e0nh c\u00f4ng nghi\u1ec7p.<\/p>\n<h4>T\u1ea1i sao ch\u1ecdn ch\u00fang t\u00f4i?<\/h4>\n<p>Ch\u00fang t\u00f4i c\u00f3 c\u01a1 s\u1edf s\u1ea3n xu\u1ea5t h\u1ea1ng nh\u1ea5t v\u00e0 m\u00f4i tr\u01b0\u1eddng nh\u00e0 m\u00e1y hi\u1ec7n \u0111\u1ea1i, c\u00f3 th\u1ec3 cung c\u1ea5p cho b\u1ea1n c\u00e1c s\u1ea3n ph\u1ea9m v\u1eadt li\u1ec7u kim lo\u1ea1i ch\u1ea5t l\u01b0\u1ee3ng cao. Ch\u00e0o m\u1eebng \u0111\u1ebfn v\u1edbi <a href=\"https:\/\/www.huanhaizhongke.com\/vi\/contact-us\/\">li\u00ean h\u1ec7 v\u1edbi ch\u00fang t\u00f4i<\/a> \u0111\u1ec3 c\u00f3 \u0111\u01b0\u1ee3c gi\u1ea3i ph\u00e1p v\u1eadt li\u1ec7u kim lo\u1ea1i ph\u00f9 h\u1ee3p v\u1edbi b\u1ea1n.<\/p>","protected":false},"excerpt":{"rendered":"<p>Th\u00e9p cu\u1ed9n m\u1ea1 k\u1ebdm l\u00e0 v\u1eadt li\u1ec7u \u0111\u01b0\u1ee3c ph\u1ee7 m\u1ed9t l\u1edbp k\u1ebdm tr\u00ean b\u1ec1 m\u1eb7t th\u00e9p cu\u1ed9n \u0111\u1ec3 t\u0103ng kh\u1ea3 n\u0103ng ch\u1ed1ng \u0103n m\u00f2n v\u00e0 ch\u1ed1ng oxy h\u00f3a. C\u00e1c quy tr\u00ecnh s\u1ea3n xu\u1ea5t ph\u1ed5 bi\u1ebfn bao g\u1ed3m m\u1ea1 k\u1ebdm nh\u00fang n\u00f3ng v\u00e0 m\u1ea1 k\u1ebdm \u0111i\u1ec7n ph\u00e2n, trong \u0111\u00f3 m\u1ea1 k\u1ebdm nh\u00fang n\u00f3ng \u0111\u1eb7c bi\u1ec7t ph\u1ed5 bi\u1ebfn.<\/p>","protected":false},"featured_media":970,"template":"","meta":{"_gspb_post_css":""},"product_brand":[],"product_cat":[33],"product_tag":[],"class_list":{"0":"post-964","1":"product","2":"type-product","3":"status-publish","4":"has-post-thumbnail","6":"product_cat-galvanized","8":"first","9":"instock","10":"shipping-taxable","11":"product-type-simple"},"_links":{"self":[{"href":"https:\/\/www.huanhaizhongke.com\/vi\/wp-json\/wp\/v2\/product\/964","targetHints":{"allow":["GET"]}}],"collection":[{"href":"https:\/\/www.huanhaizhongke.com\/vi\/wp-json\/wp\/v2\/product"}],"about":[{"href":"https:\/\/www.huanhaizhongke.com\/vi\/wp-json\/wp\/v2\/types\/product"}],"wp:featuredmedia":[{"embeddable":true,"href":"https:\/\/www.huanhaizhongke.com\/vi\/wp-json\/wp\/v2\/media\/970"}],"wp:attachment":[{"href":"https:\/\/www.huanhaizhongke.com\/vi\/wp-json\/wp\/v2\/media?parent=964"}],"wp:term":[{"taxonomy":"product_brand","embeddable":true,"href":"https:\/\/www.huanhaizhongke.com\/vi\/wp-json\/wp\/v2\/product_brand?post=964"},{"taxonomy":"product_cat","embeddable":true,"href":"https:\/\/www.huanhaizhongke.com\/vi\/wp-json\/wp\/v2\/product_cat?post=964"},{"taxonomy":"product_tag","embeddable":true,"href":"https:\/\/www.huanhaizhongke.com\/vi\/wp-json\/wp\/v2\/product_tag?post=964"}],"curies":[{"name":"wp","href":"https:\/\/api.w.org\/{rel}","templated":true}]}}