{"id":957,"date":"2025-01-21T03:35:42","date_gmt":"2025-01-21T03:35:42","guid":{"rendered":"https:\/\/huanhaizhongke.com\/?post_type=product&#038;p=957"},"modified":"2025-03-06T03:24:33","modified_gmt":"2025-03-06T03:24:33","slug":"galvanized-sheet","status":"publish","type":"product","link":"https:\/\/www.huanhaizhongke.com\/vi\/product\/galvanized-sheet\/","title":{"rendered":"T\u1ea5m m\u1ea1 k\u1ebdm"},"content":{"rendered":"<div>\n<h4>T\u1ea5m m\u1ea1 k\u1ebdm l\u00e0 g\u00ec?<\/h4>\n<p>T\u00f4n m\u1ea1 k\u1ebdm l\u00e0 lo\u1ea1i th\u00e9p \u0111\u00e3 qua x\u1eed l\u00fd h\u00f3a h\u1ecdc \u0111\u1ec3 ph\u1ee7 l\u00ean b\u1ec1 m\u1eb7t m\u1ed9t l\u1edbp k\u1ebdm oxit. Do \u0111\u00f3, th\u00e9p m\u1ea1 k\u1ebdm kh\u00f4ng d\u1ec5 b\u1ecb r\u1ec9 s\u00e9t nh\u01b0 th\u00e9p th\u00f4ng th\u01b0\u1eddng v\u00e0 l\u1edbp ph\u1ee7 c\u0169ng l\u00e0m cho b\u1ec1 m\u1eb7t th\u00e9p b\u1ec1n h\u01a1n. Do \u0111\u00f3, t\u00f4n m\u1ea1 k\u1ebdm l\u00e0 m\u1ed9t trong nh\u1eefng lo\u1ea1i t\u00f4n kim lo\u1ea1i \u0111\u01b0\u1ee3c s\u1eed d\u1ee5ng ph\u1ed5 bi\u1ebfn nh\u1ea5t trong ng\u00e0nh s\u1ea3n xu\u1ea5t.<\/p>\n<\/div>\n<div>\n<h4>T\u00ednh n\u0103ng s\u1ea3n ph\u1ea9m<\/h4>\n<\/div>\n<ul>\n<li class=\"paragraph\"><strong class=\"\">Ch\u1ed1ng \u0103n m\u00f2n<\/strong>:L\u1edbp ph\u1ee7 k\u1ebdm c\u00f3 t\u00e1c d\u1ee5ng c\u00e1ch ly th\u00e9p kh\u1ecfi \u0111\u1ed9 \u1ea9m v\u00e0 oxy, k\u00e9o d\u00e0i \u0111\u00e1ng k\u1ec3 tu\u1ed5i th\u1ecd c\u1ee7a s\u1ea3n ph\u1ea9m.<\/li>\n<li class=\"paragraph\"><strong class=\"\">X\u1eed l\u00fd Thu\u1ed9c t\u00ednh<\/strong>:T\u1ea5m m\u1ea1 k\u1ebdm th\u00edch h\u1ee3p cho nhi\u1ec1u quy tr\u00ecnh t\u1ea1o h\u00ecnh v\u00e0 h\u00e0n kh\u00e1c nhau.<\/li>\n<li class=\"paragraph\"><strong class=\"\">Kh\u1ea3 n\u0103ng ch\u1ed1ng oxy h\u00f3a<\/strong>:Ch\u00fang c\u00f3 th\u1ec3 ch\u1ecbu \u0111\u01b0\u1ee3c \u0111i\u1ec1u ki\u1ec7n kh\u1eafc nghi\u1ec7t c\u1ee7a m\u00f4i tr\u01b0\u1eddng.<\/li>\n<li class=\"paragraph\"><strong>S\u1ef1 h\u1ea5p d\u1eabn v\u1ec1 m\u1eb7t th\u1ea9m m\u1ef9<\/strong>:B\u1ec1 m\u1eb7t nh\u1eb5n v\u00e0 \u0111\u1eb9p, c\u00f3 m\u00e0u tr\u1eafng b\u1ea1c, th\u01b0\u1eddng \u0111\u01b0\u1ee3c \u01b0a chu\u1ed9ng trong c\u00e1c \u1ee9ng d\u1ee5ng ch\u00fa tr\u1ecdng \u0111\u1ebfn v\u1ebb ngo\u00e0i.<\/li>\n<li class=\"paragraph\"><strong>Hi\u1ec7u qu\u1ea3 v\u1ec1 chi ph\u00ed<\/strong>: Chi ph\u00ed s\u1ea3n xu\u1ea5t th\u1ea5p v\u00e0 hi\u1ec7u su\u1ea5t chi ph\u00ed cao <a href=\"https:\/\/en.wikipedia.org\/wiki\/Ratio\" target=\"_blank\" rel=\"noopener\">t\u1ec9 l\u1ec7<\/a>.<\/li>\n<li class=\"paragraph\"><strong>\u0110\u1ed9 b\u1ec1n<\/strong>: B\u1ec1n, \u1ed5n \u0111\u1ecbnh v\u00e0 ph\u00f9 h\u1ee3p \u0111\u1ec3 s\u1eed d\u1ee5ng l\u00e2u d\u00e0i trong nhi\u1ec1u m\u00f4i tr\u01b0\u1eddng kh\u00e1c nhau.<\/li>\n<\/ul>\n<h4>\u1ee8ng d\u1ee5ng<\/h4>\n<p>T\u1ea5m m\u1ea1 k\u1ebdm k\u1ebft h\u1ee3p \u0111\u1ed9 b\u1ec1n, kh\u1ea3 n\u0103ng ch\u1ed1ng \u0103n m\u00f2n v\u00e0 hi\u1ec7u qu\u1ea3 v\u1ec1 chi ph\u00ed, khi\u1ebfn ch\u00fang tr\u1edf th\u00e0nh v\u1eadt li\u1ec7u kh\u00f4ng th\u1ec3 thi\u1ebfu trong c\u00e1c \u1ee9ng d\u1ee5ng c\u00f4ng nghi\u1ec7p v\u00e0 x\u00e2y d\u1ef1ng hi\u1ec7n \u0111\u1ea1i:<\/p>\n<ul>\n<li><strong>S\u1ef1 thi c\u00f4ng:<\/strong> \u0110\u01b0\u1ee3c s\u1eed d\u1ee5ng trong m\u00e1i nh\u00e0, t\u01b0\u1eddng, h\u00e0ng r\u00e0o v\u00e0 c\u00e1c th\u00e0nh ph\u1ea7n k\u1ebft c\u1ea5u nh\u01b0 khung th\u00e9p v\u00e0 c\u1ed9t. Kh\u1ea3 n\u0103ng ch\u1ed1ng \u0103n m\u00f2n c\u1ee7a n\u00f3 \u0111\u1ea3m b\u1ea3o s\u1ef1 \u1ed5n \u0111\u1ecbnh v\u00e0 \u0111\u1ed9 b\u1ec1n l\u00e2u d\u00e0i trong \u0111i\u1ec1u ki\u1ec7n th\u1eddi ti\u1ebft kh\u1eafc nghi\u1ec7t.<\/li>\n<li><strong>\u0110\u1ed3 gia d\u1ee5ng:<\/strong> Th\u01b0\u1eddng \u0111\u01b0\u1ee3c s\u1eed d\u1ee5ng trong s\u1ea3n xu\u1ea5t th\u00e2n t\u1ee7 l\u1ea1nh, v\u1ecf m\u00e1y \u0111i\u1ec1u h\u00f2a v\u00e0 v\u1ecf ngo\u00e0i c\u00e1c thi\u1ebft b\u1ecb kh\u00e1c do t\u00ednh th\u1ea9m m\u1ef9 v\u00e0 kh\u1ea3 n\u0103ng b\u1ea3o v\u1ec7.<\/li>\n<li><strong>\u00d4 t\u00f4:<\/strong> \u0110\u01b0\u1ee3c s\u1eed d\u1ee5ng trong c\u00e1c b\u1ed9 ph\u1eadn th\u00e2n xe, khung g\u1ea7m v\u00e0 \u0111\u1ed9ng c\u01a1 \u0111\u1ec3 ch\u1ed1ng g\u1ec9 v\u00e0 k\u00e9o d\u00e0i tu\u1ed5i th\u1ecd c\u1ee7a xe.<\/li>\n<li><strong>C\u00e1c ng\u00e0nh c\u00f4ng nghi\u1ec7p kh\u00e1c:<\/strong> T\u1ea5m m\u1ea1 k\u1ebdm c\u0169ng \u0111\u01b0\u1ee3c s\u1eed d\u1ee5ng trong c\u00e1c h\u1ec7 th\u1ed1ng t\u01b0\u1edbi ti\u00eau n\u00f4ng nghi\u1ec7p v\u00e0 c\u01a1 s\u1edf l\u01b0u tr\u1eef, th\u00e1p truy\u1ec1n t\u1ea3i \u0111i\u1ec7n v\u00e0 s\u1ea3n xu\u1ea5t v\u1ecf m\u00e1y m\u00f3c.<\/li>\n<\/ul>\n<h4>T\u1ea1i sao ch\u1ecdn ch\u00fang t\u00f4i?<\/h4>\n<p>Ch\u00fang t\u00f4i c\u00f3 c\u01a1 s\u1edf s\u1ea3n xu\u1ea5t h\u1ea1ng nh\u1ea5t v\u00e0 m\u00f4i tr\u01b0\u1eddng nh\u00e0 m\u00e1y hi\u1ec7n \u0111\u1ea1i, c\u00f3 th\u1ec3 cung c\u1ea5p cho b\u1ea1n c\u00e1c s\u1ea3n ph\u1ea9m v\u1eadt li\u1ec7u kim lo\u1ea1i ch\u1ea5t l\u01b0\u1ee3ng cao. Ch\u00e0o m\u1eebng \u0111\u1ebfn v\u1edbi <a href=\"https:\/\/www.huanhaizhongke.com\/vi\/contact-us\/\">li\u00ean h\u1ec7 v\u1edbi ch\u00fang t\u00f4i<\/a> \u0111\u1ec3 c\u00f3 \u0111\u01b0\u1ee3c gi\u1ea3i ph\u00e1p v\u1eadt li\u1ec7u kim lo\u1ea1i ph\u00f9 h\u1ee3p v\u1edbi b\u1ea1n.<\/p>","protected":false},"excerpt":{"rendered":"<p>T\u00f4n m\u1ea1 k\u1ebdm l\u00e0 m\u1ed9t lo\u1ea1i th\u00e9p t\u1ea5m c\u00f3 l\u1edbp k\u1ebdm tr\u00ean b\u1ec1 m\u1eb7t th\u00e9p t\u1ea5m. L\u1edbp k\u1ebdm c\u00f3 t\u00e1c d\u1ee5ng ch\u1ed1ng \u0103n m\u00f2n v\u00e0 b\u1ea3o v\u1ec7 th\u00e9p, \u0111\u01b0\u1ee3c s\u1eed d\u1ee5ng r\u1ed9ng r\u00e3i trong nhi\u1ec1u ng\u00e0nh c\u00f4ng nghi\u1ec7p.<\/p>","protected":false},"featured_media":963,"template":"","meta":{"_gspb_post_css":""},"product_brand":[],"product_cat":[33],"product_tag":[],"class_list":{"0":"post-957","1":"product","2":"type-product","3":"status-publish","4":"has-post-thumbnail","6":"product_cat-galvanized","8":"first","9":"instock","10":"shipping-taxable","11":"product-type-simple"},"_links":{"self":[{"href":"https:\/\/www.huanhaizhongke.com\/vi\/wp-json\/wp\/v2\/product\/957","targetHints":{"allow":["GET"]}}],"collection":[{"href":"https:\/\/www.huanhaizhongke.com\/vi\/wp-json\/wp\/v2\/product"}],"about":[{"href":"https:\/\/www.huanhaizhongke.com\/vi\/wp-json\/wp\/v2\/types\/product"}],"wp:featuredmedia":[{"embeddable":true,"href":"https:\/\/www.huanhaizhongke.com\/vi\/wp-json\/wp\/v2\/media\/963"}],"wp:attachment":[{"href":"https:\/\/www.huanhaizhongke.com\/vi\/wp-json\/wp\/v2\/media?parent=957"}],"wp:term":[{"taxonomy":"product_brand","embeddable":true,"href":"https:\/\/www.huanhaizhongke.com\/vi\/wp-json\/wp\/v2\/product_brand?post=957"},{"taxonomy":"product_cat","embeddable":true,"href":"https:\/\/www.huanhaizhongke.com\/vi\/wp-json\/wp\/v2\/product_cat?post=957"},{"taxonomy":"product_tag","embeddable":true,"href":"https:\/\/www.huanhaizhongke.com\/vi\/wp-json\/wp\/v2\/product_tag?post=957"}],"curies":[{"name":"wp","href":"https:\/\/api.w.org\/{rel}","templated":true}]}}