{"id":949,"date":"2025-01-21T03:32:31","date_gmt":"2025-01-21T03:32:31","guid":{"rendered":"https:\/\/huanhaizhongke.com\/?post_type=product&#038;p=949"},"modified":"2025-03-06T03:24:53","modified_gmt":"2025-03-06T03:24:53","slug":"aluminum-zinc-coated-coil","status":"publish","type":"product","link":"https:\/\/www.huanhaizhongke.com\/vi\/product\/aluminum-zinc-coated-coil\/","title":{"rendered":"Cu\u1ed9n Nh\u00f4m K\u1ebdm Ph\u1ee7"},"content":{"rendered":"<h4>Cu\u1ed9n nh\u00f4m tr\u00e1ng k\u1ebdm l\u00e0 g\u00ec?<\/h4>\n<p>Cu\u1ed9n nh\u00f4m tr\u00e1ng k\u1ebdm l\u00e0 v\u1eadt li\u1ec7u kim lo\u1ea1i ti\u00ean ti\u1ebfn c\u00f3 kh\u1ea3 n\u0103ng ch\u1ed1ng \u0103n m\u00f2n v\u00e0 \u0111\u1ed9 b\u1ec1n tuy\u1ec7t v\u1eddi. Cu\u1ed9n n\u00e0y \u0111\u01b0\u1ee3c s\u1ea3n xu\u1ea5t b\u1eb1ng c\u00e1ch ph\u1ee7 m\u1ed9t h\u1ee3p kim nh\u00f4m-k\u1ebdm \u0111\u1eb7c bi\u1ec7t l\u00ean m\u1ed9t l\u1edbp n\u1ec1n th\u00e9p, t\u1ea1o ra l\u1edbp ph\u1ee7 b\u1ea3o v\u1ec7 cao tr\u00ean b\u1ec1 m\u1eb7t. L\u1edbp ph\u1ee7 h\u1ee3p kim nh\u00f4m-k\u1ebdm c\u00f3 kh\u1ea3 n\u0103ng ch\u1ed1ng oxy h\u00f3a v\u00e0 th\u1eddi ti\u1ebft t\u1ed1t h\u01a1n, l\u00fd t\u01b0\u1edfng \u0111\u1ec3 s\u1eed d\u1ee5ng l\u00e2u d\u00e0i trong nhi\u1ec1u m\u00f4i tr\u01b0\u1eddng kh\u00e1c nhau.<\/p>\n<h4>T\u00ednh n\u0103ng s\u1ea3n ph\u1ea9m<\/h4>\n<div class=\"paragraph\"><strong>Ch\u1ed1ng \u0103n m\u00f2n<\/strong>: Cu\u1ed9n nh\u00f4m tr\u00e1ng k\u1ebdm k\u1ebft h\u1ee3p kh\u1ea3 n\u0103ng ch\u1ed1ng \u0103n m\u00f2n c\u1ee7a nh\u00f4m v\u1edbi kh\u1ea3 n\u0103ng b\u1ea3o v\u1ec7 hy sinh c\u1ee7a k\u1ebdm.<\/div>\n<div class=\"paragraph\"><strong class=\"\">Hi\u1ec7u su\u1ea5t ch\u1ed1ng g\u1ec9<\/strong>: T\u00ednh ch\u1ea5t ch\u1ed1ng g\u1ec9 tuy\u1ec7t v\u1eddi nh\u1edd nh\u00f4m-<a href=\"https:\/\/en.wikipedia.org\/wiki\/Zinc\" target=\"_blank\" rel=\"noopener\">k\u1ebdm<\/a> l\u1edbp ph\u1ee7 h\u1ee3p kim.<\/div>\n<div class=\"paragraph\"><strong class=\"\">Kh\u1ea3 n\u0103ng ch\u1ecbu nhi\u1ec7t \u0111\u1ed9 cao<\/strong>: C\u00f3 kh\u1ea3 n\u0103ng ch\u1ecbu \u0111\u01b0\u1ee3c nhi\u1ec7t \u0111\u1ed9 cao.<\/div>\n<div class=\"paragraph\"><strong class=\"\">S\u1ef1 h\u1ea5p d\u1eabn v\u1ec1 m\u1eb7t th\u1ea9m m\u1ef9<\/strong>: B\u1ec1 m\u1eb7t s\u00e1ng b\u00f3ng v\u00e0 \u0111\u1eb9p.<\/div>\n<div class=\"paragraph\"><strong>\u0110\u1ed9 b\u1ec1n<\/strong>: \u0110\u1ed9 b\u1ec1n v\u00e0 \u0111\u1ed9 \u1ed5n \u0111\u1ecbnh l\u00e2u d\u00e0i trong nhi\u1ec1u m\u00f4i tr\u01b0\u1eddng kh\u00e1c nhau.<\/div>\n<div class=\"paragraph\"><strong>Hi\u1ec7u qu\u1ea3 v\u1ec1 chi ph\u00ed<\/strong>: Ti\u1ebft ki\u1ec7m v\u1edbi tu\u1ed5i th\u1ecd cao.<\/div>\n<h4>\u1ee8ng d\u1ee5ng<\/h4>\n<p>\u01afu \u0111i\u1ec3m c\u1ee7a cu\u1ed9n nh\u00f4m m\u1ea1 k\u1ebdm ph\u1ee7 k\u1ebdm kh\u00f4ng ch\u1ec9 n\u1eb1m \u1edf t\u00ednh ch\u1ea5t v\u1eadt l\u00fd v\u01b0\u1ee3t tr\u1ed9i m\u00e0 c\u00f2n \u1edf hi\u1ec7u qu\u1ea3 chi ph\u00ed cao v\u00e0 tu\u1ed5i th\u1ecd d\u00e0i. Ch\u00fang l\u00e0 nguy\u00ean li\u1ec7u th\u00f4 quan tr\u1ecdng trong nhi\u1ec1u l\u0129nh v\u1ef1c c\u00f4ng nghi\u1ec7p.<\/p>\n<ul>\n<li><strong>S\u1ef1 thi c\u00f4ng:<\/strong> \u0111\u01b0\u1ee3c s\u1eed d\u1ee5ng cho c\u00e1c k\u1ebft c\u1ea5u nh\u01b0 m\u00e1i nh\u00e0, t\u01b0\u1eddng v\u00e0 h\u1ec7 th\u1ed1ng tho\u00e1t n\u01b0\u1edbc \u0111\u1ec3 mang l\u1ea1i \u0111\u1ed9 b\u1ec1n v\u00e0 \u1ed5n \u0111\u1ecbnh l\u00e2u d\u00e0i<\/li>\n<li><strong>Thi\u1ebft b\u1ecb gia d\u1ee5ng:<\/strong> \u0111\u01b0\u1ee3c s\u1eed d\u1ee5ng l\u00e0m c\u00e1c b\u1ed9 ph\u1eadn nh\u01b0 v\u1ecf t\u1ee7 l\u1ea1nh v\u00e0 m\u00e1y gi\u1eb7t, v\u00e0 \u0111\u01b0\u1ee3c \u01b0a chu\u1ed9ng v\u00ec kh\u1ea3 n\u0103ng ch\u1ed1ng \u0103n m\u00f2n v\u00e0 \u0111\u1ed9 b\u1ec1n<\/li>\n<li><strong>S\u1ea3n xu\u1ea5t \u00f4 t\u00f4:<\/strong> \u0111\u01b0\u1ee3c s\u1eed d\u1ee5ng trong s\u1ea3n xu\u1ea5t c\u00e1c b\u1ed9 ph\u1eadn nh\u01b0 th\u00e2n xe, gi\u00fap c\u1ea3i thi\u1ec7n kh\u1ea3 n\u0103ng ch\u1ed1ng oxy h\u00f3a v\u00e0 tu\u1ed5i th\u1ecd t\u1ed5ng th\u1ec3 c\u1ee7a xe.<\/li>\n<\/ul>\n<h4>T\u1ea1i sao ch\u1ecdn ch\u00fang t\u00f4i?<\/h4>\n<p>Ch\u00fang t\u00f4i c\u00f3 c\u01a1 s\u1edf s\u1ea3n xu\u1ea5t h\u1ea1ng nh\u1ea5t v\u00e0 m\u00f4i tr\u01b0\u1eddng nh\u00e0 m\u00e1y hi\u1ec7n \u0111\u1ea1i, c\u00f3 th\u1ec3 cung c\u1ea5p cho b\u1ea1n c\u00e1c s\u1ea3n ph\u1ea9m v\u1eadt li\u1ec7u kim lo\u1ea1i ch\u1ea5t l\u01b0\u1ee3ng cao. Ch\u00e0o m\u1eebng \u0111\u1ebfn v\u1edbi <a href=\"https:\/\/www.huanhaizhongke.com\/vi\/contact-us\/\">li\u00ean h\u1ec7 v\u1edbi ch\u00fang t\u00f4i<\/a> \u0111\u1ec3 c\u00f3 \u0111\u01b0\u1ee3c gi\u1ea3i ph\u00e1p v\u1eadt li\u1ec7u kim lo\u1ea1i ph\u00f9 h\u1ee3p v\u1edbi b\u1ea1n.<\/p>","protected":false},"excerpt":{"rendered":"<p>L\u00e0 cu\u1ed9n th\u00e9p c\u00f3 l\u1edbp h\u1ee3p kim nh\u00f4m-k\u1ebdm tr\u00ean b\u1ec1 m\u1eb7t, k\u1ebft h\u1ee3p kh\u1ea3 n\u0103ng ch\u1ed1ng \u0103n m\u00f2n c\u1ee7a nh\u00f4m v\u00e0 kh\u1ea3 n\u0103ng b\u1ea3o v\u1ec7 hy sinh c\u1ee7a k\u1ebdm, c\u00f3 kh\u1ea3 n\u0103ng ch\u1ed1ng g\u1ec9, ch\u1ed1ng \u0103n m\u00f2n v\u00e0 ch\u1ecbu nhi\u1ec7t \u0111\u1ed9 cao tuy\u1ec7t v\u1eddi.<\/p>","protected":false},"featured_media":1027,"template":"","meta":{"_gspb_post_css":""},"product_brand":[],"product_cat":[32],"product_tag":[],"class_list":{"0":"post-949","1":"product","2":"type-product","3":"status-publish","4":"has-post-thumbnail","6":"product_cat-aluminum-zinc-coating-coil-plate","8":"first","9":"instock","10":"shipping-taxable","11":"product-type-simple"},"_links":{"self":[{"href":"https:\/\/www.huanhaizhongke.com\/vi\/wp-json\/wp\/v2\/product\/949","targetHints":{"allow":["GET"]}}],"collection":[{"href":"https:\/\/www.huanhaizhongke.com\/vi\/wp-json\/wp\/v2\/product"}],"about":[{"href":"https:\/\/www.huanhaizhongke.com\/vi\/wp-json\/wp\/v2\/types\/product"}],"wp:featuredmedia":[{"embeddable":true,"href":"https:\/\/www.huanhaizhongke.com\/vi\/wp-json\/wp\/v2\/media\/1027"}],"wp:attachment":[{"href":"https:\/\/www.huanhaizhongke.com\/vi\/wp-json\/wp\/v2\/media?parent=949"}],"wp:term":[{"taxonomy":"product_brand","embeddable":true,"href":"https:\/\/www.huanhaizhongke.com\/vi\/wp-json\/wp\/v2\/product_brand?post=949"},{"taxonomy":"product_cat","embeddable":true,"href":"https:\/\/www.huanhaizhongke.com\/vi\/wp-json\/wp\/v2\/product_cat?post=949"},{"taxonomy":"product_tag","embeddable":true,"href":"https:\/\/www.huanhaizhongke.com\/vi\/wp-json\/wp\/v2\/product_tag?post=949"}],"curies":[{"name":"wp","href":"https:\/\/api.w.org\/{rel}","templated":true}]}}