{"id":943,"date":"2025-01-21T03:25:46","date_gmt":"2025-01-21T03:25:46","guid":{"rendered":"https:\/\/huanhaizhongke.com\/?post_type=product&#038;p=943"},"modified":"2025-03-06T03:25:10","modified_gmt":"2025-03-06T03:25:10","slug":"aluminum-zinc-coated-sheet","status":"publish","type":"product","link":"https:\/\/www.huanhaizhongke.com\/vi\/product\/aluminum-zinc-coated-sheet\/","title":{"rendered":"T\u1ea5m Nh\u00f4m K\u1ebdm Ph\u1ee7"},"content":{"rendered":"<h4>T\u1ea5m nh\u00f4m m\u1ea1 k\u1ebdm l\u00e0 g\u00ec?<\/h4>\n<p>T\u1ea5m nh\u00f4m m\u1ea1 k\u1ebdm b\u1ea3o v\u1ec7 ch\u1ed1ng \u0103n m\u00f2n nh\u00f4m-k\u1ebdm v\u00e0 l\u00e0 gi\u1ea3i ph\u00e1p ch\u1ed1ng \u0103n m\u00f2n r\u1ea5t hi\u1ec7u qu\u1ea3. L\u1edbp ph\u1ee7 h\u1ee3p kim bao g\u1ed3m nh\u00f4m, k\u1ebdm v\u00e0 silicon. L\u1edbp ph\u1ee7 k\u1ebft h\u1ee3p kh\u1ea3 n\u0103ng ch\u1ed1ng \u0103n m\u00f2n tuy\u1ec7t v\u1eddi c\u1ee7a nh\u00f4m v\u1edbi kh\u1ea3 n\u0103ng b\u1ea3o v\u1ec7 c\u1ea1nh c\u1eaft c\u1ee7a k\u1ebdm. Hi\u1ec7n nay, n\u00f3 \u0111\u01b0\u1ee3c ch\u1ea5p nh\u1eadn r\u1ed9ng r\u00e3i nh\u01b0 m\u1ed9t gi\u1ea3i ph\u00e1p thay th\u1ebf \u01b0u vi\u1ec7t cho th\u00e9p m\u1ea1 k\u1ebdm v\u00e0 nh\u00f4m h\u00f3a cho c\u00e1c \u1ee9ng d\u1ee5ng nh\u01b0 l\u1ee3p m\u00e1i v\u00e0 \u1ed1p t\u01b0\u1eddng, s\u1ea3n ph\u1ea9m tho\u00e1t n\u01b0\u1edbc m\u01b0a, ph\u1ee5 t\u00f9ng \u00f4 t\u00f4 v\u00e0 thi\u1ebft b\u1ecb gia d\u1ee5ng.<\/p>\n<h4>T\u00ednh n\u0103ng s\u1ea3n ph\u1ea9m<\/h4>\n<ul>\n<li class=\"paragraph\"><strong>Ch\u1ed1ng \u0103n m\u00f2n<\/strong>: Tuy\u1ec7t v\u1eddi, \u0111\u1eb7c bi\u1ec7t th\u00edch h\u1ee3p cho m\u00f4i tr\u01b0\u1eddng \u1ea9m \u01b0\u1edbt v\u00e0 c\u00f3 t\u00ednh axit.<\/li>\n<li class=\"paragraph\"><strong class=\"\">Ph\u1ea3n x\u1ea1 nhi\u1ec7t<\/strong>: T\u1ed1t, gi\u00fap gi\u1ea3m s\u1ef1 t\u00edch t\u1ee5 nhi\u1ec7t trong m\u00f4i tr\u01b0\u1eddng c\u00f3 nhi\u1ec7t \u0111\u1ed9 cao.<\/li>\n<li class=\"paragraph\"><strong>Kh\u1ea3 n\u0103ng ch\u1ecbu nhi\u1ec7t \u0111\u1ed9 cao<\/strong>: C\u00f3 kh\u1ea3 n\u0103ng ch\u1ecbu \u0111\u01b0\u1ee3c nhi\u1ec7t \u0111\u1ed9 cao h\u01a1n.<\/li>\n<li class=\"paragraph\"><strong>Hi\u1ec7u su\u1ea5t x\u1eed l\u00fd<\/strong>: T\u1ed1t, ph\u00f9 h\u1ee3p cho c\u00e1c ho\u1ea1t \u0111\u1ed9ng c\u1eaft v\u00e0 u\u1ed1n th\u00f4ng th\u01b0\u1eddng.<\/li>\n<\/ul>\n<h4>\u1ee8ng d\u1ee5ng<\/h4>\n<p>T\u1ea5m nh\u00f4m m\u1ea1 k\u1ebdm l\u00e0 v\u1eadt li\u1ec7u kim lo\u1ea1i \u0111a ch\u1ee9c n\u0103ng c\u00f3 hi\u1ec7u su\u1ea5t v\u01b0\u1ee3t tr\u1ed9i v\u00e0 ph\u1ea1m vi \u1ee9ng d\u1ee5ng r\u1ed9ng r\u00e3i:<\/p>\n<div class=\"paragraph\"><strong class=\"\">S\u1ef1 thi c\u00f4ng<\/strong>: \u0110\u01b0\u1ee3c s\u1eed d\u1ee5ng cho m\u00e1i nh\u00e0, t\u01b0\u1eddng, nh\u00e0 \u0111\u1ec3 xe, t\u01b0\u1eddng c\u00e1ch \u00e2m, \u0111\u01b0\u1eddng \u1ed1ng v\u00e0 nh\u00e0 l\u1eafp gh\u00e9p.<\/div>\n<div class=\"paragraph\"><strong>\u00d4 t\u00f4<\/strong>: C\u00e1c b\u1ed9 ph\u1eadn nh\u01b0 \u1ed1ng x\u1ea3, \u1ed1ng x\u1ea3, ph\u1ee5 ki\u1ec7n g\u1ea1t n\u01b0\u1edbc, b\u00ecnh nhi\u00ean li\u1ec7u v\u00e0 th\u00f9ng xe t\u1ea3i.<\/div>\n<div class=\"paragraph\"><strong class=\"\">Thi\u1ebft b\u1ecb gia d\u1ee5ng<\/strong>: M\u1eb7t sau t\u1ee7 l\u1ea1nh, b\u1ebfp gas, m\u00e1y \u0111i\u1ec1u h\u00f2a, l\u00f2 vi s\u00f3ng \u0111i\u1ec7n t\u1eed, <a href=\"https:\/\/en.wikipedia.org\/wiki\/Liquid-crystal_display\" target=\"_blank\" rel=\"noopener\">M\u00e0n h\u00ecnh LCD<\/a> khung v\u00e0 v\u1ecf thi\u1ebft b\u1ecb kh\u00e1c.<\/div>\n<div class=\"paragraph\"><strong>S\u1eed d\u1ee5ng trong n\u00f4ng nghi\u1ec7p<\/strong>: Chu\u1ed3ng l\u1ee3n, chu\u1ed3ng g\u00e0, kho th\u00f3c v\u00e0 \u1ed1ng nh\u00e0 k\u00ednh.<\/div>\n<div class=\"paragraph\"><strong>C\u00e1c \u1ee9ng d\u1ee5ng kh\u00e1c<\/strong>: V\u1ecf c\u00e1ch nhi\u1ec7t, b\u1ed9 trao \u0111\u1ed5i nhi\u1ec7t, m\u00e1y s\u1ea5y, m\u00e1y n\u01b0\u1edbc n\u00f3ng v\u00e0 c\u00e1c th\u00e0nh ph\u1ea7n c\u00f4ng nghi\u1ec7p kh\u00e1c.<\/div>\n<h4>T\u1ea1i sao ch\u1ecdn ch\u00fang t\u00f4i?<\/h4>\n<p>Ch\u00fang t\u00f4i c\u00f3 c\u01a1 s\u1edf s\u1ea3n xu\u1ea5t h\u1ea1ng nh\u1ea5t v\u00e0 m\u00f4i tr\u01b0\u1eddng nh\u00e0 m\u00e1y hi\u1ec7n \u0111\u1ea1i, c\u00f3 th\u1ec3 cung c\u1ea5p cho b\u1ea1n c\u00e1c s\u1ea3n ph\u1ea9m v\u1eadt li\u1ec7u kim lo\u1ea1i ch\u1ea5t l\u01b0\u1ee3ng cao. Ch\u00e0o m\u1eebng \u0111\u1ebfn v\u1edbi <a href=\"https:\/\/www.huanhaizhongke.com\/vi\/contact-us\/\">li\u00ean h\u1ec7 v\u1edbi ch\u00fang t\u00f4i<\/a> \u0111\u1ec3 c\u00f3 \u0111\u01b0\u1ee3c gi\u1ea3i ph\u00e1p v\u1eadt li\u1ec7u kim lo\u1ea1i ph\u00f9 h\u1ee3p v\u1edbi b\u1ea1n.<\/p>","protected":false},"excerpt":{"rendered":"<p>T\u1ea5m Galvalume l\u00e0 v\u1eadt li\u1ec7u \u0111\u01b0\u1ee3c ph\u1ee7 h\u1ee3p kim nh\u00f4m-k\u1ebdm tr\u00ean b\u1ec1 m\u1eb7t c\u1ee7a t\u1ea5m th\u00e9p, c\u00f3 th\u1ec3 c\u1ea3i thi\u1ec7n \u0111\u00e1ng k\u1ec3 kh\u1ea3 n\u0103ng ch\u1ed1ng \u0103n m\u00f2n v\u00e0 kh\u1ea3 n\u0103ng ch\u1ecbu nhi\u1ec7t \u0111\u1ed9 cao c\u1ee7a t\u1ea5m th\u00e9p.<\/p>","protected":false},"featured_media":945,"template":"","meta":{"_gspb_post_css":""},"product_brand":[],"product_cat":[32],"product_tag":[],"class_list":{"0":"post-943","1":"product","2":"type-product","3":"status-publish","4":"has-post-thumbnail","6":"product_cat-aluminum-zinc-coating-coil-plate","8":"first","9":"instock","10":"shipping-taxable","11":"product-type-simple"},"_links":{"self":[{"href":"https:\/\/www.huanhaizhongke.com\/vi\/wp-json\/wp\/v2\/product\/943","targetHints":{"allow":["GET"]}}],"collection":[{"href":"https:\/\/www.huanhaizhongke.com\/vi\/wp-json\/wp\/v2\/product"}],"about":[{"href":"https:\/\/www.huanhaizhongke.com\/vi\/wp-json\/wp\/v2\/types\/product"}],"wp:featuredmedia":[{"embeddable":true,"href":"https:\/\/www.huanhaizhongke.com\/vi\/wp-json\/wp\/v2\/media\/945"}],"wp:attachment":[{"href":"https:\/\/www.huanhaizhongke.com\/vi\/wp-json\/wp\/v2\/media?parent=943"}],"wp:term":[{"taxonomy":"product_brand","embeddable":true,"href":"https:\/\/www.huanhaizhongke.com\/vi\/wp-json\/wp\/v2\/product_brand?post=943"},{"taxonomy":"product_cat","embeddable":true,"href":"https:\/\/www.huanhaizhongke.com\/vi\/wp-json\/wp\/v2\/product_cat?post=943"},{"taxonomy":"product_tag","embeddable":true,"href":"https:\/\/www.huanhaizhongke.com\/vi\/wp-json\/wp\/v2\/product_tag?post=943"}],"curies":[{"name":"wp","href":"https:\/\/api.w.org\/{rel}","templated":true}]}}