{"id":598,"date":"2025-01-15T03:19:04","date_gmt":"2025-01-15T03:19:04","guid":{"rendered":"https:\/\/huanhaizhongke.com\/?post_type=product&#038;p=598"},"modified":"2025-03-06T03:26:10","modified_gmt":"2025-03-06T03:26:10","slug":"copper-coil","status":"publish","type":"product","link":"https:\/\/www.huanhaizhongke.com\/vi\/product\/copper-coil\/","title":{"rendered":"Cu\u1ed9n \u0110\u1ed3ng"},"content":{"rendered":"<h4>Cu\u1ed9n d\u00e2y \u0111\u1ed3ng l\u00e0 g\u00ec?<\/h4>\n<p>Cu\u1ed9n d\u00e2y \u0111\u1ed3ng l\u00e0 m\u1ed9t lo\u1ea1i d\u00e2y d\u1eabn \u0111i\u1ec7n \u0111\u01b0\u1ee3c l\u00e0m t\u1eeb s\u1ee3i \u0111\u1ed3ng \u0111\u01b0\u1ee3c qu\u1ea5n theo h\u00ecnh xo\u1eafn \u1ed1c quanh l\u00f5i. N\u00f3 \u0111\u01b0\u1ee3c s\u1eed d\u1ee5ng r\u1ed9ng r\u00e3i trong nhi\u1ec1u ng\u00e0nh c\u00f4ng nghi\u1ec7p nh\u1edd kh\u1ea3 n\u0103ng d\u1eabn \u0111i\u1ec7n v\u00e0 d\u1eabn nhi\u1ec7t tuy\u1ec7t v\u1eddi, ch\u1ed1ng \u0103n m\u00f2n v\u00e0 \u0111\u1ed9 b\u1ec1n cao.<\/p>\n<h4>T\u00ednh n\u0103ng s\u1ea3n ph\u1ea9m<\/h4>\n<ul>\n<li class=\"paragraph\"><strong>\u0110\u1ed9 d\u1eabn \u0111i\u1ec7n cao<\/strong>:\u0110\u1ed3ng c\u00f3 kh\u1ea3 n\u0103ng d\u1eabn \u0111i\u1ec7n v\u00e0 d\u1eabn nhi\u1ec7t v\u01b0\u1ee3t tr\u1ed9i, l\u00fd t\u01b0\u1edfng cho c\u00e1c \u1ee9ng d\u1ee5ng li\u00ean quan \u0111\u1ebfn truy\u1ec1n n\u0103ng l\u01b0\u1ee3ng, s\u01b0\u1edfi \u1ea5m v\u00e0 l\u00e0m m\u00e1t.<\/li>\n<li class=\"paragraph\"><strong class=\"\">\u0110\u1ed9 b\u1ec1n v\u00e0 tu\u1ed5i th\u1ecd<\/strong>: Cu\u1ed9n d\u00e2y \u0111\u1ed3ng c\u00f3 kh\u1ea3 n\u0103ng ch\u1ed1ng m\u00e0i m\u00f2n v\u00e0 \u0103n m\u00f2n, \u0111\u1ea3m b\u1ea3o hi\u1ec7u su\u1ea5t l\u00e2u d\u00e0i ngay c\u1ea3 trong m\u00f4i tr\u01b0\u1eddng kh\u1eafc nghi\u1ec7t.<\/li>\n<li class=\"paragraph\"><strong class=\"\">D\u1ec5 ch\u1ebf t\u1ea1o<\/strong>:\u0110\u1ed3ng d\u1ec5 d\u00e0ng \u0111\u01b0\u1ee3c \u0111\u1ecbnh h\u00ecnh v\u00e0 t\u1ea1o h\u00ecnh, cho ph\u00e9p th\u1ef1c hi\u1ec7n k\u1ef9 thu\u1eadt ch\u00ednh x\u00e1c \u0111\u1ec3 \u0111\u00e1p \u1ee9ng c\u00e1c y\u00eau c\u1ea7u \u1ee9ng d\u1ee5ng c\u1ee5 th\u1ec3.<\/li>\n<li class=\"paragraph\"><strong>T\u00ednh b\u1ec1n v\u1eefng<\/strong>:\u0110\u1ed3ng c\u00f3 th\u1ec3 t\u00e1i ch\u1ebf ho\u00e0n to\u00e0n m\u00e0 kh\u00f4ng m\u1ea5t \u0111i c\u00e1c \u0111\u1eb7c t\u00ednh ban \u0111\u1ea7u, khi\u1ebfn n\u00f3 tr\u1edf th\u00e0nh v\u1eadt li\u1ec7u th\u00e2n thi\u1ec7n v\u1edbi m\u00f4i tr\u01b0\u1eddng.<\/li>\n<\/ul>\n<h3 class=\"\">\u1ee8ng d\u1ee5ng<\/h3>\n<ul>\n<li>\n<div class=\"paragraph\"><strong>H\u1ec7 th\u1ed1ng \u0111i\u1ec7n<\/strong>: \u0110\u01b0\u1ee3c s\u1eed d\u1ee5ng trong m\u00e1y bi\u1ebfn \u00e1p, \u0111\u1ed9ng c\u01a1 v\u00e0 m\u00e1y ph\u00e1t \u0111i\u1ec7n \u0111\u1ec3 truy\u1ec1n n\u0103ng l\u01b0\u1ee3ng \u0111i\u1ec7n hi\u1ec7u qu\u1ea3.<\/div>\n<\/li>\n<li>\n<div class=\"paragraph\"><strong class=\"\">H\u1ec7 th\u1ed1ng HVAC<\/strong>: \u0110\u01b0\u1ee3c s\u1eed d\u1ee5ng trong c\u00e1c cu\u1ed9n d\u00e2y bay h\u01a1i v\u00e0 ng\u01b0ng t\u1ee5 \u0111\u1ec3 trao \u0111\u1ed5i nhi\u1ec7t hi\u1ec7u qu\u1ea3 trong \u0111i\u1ec1u h\u00f2a kh\u00f4ng kh\u00ed v\u00e0 l\u00e0m l\u1ea1nh.<\/div>\n<\/li>\n<li>\n<div class=\"paragraph\"><strong>N\u0103ng l\u01b0\u1ee3ng t\u00e1i t\u1ea1o<\/strong>: Kh\u00f4ng th\u1ec3 thi\u1ebfu trong h\u1ec7 th\u1ed1ng n\u0103ng l\u01b0\u1ee3ng m\u1eb7t tr\u1eddi v\u00e0 n\u0103ng l\u01b0\u1ee3ng gi\u00f3 \u0111\u1ec3 truy\u1ec1n t\u1ea3i n\u0103ng l\u01b0\u1ee3ng hi\u1ec7u qu\u1ea3.<\/div>\n<\/li>\n<li>\n<div class=\"paragraph\"><strong>\u00d4 t\u00f4 v\u00e0 H\u00e0ng kh\u00f4ng<\/strong>: \u0110\u01b0\u1ee3c s\u1eed d\u1ee5ng trong b\u1ed9 t\u1ea3n nhi\u1ec7t, <a href=\"https:\/\/en.wikipedia.org\/wiki\/Fuel_line\" target=\"_blank\" rel=\"noopener\">\u0111\u01b0\u1eddng \u1ed1ng nhi\u00ean li\u1ec7u<\/a>v\u00e0 c\u00e1c b\u1ed9 ph\u1eadn \u0111\u1ed9ng c\u01a1 do c\u00f3 \u0111\u1ed9 b\u1ec1n cao v\u00e0 kh\u1ea3 n\u0103ng ch\u1ed1ng \u0103n m\u00f2n.<\/div>\n<\/li>\n<li>\n<div class=\"paragraph\"><strong>Thi\u1ebft b\u1ecb y t\u1ebf<\/strong>: \u0110\u01b0\u1ee3c s\u1eed d\u1ee5ng trong c\u00e1c thi\u1ebft b\u1ecb ch\u1ea9n \u0111o\u00e1n v\u00e0 \u0111i\u1ec1u tr\u1ecb v\u00ec t\u00ednh ch\u1ea5t kh\u00e1ng khu\u1ea9n v\u00e0 \u0111\u1ed9 tin c\u1eady c\u1ee7a ch\u00fang.<\/div>\n<\/li>\n<\/ul>\n<h4>T\u1ea1i sao ch\u1ecdn ch\u00fang t\u00f4i?<\/h4>\n<p>Ch\u00fang t\u00f4i c\u00f3 c\u01a1 s\u1edf s\u1ea3n xu\u1ea5t h\u1ea1ng nh\u1ea5t v\u00e0 m\u00f4i tr\u01b0\u1eddng nh\u00e0 m\u00e1y hi\u1ec7n \u0111\u1ea1i, c\u00f3 th\u1ec3 cung c\u1ea5p cho b\u1ea1n c\u00e1c s\u1ea3n ph\u1ea9m v\u1eadt li\u1ec7u kim lo\u1ea1i ch\u1ea5t l\u01b0\u1ee3ng cao. Ch\u00e0o m\u1eebng \u0111\u1ebfn v\u1edbi <a href=\"https:\/\/www.huanhaizhongke.com\/vi\/contact-us\/\">li\u00ean h\u1ec7 v\u1edbi ch\u00fang t\u00f4i<\/a> \u0111\u1ec3 c\u00f3 \u0111\u01b0\u1ee3c gi\u1ea3i ph\u00e1p v\u1eadt li\u1ec7u kim lo\u1ea1i ph\u00f9 h\u1ee3p v\u1edbi b\u1ea1n.<\/p>","protected":false},"excerpt":{"rendered":"<p>Cu\u1ed9n d\u00e2y \u0111\u1ed3ng l\u00e0 v\u1eadt li\u1ec7u d\u1ea1ng d\u1ea3i \u0111\u01b0\u1ee3c l\u00e0m t\u1eeb \u0111\u1ed3ng nguy\u00ean ch\u1ea5t ho\u1eb7c h\u1ee3p kim \u0111\u1ed3ng, c\u00f3 kh\u1ea3 n\u0103ng d\u1eabn \u0111i\u1ec7n v\u00e0 ch\u1ed1ng \u0103n m\u00f2n tuy\u1ec7t v\u1eddi.<\/p>","protected":false},"featured_media":612,"template":"","meta":{"_gspb_post_css":""},"product_brand":[],"product_cat":[27],"product_tag":[],"class_list":{"0":"post-598","1":"product","2":"type-product","3":"status-publish","4":"has-post-thumbnail","6":"product_cat-copper","8":"first","9":"instock","10":"shipping-taxable","11":"product-type-simple"},"_links":{"self":[{"href":"https:\/\/www.huanhaizhongke.com\/vi\/wp-json\/wp\/v2\/product\/598","targetHints":{"allow":["GET"]}}],"collection":[{"href":"https:\/\/www.huanhaizhongke.com\/vi\/wp-json\/wp\/v2\/product"}],"about":[{"href":"https:\/\/www.huanhaizhongke.com\/vi\/wp-json\/wp\/v2\/types\/product"}],"wp:featuredmedia":[{"embeddable":true,"href":"https:\/\/www.huanhaizhongke.com\/vi\/wp-json\/wp\/v2\/media\/612"}],"wp:attachment":[{"href":"https:\/\/www.huanhaizhongke.com\/vi\/wp-json\/wp\/v2\/media?parent=598"}],"wp:term":[{"taxonomy":"product_brand","embeddable":true,"href":"https:\/\/www.huanhaizhongke.com\/vi\/wp-json\/wp\/v2\/product_brand?post=598"},{"taxonomy":"product_cat","embeddable":true,"href":"https:\/\/www.huanhaizhongke.com\/vi\/wp-json\/wp\/v2\/product_cat?post=598"},{"taxonomy":"product_tag","embeddable":true,"href":"https:\/\/www.huanhaizhongke.com\/vi\/wp-json\/wp\/v2\/product_tag?post=598"}],"curies":[{"name":"wp","href":"https:\/\/api.w.org\/{rel}","templated":true}]}}