{"id":590,"date":"2025-01-15T03:06:35","date_gmt":"2025-01-15T03:06:35","guid":{"rendered":"https:\/\/huanhaizhongke.com\/?post_type=product&#038;p=590"},"modified":"2025-03-06T03:26:27","modified_gmt":"2025-03-06T03:26:27","slug":"copper-rod","status":"publish","type":"product","link":"https:\/\/www.huanhaizhongke.com\/vi\/product\/copper-rod\/","title":{"rendered":"Thanh \u0111\u1ed3ng"},"content":{"rendered":"<h4>Thanh \u0111\u1ed3ng l\u00e0 g\u00ec?<\/h4>\n<p>Thanh \u0111\u1ed3ng l\u00e0 m\u1ed9t s\u1ea3n ph\u1ea9m kim lo\u1ea1i \u0111a n\u0103ng \u0111\u01b0\u1ee3c bi\u1ebft \u0111\u1ebfn v\u1edbi \u0111\u1ed9 d\u1eabn \u0111i\u1ec7n, d\u1eabn nhi\u1ec7t v\u00e0 ch\u1ed1ng \u0103n m\u00f2n tuy\u1ec7t v\u1eddi. N\u00f3 \u0111\u01b0\u1ee3c s\u1eed d\u1ee5ng r\u1ed9ng r\u00e3i trong nhi\u1ec1u ng\u00e0nh c\u00f4ng nghi\u1ec7p kh\u00e1c nhau do c\u00e1c \u0111\u1eb7c t\u00ednh v\u01b0\u1ee3t tr\u1ed9i v\u00e0 d\u1ec5 gia c\u00f4ng.<\/p>\n<h4>T\u00ednh n\u0103ng s\u1ea3n ph\u1ea9m<\/h4>\n<ul>\n<li class=\"paragraph\"><strong class=\"\">\u0110\u1ed9 d\u1eabn \u0111i\u1ec7n cao<\/strong>: Thanh \u0111\u1ed3ng c\u00f3 \u0111\u1ed9 d\u1eabn \u0111i\u1ec7n g\u1ea7n nh\u01b0 cao nh\u1ea5t trong s\u1ed1 c\u00e1c kim lo\u1ea1i, khi\u1ebfn ch\u00fang tr\u1edf n\u00ean l\u00fd t\u01b0\u1edfng cho c\u00e1c \u1ee9ng d\u1ee5ng \u0111i\u1ec7n. Ch\u00fang c\u0169ng c\u00f3 \u0111\u1ed9 d\u1eabn nhi\u1ec7t tuy\u1ec7t v\u1eddi.<\/li>\n<li class=\"paragraph\"><strong class=\"\">S\u1ee9c m\u1ea1nh c\u01a1 h\u1ecdc<\/strong>:Thanh \u0111\u1ed3ng b\u1ec1n nh\u01b0ng d\u1ec5 u\u1ed1n, do \u0111\u00f3 c\u00f3 th\u1ec3 d\u1ec5 d\u00e0ng gia c\u00f4ng, u\u1ed1n cong ho\u1eb7c \u0111\u1ecbnh h\u00ecnh.<\/li>\n<li class=\"paragraph\"><strong>Ch\u1ed1ng \u0103n m\u00f2n<\/strong>:\u0110\u1ed3ng t\u1ef1 nhi\u00ean t\u1ea1o th\u00e0nh l\u1edbp oxit b\u1ea3o v\u1ec7 gi\u00fap ng\u0103n ng\u1eeba s\u1ef1 \u0103n m\u00f2n th\u00eam, do \u0111\u00f3 th\u00edch h\u1ee3p v\u1edbi nh\u1eefng m\u00f4i tr\u01b0\u1eddng kh\u1eafc nghi\u1ec7t.<\/li>\n<li class=\"paragraph\"><strong>Nhi\u1ec1u k\u00edch th\u01b0\u1edbc v\u00e0 h\u00ecnh d\u1ea1ng<\/strong>: C\u00f3 s\u1eb5n h\u00ecnh tr\u00f2n, h\u00ecnh vu\u00f4ng v\u00e0 h\u00ecnh l\u1ee5c gi\u00e1c, v\u1edbi \u0111\u01b0\u1eddng k\u00ednh t\u1eeb v\u00e0i milim\u00e9t \u0111\u1ebfn v\u00e0i cm.<\/li>\n<\/ul>\n<h4>\u1ee8ng d\u1ee5ng<\/h4>\n<ul>\n<li class=\"paragraph\"><strong class=\"\">K\u1ef9 thu\u1eadt \u0111i\u1ec7n<\/strong>: \u0110\u01b0\u1ee3c s\u1eed d\u1ee5ng \u0111\u1ec3 s\u1ea3n xu\u1ea5t d\u00e2y \u0111i\u1ec7n, c\u00e1p \u0111i\u1ec7n v\u00e0 thanh c\u00e1i \u0111\u1ec3 truy\u1ec1n t\u1ea3i v\u00e0 ph\u00e2n ph\u1ed1i \u0111i\u1ec7n.<\/li>\n<li class=\"paragraph\"><strong class=\"\">\u0110i\u1ec7n t\u1eed<\/strong>: L\u00fd t\u01b0\u1edfng \u0111\u1ec3 s\u1ea3n xu\u1ea5t linh ki\u1ec7n \u0111i\u1ec7n t\u1eed, \u0111i\u1ec7n c\u1ef1c h\u00e0n \u0111i\u1ec7n tr\u1edf v\u00e0 <a href=\"https:\/\/en.wikipedia.org\/wiki\/Electrical_discharge_machining\" target=\"_blank\" rel=\"noopener\">Nh\u1ea1c EDM<\/a> \u0111i\u1ec7n c\u1ef1c.<\/li>\n<li class=\"paragraph\"><strong>X\u00e2y d\u1ef1ng v\u00e0 \u1ed1ng n\u01b0\u1edbc<\/strong>: Th\u01b0\u1eddng \u0111\u01b0\u1ee3c s\u1eed d\u1ee5ng cho \u0111\u01b0\u1eddng \u1ed1ng n\u01b0\u1edbc, c\u00e1c v\u1eadt li\u1ec7u trang tr\u00ed v\u00e0 v\u1eadt li\u1ec7u l\u1ee3p m\u00e1i do kh\u1ea3 n\u0103ng ch\u1ed1ng \u0103n m\u00f2n.<\/li>\n<li class=\"paragraph\"><strong>S\u1ea3n xu\u1ea5t c\u01a1 kh\u00ed<\/strong>: \u0110\u01b0\u1ee3c s\u1eed d\u1ee5ng \u0111\u1ec3 s\u1ea3n xu\u1ea5t khu\u00f4n m\u1eabu, v\u00f2ng bi, b\u00e1nh r\u0103ng v\u00e0 c\u00e1c b\u1ed9 ph\u1eadn c\u01a1 kh\u00ed kh\u00e1c.<\/li>\n<li class=\"paragraph\"><strong>H\u00e0ng kh\u00f4ng v\u0169 tr\u1ee5<\/strong>: \u0110\u01b0\u1ee3c s\u1eed d\u1ee5ng cho c\u00e1c th\u00e0nh ph\u1ea7n ch\u1ecbu nhi\u1ec7t, c\u00f3 \u0111\u1ed9 b\u1ec1n cao trong m\u00e1y bay v\u00e0 t\u00e0u v\u0169 tr\u1ee5.<\/li>\n<\/ul>\n<h4>T\u1ea1i sao ch\u1ecdn ch\u00fang t\u00f4i?<\/h4>\n<p>Ch\u00fang t\u00f4i c\u00f3 c\u01a1 s\u1edf s\u1ea3n xu\u1ea5t h\u1ea1ng nh\u1ea5t v\u00e0 m\u00f4i tr\u01b0\u1eddng nh\u00e0 m\u00e1y hi\u1ec7n \u0111\u1ea1i, c\u00f3 th\u1ec3 cung c\u1ea5p cho b\u1ea1n c\u00e1c s\u1ea3n ph\u1ea9m v\u1eadt li\u1ec7u kim lo\u1ea1i ch\u1ea5t l\u01b0\u1ee3ng cao. Ch\u00e0o m\u1eebng \u0111\u1ebfn v\u1edbi <a href=\"https:\/\/www.huanhaizhongke.com\/vi\/contact-us\/\">li\u00ean h\u1ec7 v\u1edbi ch\u00fang t\u00f4i<\/a> \u0111\u1ec3 c\u00f3 \u0111\u01b0\u1ee3c gi\u1ea3i ph\u00e1p v\u1eadt li\u1ec7u kim lo\u1ea1i ph\u00f9 h\u1ee3p v\u1edbi b\u1ea1n.<\/p>","protected":false},"excerpt":{"rendered":"<p>Thanh \u0111\u1ed3ng l\u00e0 v\u1eadt h\u00ecnh que \u0111\u01b0\u1ee3c l\u00e0m b\u1eb1ng \u0111\u1ed3ng ho\u1eb7c h\u1ee3p kim \u0111\u1ed3ng.<\/p>","protected":false},"featured_media":591,"template":"","meta":{"_gspb_post_css":""},"product_brand":[],"product_cat":[27],"product_tag":[],"class_list":{"0":"post-590","1":"product","2":"type-product","3":"status-publish","4":"has-post-thumbnail","6":"product_cat-copper","8":"first","9":"instock","10":"shipping-taxable","11":"product-type-simple"},"_links":{"self":[{"href":"https:\/\/www.huanhaizhongke.com\/vi\/wp-json\/wp\/v2\/product\/590","targetHints":{"allow":["GET"]}}],"collection":[{"href":"https:\/\/www.huanhaizhongke.com\/vi\/wp-json\/wp\/v2\/product"}],"about":[{"href":"https:\/\/www.huanhaizhongke.com\/vi\/wp-json\/wp\/v2\/types\/product"}],"wp:featuredmedia":[{"embeddable":true,"href":"https:\/\/www.huanhaizhongke.com\/vi\/wp-json\/wp\/v2\/media\/591"}],"wp:attachment":[{"href":"https:\/\/www.huanhaizhongke.com\/vi\/wp-json\/wp\/v2\/media?parent=590"}],"wp:term":[{"taxonomy":"product_brand","embeddable":true,"href":"https:\/\/www.huanhaizhongke.com\/vi\/wp-json\/wp\/v2\/product_brand?post=590"},{"taxonomy":"product_cat","embeddable":true,"href":"https:\/\/www.huanhaizhongke.com\/vi\/wp-json\/wp\/v2\/product_cat?post=590"},{"taxonomy":"product_tag","embeddable":true,"href":"https:\/\/www.huanhaizhongke.com\/vi\/wp-json\/wp\/v2\/product_tag?post=590"}],"curies":[{"name":"wp","href":"https:\/\/api.w.org\/{rel}","templated":true}]}}