{"id":574,"date":"2025-01-15T02:31:30","date_gmt":"2025-01-15T02:31:30","guid":{"rendered":"https:\/\/huanhaizhongke.com\/?post_type=product&#038;p=574"},"modified":"2025-03-06T03:27:00","modified_gmt":"2025-03-06T03:27:00","slug":"scrap-copper","status":"publish","type":"product","link":"https:\/\/www.huanhaizhongke.com\/vi\/product\/scrap-copper\/","title":{"rendered":"\u0110\u1ed3ng ph\u1ebf li\u1ec7u"},"content":{"rendered":"<h4>\u0110\u1ed3ng ph\u1ebf li\u1ec7u l\u00e0 g\u00ec?<\/h4>\n<p>\u0110\u1ed3ng ph\u1ebf li\u1ec7u l\u00e0 v\u1eadt li\u1ec7u \u0111\u1ed3ng b\u1ecb lo\u1ea1i b\u1ecf ho\u1eb7c d\u01b0 th\u1eeba, c\u00f3 th\u1ec3 \u0111\u01b0\u1ee3c t\u00e1i ch\u1ebf v\u00e0 t\u00e1i s\u1eed d\u1ee5ng t\u1eeb nhi\u1ec1u ngu\u1ed3n kh\u00e1c nhau, bao g\u1ed3m ch\u1ea5t th\u1ea3i t\u1eeb c\u00e1c quy tr\u00ecnh s\u1ea3n xu\u1ea5t c\u00f4ng nghi\u1ec7p, s\u1ea3n ph\u1ea9m ti\u00eau d\u00f9ng b\u1ecb lo\u1ea1i b\u1ecf v\u00e0 c\u00e1c th\u00e0nh ph\u1ea7n c\u01a1 s\u1edf h\u1ea1 t\u1ea7ng l\u1ed7i th\u1eddi. \u0110\u1ed3ng ph\u1ebf li\u1ec7u r\u1ea5t c\u00f3 gi\u00e1 tr\u1ecb v\u00ec c\u00f3 th\u1ec3 \u0111\u01b0\u1ee3c t\u00e1i ch\u1ebf v\u00e0 v\u1eabn gi\u1eef \u0111\u01b0\u1ee3c h\u1ea7u h\u1ebft c\u00e1c \u0111\u1eb7c t\u00ednh c\u1ee7a \u0111\u1ed3ng nguy\u00ean ch\u1ea5t, ch\u1eb3ng h\u1ea1n nh\u01b0 \u0111\u1ed9 d\u1eabn \u0111i\u1ec7n v\u00e0 d\u1eabn nhi\u1ec7t tuy\u1ec7t v\u1eddi.<\/p>\n<h4>T\u00ednh n\u0103ng s\u1ea3n ph\u1ea9m<\/h4>\n<ul>\n<li class=\"paragraph\"><strong class=\"\">Kh\u1ea3 n\u0103ng t\u00e1i ch\u1ebf cao<\/strong>:\u0110\u1ed3ng c\u00f3 th\u1ec3 \u0111\u01b0\u1ee3c t\u00e1i ch\u1ebf nhi\u1ec1u l\u1ea7n m\u00e0 kh\u00f4ng l\u00e0m m\u1ea5t \u0111i c\u00e1c \u0111\u1eb7c t\u00ednh c\u1ee7a n\u00f3, khi\u1ebfn \u0111\u1ed3ng ph\u1ebf li\u1ec7u tr\u1edf th\u00e0nh ngu\u1ed3n t\u00e0i nguy\u00ean quan tr\u1ecdng cho s\u1ea3n xu\u1ea5t b\u1ec1n v\u1eefng.<\/li>\n<li class=\"paragraph\"><strong>Gi\u00e1 tr\u1ecb kinh t\u1ebf<\/strong>: N\u00f3 th\u01b0\u1eddng \u0111\u01b0\u1ee3c b\u00e1n v\u00e0 giao d\u1ecbch d\u1ef1a tr\u00ean \u0111\u1ed9 tinh khi\u1ebft v\u00e0 h\u00ecnh th\u1ee9c c\u1ee7a n\u00f3, v\u00e0 gi\u00e1 c\u1ee7a n\u00f3 b\u1ecb \u1ea3nh h\u01b0\u1edfng b\u1edfi xu h\u01b0\u1edbng v\u00e0 nhu c\u1ea7u c\u1ee7a th\u1ecb tr\u01b0\u1eddng to\u00e0n c\u1ea7u.<\/li>\n<li class=\"paragraph\"><strong>L\u1ee3i \u00edch v\u1ec1 m\u00f4i tr\u01b0\u1eddng<\/strong>:T\u00e1i ch\u1ebf \u0111\u1ed3ng ph\u1ebf li\u1ec7u l\u00e0m gi\u1ea3m nhu c\u1ea7u khai th\u00e1c v\u00e0 tinh ch\u1ebf \u0111\u1ed3ng nguy\u00ean ch\u1ea5t, gi\u00fap b\u1ea3o t\u1ed3n t\u00e0i nguy\u00ean thi\u00ean nhi\u00ean v\u00e0 gi\u1ea3m m\u1ee9c ti\u00eau th\u1ee5 n\u0103ng l\u01b0\u1ee3ng c\u0169ng nh\u01b0 l\u01b0\u1ee3ng kh\u00ed th\u1ea3i.<\/li>\n<li class=\"paragraph\"><strong class=\"\">T\u00ednh linh ho\u1ea1t<\/strong>: C\u00f3 th\u1ec3 t\u00e1i ch\u1ebf th\u00e0nh c\u00e1c s\u1ea3n ph\u1ea9m m\u1edbi nh\u01b0 d\u00e2y \u0111i\u1ec7n, \u1ed1ng v\u00e0 c\u00e1c b\u1ed9 ph\u1eadn c\u00f4ng nghi\u1ec7p m\u00e0 kh\u00f4ng l\u00e0m gi\u1ea3m \u0111\u00e1ng k\u1ec3 ch\u1ea5t l\u01b0\u1ee3ng.<\/li>\n<\/ul>\n<div>\n<h4>T\u1ea7m quan tr\u1ecdng c\u1ee7a \u0111\u1ed3ng ph\u1ebf li\u1ec7u<\/h4>\n<ul>\n<li>\n<div class=\"paragraph\"><strong>T\u00ednh b\u1ec1n v\u1eefng<\/strong>:T\u00e1i ch\u1ebf ph\u1ebf li\u1ec7u \u0111\u1ed3ng gi\u00fap gi\u1ea3m t\u00e1c \u0111\u1ed9ng \u0111\u1ebfn m\u00f4i tr\u01b0\u1eddng v\u00e0 b\u1ea3o t\u1ed3n t\u00e0i nguy\u00ean thi\u00ean nhi\u00ean.<\/div>\n<\/li>\n<li>\n<div class=\"paragraph\"><strong>T\u00e1c \u0111\u1ed9ng kinh t\u1ebf<\/strong>:Ng\u00e0nh c\u00f4ng nghi\u1ec7p \u0111\u1ed3ng ph\u1ebf li\u1ec7u h\u1ed7 tr\u1ee3 vi\u1ec7c l\u00e0m trong l\u0129nh v\u1ef1c t\u00e1i ch\u1ebf, ch\u1ebf bi\u1ebfn v\u00e0 bu\u00f4n b\u00e1n, g\u00f3p ph\u1ea7n v\u00e0o n\u1ec1n kinh t\u1ebf tu\u1ea7n ho\u00e0n.<\/div>\n<\/li>\n<li>\n<div class=\"paragraph\"><strong class=\"\">S\u1ef1 \u1ed5n \u0111\u1ecbnh ngu\u1ed3n cung<\/strong>: Gi\u00fap \u0111\u00e1p \u1ee9ng nhu c\u1ea7u \u0111\u1ed3ng to\u00e0n c\u1ea7u, \u0111\u1eb7c bi\u1ec7t l\u00e0 khi s\u1ea3n xu\u1ea5t ch\u00ednh g\u1eb7p nhi\u1ec1u th\u00e1ch th\u1ee9c.<\/div>\n<\/li>\n<\/ul>\n<h4 class=\"paragraph\">L\u1ee3i \u00edch v\u1ec1 m\u00f4i tr\u01b0\u1eddng:<\/h4>\n<ul>\n<li class=\"paragraph\"><strong>B\u1ea3o t\u1ed3n t\u00e0i nguy\u00ean thi\u00ean nhi\u00ean<\/strong>:\u0110\u1ed3ng l\u00e0 ngu\u1ed3n t\u00e0i nguy\u00ean h\u1eefu h\u1ea1n v\u00e0 vi\u1ec7c t\u00e1i ch\u1ebf gi\u00fap gi\u1ea3m nhu c\u1ea7u khai th\u00e1c qu\u1eb7ng \u0111\u1ed3ng m\u1edbi, b\u1ea3o t\u1ed3n c\u00e1c ngu\u1ed3n t\u00e0i nguy\u00ean thi\u00ean nhi\u00ean qu\u00fd gi\u00e1.<\/li>\n<li class=\"paragraph\"><strong>Ti\u00eau th\u1ee5 n\u0103ng l\u01b0\u1ee3ng th\u1ea5p h\u01a1n<\/strong>:T\u00e1i ch\u1ebf \u0111\u1ed3ng s\u1eed d\u1ee5ng \u00edt n\u0103ng l\u01b0\u1ee3ng h\u01a1n \u0111\u00e1ng k\u1ec3 so v\u1edbi khai th\u00e1c v\u00e0 tinh luy\u1ec7n \u0111\u1ed3ng t\u1eeb qu\u1eb7ng, gi\u00fap gi\u1ea3m nhu c\u1ea7u n\u0103ng l\u01b0\u1ee3ng t\u1ed5ng th\u1ec3.<\/li>\n<li class=\"paragraph\"><strong class=\"\">Gi\u1ea3m ph\u00e1t th\u1ea3i kh\u00ed nh\u00e0 k\u00ednh<\/strong>: T\u00e1i ch\u1ebf \u0111\u1ed3ng t\u1ea1o ra \u00edt h\u01a1n <a href=\"https:\/\/en.wikipedia.org\/wiki\/Greenhouse_gas\" target=\"_blank\" rel=\"noopener\">kh\u00ed nh\u00e0 k\u00ednh<\/a> so v\u1edbi s\u1ea3n xu\u1ea5t ch\u00ednh, g\u00f3p ph\u1ea7n gi\u1ea3m thi\u1ec3u bi\u1ebfn \u0111\u1ed5i kh\u00ed h\u1eadu.<\/li>\n<li class=\"paragraph\"><strong>Gi\u1ea3m thi\u1ec3u ch\u1ea5t th\u1ea3i v\u00e0 \u00f4 nhi\u1ec5m<\/strong>:T\u00e1i ch\u1ebf \u0111\u1ed3ng l\u00e0m gi\u1ea3m kh\u1ed1i l\u01b0\u1ee3ng ch\u1ea5t th\u1ea3i \u0111\u01b0a \u0111\u1ebfn b\u00e3i ch\u00f4n l\u1ea5p, gi\u1ea3m nguy c\u01a1 \u00f4 nhi\u1ec5m \u0111\u1ea5t v\u00e0 n\u01b0\u1edbc.<\/li>\n<li class=\"paragraph\"><strong>Th\u00fac \u0111\u1ea9y n\u1ec1n kinh t\u1ebf tu\u1ea7n ho\u00e0n<\/strong>:T\u00e1i ch\u1ebf \u0111\u1ed3ng l\u00e0 m\u1ed9t th\u00e0nh ph\u1ea7n quan tr\u1ecdng c\u1ee7a n\u1ec1n kinh t\u1ebf tu\u1ea7n ho\u00e0n, n\u01a1i c\u00e1c ngu\u1ed3n t\u00e0i nguy\u00ean \u0111\u01b0\u1ee3c t\u00e1i s\u1eed d\u1ee5ng thay v\u00ec b\u1ecb lo\u1ea1i b\u1ecf, gi\u1ea3m s\u1ef1 ph\u1ee5 thu\u1ed9c v\u00e0o v\u1eadt li\u1ec7u nguy\u00ean sinh.<\/li>\n<li class=\"paragraph\"><strong>Gi\u1ea3m thi\u1ec3u t\u00e1c \u0111\u1ed9ng m\u00f4i tr\u01b0\u1eddng t\u1eeb khai th\u00e1c m\u1ecf<\/strong>:Gi\u1ea3m ho\u1ea1t \u0111\u1ed9ng khai th\u00e1c \u0111\u1ed3ng gi\u00fap b\u1ea3o v\u1ec7 h\u1ec7 sinh th\u00e1i v\u00e0 \u0111a d\u1ea1ng sinh h\u1ecdc, gi\u1ea3m thi\u1ec3u s\u1ef1 ph\u00e1 h\u1ee7y m\u00f4i tr\u01b0\u1eddng s\u1ed1ng.<\/li>\n<\/ul>\n<\/div>\n<h4>T\u1ea1i sao ch\u1ecdn ch\u00fang t\u00f4i?<\/h4>\n<p>Ch\u00fang t\u00f4i c\u00f3 c\u01a1 s\u1edf s\u1ea3n xu\u1ea5t h\u1ea1ng nh\u1ea5t v\u00e0 m\u00f4i tr\u01b0\u1eddng nh\u00e0 m\u00e1y hi\u1ec7n \u0111\u1ea1i, c\u00f3 th\u1ec3 cung c\u1ea5p cho b\u1ea1n c\u00e1c s\u1ea3n ph\u1ea9m v\u1eadt li\u1ec7u kim lo\u1ea1i ch\u1ea5t l\u01b0\u1ee3ng cao. Ch\u00e0o m\u1eebng \u0111\u1ebfn v\u1edbi <a href=\"https:\/\/www.huanhaizhongke.com\/vi\/contact-us\/\">li\u00ean h\u1ec7 v\u1edbi ch\u00fang t\u00f4i<\/a> \u0111\u1ec3 c\u00f3 \u0111\u01b0\u1ee3c gi\u1ea3i ph\u00e1p v\u1eadt li\u1ec7u kim lo\u1ea1i ph\u00f9 h\u1ee3p v\u1edbi b\u1ea1n.<\/p>","protected":false},"excerpt":{"rendered":"<p>\u0110\u1ed3ng ph\u1ebf li\u1ec7u l\u00e0 v\u1eadt li\u1ec7u ch\u1ee9a \u0111\u1ed3ng \u0111\u01b0\u1ee3c t\u00e1i ch\u1ebf t\u1eeb c\u00e1c s\u1ea3n ph\u1ea9m kim lo\u1ea1i ph\u1ebf li\u1ec7u, bao g\u1ed3m nh\u01b0ng kh\u00f4ng gi\u1edbi h\u1ea1n \u1edf d\u00e2y \u0111i\u1ec7n b\u1ecf \u0111i, \u0111\u1ed3 d\u00f9ng b\u1eb1ng \u0111\u1ed3ng c\u0169, v.v.<\/p>","protected":false},"featured_media":575,"template":"","meta":{"_gspb_post_css":""},"product_brand":[],"product_cat":[27],"product_tag":[],"class_list":{"0":"post-574","1":"product","2":"type-product","3":"status-publish","4":"has-post-thumbnail","6":"product_cat-copper","8":"first","9":"instock","10":"shipping-taxable","11":"product-type-simple"},"_links":{"self":[{"href":"https:\/\/www.huanhaizhongke.com\/vi\/wp-json\/wp\/v2\/product\/574","targetHints":{"allow":["GET"]}}],"collection":[{"href":"https:\/\/www.huanhaizhongke.com\/vi\/wp-json\/wp\/v2\/product"}],"about":[{"href":"https:\/\/www.huanhaizhongke.com\/vi\/wp-json\/wp\/v2\/types\/product"}],"wp:featuredmedia":[{"embeddable":true,"href":"https:\/\/www.huanhaizhongke.com\/vi\/wp-json\/wp\/v2\/media\/575"}],"wp:attachment":[{"href":"https:\/\/www.huanhaizhongke.com\/vi\/wp-json\/wp\/v2\/media?parent=574"}],"wp:term":[{"taxonomy":"product_brand","embeddable":true,"href":"https:\/\/www.huanhaizhongke.com\/vi\/wp-json\/wp\/v2\/product_brand?post=574"},{"taxonomy":"product_cat","embeddable":true,"href":"https:\/\/www.huanhaizhongke.com\/vi\/wp-json\/wp\/v2\/product_cat?post=574"},{"taxonomy":"product_tag","embeddable":true,"href":"https:\/\/www.huanhaizhongke.com\/vi\/wp-json\/wp\/v2\/product_tag?post=574"}],"curies":[{"name":"wp","href":"https:\/\/api.w.org\/{rel}","templated":true}]}}