{"id":558,"date":"2025-01-15T02:19:38","date_gmt":"2025-01-15T02:19:38","guid":{"rendered":"https:\/\/huanhaizhongke.com\/?post_type=product&#038;p=558"},"modified":"2025-05-19T09:27:48","modified_gmt":"2025-05-19T09:27:48","slug":"aluminum-coil","status":"publish","type":"product","link":"https:\/\/www.huanhaizhongke.com\/vi\/product\/aluminum-coil\/","title":{"rendered":"Cu\u1ed9n nh\u00f4m"},"content":{"rendered":"<h4>Cu\u1ed9n nh\u00f4m l\u00e0 g\u00ec?<\/h4>\n<p>Nh\u00f4m cu\u1ed9n l\u00e0 m\u1ed9t lo\u1ea1i v\u1eadt li\u1ec7u \u0111a n\u0103ng \u0111\u01b0\u1ee3c ch\u1ebf t\u1ea1o t\u1eeb h\u1ee3p kim nh\u00f4m th\u00f4ng qua quy tr\u00ecnh c\u00e1n. Nh\u00f4m cu\u1ed9n \u0111\u01b0\u1ee3c s\u1eed d\u1ee5ng r\u1ed9ng r\u00e3i trong nhi\u1ec1u ng\u00e0nh c\u00f4ng nghi\u1ec7p kh\u00e1c nhau nh\u1edd c\u00e1c \u0111\u1eb7c t\u00ednh \u0111\u1ed9c \u0111\u00e1o v\u00e0 kh\u1ea3 n\u0103ng t\u00f9y ch\u1ec9nh.<\/p>\n<h4>T\u00ednh n\u0103ng s\u1ea3n ph\u1ea9m<\/h4>\n<ul>\n<li class=\"paragraph\"><strong>Nh\u1eb9 v\u00e0 \u0110\u1ed9 b\u1ec1n cao<\/strong>: Nh\u00f4m c\u00f3 kh\u1ed1i l\u01b0\u1ee3ng ri\u00eang kho\u1ea3ng 2,7 g\/cm\u00b3, nh\u1eb9 nh\u01b0ng v\u1eabn \u0111\u1ea3m b\u1ea3o \u0111\u1ed9 b\u1ec1n. \u0110\u1eb7c t\u00ednh n\u00e0y r\u1ea5t quan tr\u1ecdng \u0111\u1ed1i v\u1edbi c\u00e1c \u1ee9ng d\u1ee5ng c\u1ea7n gi\u1ea3m tr\u1ecdng l\u01b0\u1ee3ng.<\/li>\n<li class=\"paragraph\"><strong class=\"\">Ch\u1ed1ng \u0103n m\u00f2n<\/strong>: Nh\u00f4m t\u1ef1 nhi\u00ean t\u1ea1o th\u00e0nh l\u1edbp oxit b\u1ea3o v\u1ec7 nh\u00f4m kh\u1ecfi b\u1ecb \u0103n m\u00f2n, do \u0111\u00f3 nh\u00f4m th\u00edch h\u1ee3p s\u1eed d\u1ee5ng trong m\u00f4i tr\u01b0\u1eddng kh\u1eafc nghi\u1ec7t.<\/li>\n<li class=\"paragraph\"><strong class=\"\">\u0110\u1ed9 d\u1eabn nhi\u1ec7t v\u00e0 d\u1eabn \u0111i\u1ec7n tuy\u1ec7t v\u1eddi<\/strong>: Nh\u00f4m l\u00e0 ch\u1ea5t d\u1eabn nhi\u1ec7t v\u00e0 d\u1eabn \u0111i\u1ec7n t\u1ed1t, ch\u1ec9 \u0111\u1ee9ng sau b\u1ea1c, \u0111\u1ed3ng v\u00e0 v\u00e0ng. \u0110i\u1ec1u n\u00e0y l\u00e0m cho nh\u00f4m tr\u1edf n\u00ean l\u00fd t\u01b0\u1edfng cho c\u00e1c \u1ee9ng d\u1ee5ng \u0111\u00f2i h\u1ecfi kh\u1ea3 n\u0103ng t\u1ea3n nhi\u1ec7t ho\u1eb7c d\u1eabn \u0111i\u1ec7n hi\u1ec7u qu\u1ea3.<\/li>\n<li class=\"paragraph\"><strong>T\u00ednh d\u1ebbo v\u00e0 t\u00ednh d\u1ec5 u\u1ed1n<\/strong>: Cu\u1ed9n nh\u00f4m c\u00f3 th\u1ec3 d\u1ec5 d\u00e0ng \u0111\u1ecbnh h\u00ecnh th\u00f4ng qua c\u00e1c quy tr\u00ecnh nh\u01b0 d\u1eadp, u\u1ed1n v\u00e0 k\u00e9o gi\u00e3n. T\u00ednh linh ho\u1ea1t n\u00e0y cho ph\u00e9p n\u00f3 \u0111\u01b0\u1ee3c s\u1eed d\u1ee5ng trong nhi\u1ec1u lo\u1ea1i s\u1ea3n ph\u1ea9m.<\/li>\n<li class=\"paragraph\"><strong>Kh\u1ea3 n\u0103ng t\u00e1i ch\u1ebf<\/strong>: Nh\u00f4m c\u00f3 kh\u1ea3 n\u0103ng t\u00e1i ch\u1ebf cao m\u00e0 kh\u00f4ng l\u00e0m m\u1ea5t \u0111i c\u00e1c \u0111\u1eb7c t\u00ednh c\u1ee7a n\u00f3, khi\u1ebfn n\u00f3 tr\u1edf th\u00e0nh v\u1eadt li\u1ec7u th\u00e2n thi\u1ec7n v\u1edbi m\u00f4i tr\u01b0\u1eddng.<\/li>\n<\/ul>\n<h4>\u1ee8ng d\u1ee5ng<\/h4>\n<ul>\n<li class=\"paragraph\"><strong>S\u1ef1 thi c\u00f4ng<\/strong>: \u0110\u01b0\u1ee3c s\u1eed d\u1ee5ng trong m\u1eb7t ti\u1ec1n t\u00f2a nh\u00e0, m\u00e1i nh\u00e0, c\u1eeda ra v\u00e0o, c\u1eeda s\u1ed5 v\u00e0 t\u01b0\u1eddng k\u00ednh do c\u00f3 tr\u1ecdng l\u01b0\u1ee3ng nh\u1eb9, kh\u1ea3 n\u0103ng ch\u1ed1ng \u0103n m\u00f2n v\u00e0 t\u00ednh th\u1ea9m m\u1ef9.<\/li>\n<li class=\"paragraph\"><strong class=\"\">V\u1eadn t\u1ea3i<\/strong>: Th\u01b0\u1eddng \u0111\u01b0\u1ee3c s\u1eed d\u1ee5ng trong ng\u00e0nh c\u00f4ng nghi\u1ec7p \u00f4 t\u00f4, h\u00e0ng kh\u00f4ng v\u0169 tr\u1ee5 v\u00e0 h\u00e0ng h\u1ea3i cho c\u00e1c th\u00e0nh ph\u1ea7n k\u1ebft c\u1ea5u, t\u1ea5m th\u00e2n xe v\u00e0 c\u00e1c b\u1ed9 ph\u1eadn \u0111\u1ed9ng c\u01a1. Tr\u1ecdng l\u01b0\u1ee3ng nh\u1eb9 v\u00e0 \u0111\u1ed9 b\u1ec1n cao c\u1ee7a n\u00f3 c\u1ea3i thi\u1ec7n <a href=\"https:\/\/en.wikipedia.org\/wiki\/Fuel_efficiency\" target=\"_blank\" rel=\"noopener\">hi\u1ec7u qu\u1ea3 nhi\u00ean li\u1ec7u<\/a> v\u00e0 hi\u1ec7u su\u1ea5t.<\/li>\n<li class=\"paragraph\"><strong>Bao b\u00ec<\/strong>: Cu\u1ed9n nh\u00f4m \u0111\u01b0\u1ee3c s\u1eed d\u1ee5ng \u0111\u1ec3 \u0111\u00f3ng g\u00f3i th\u1ef1c ph\u1ea9m v\u00e0 d\u01b0\u1ee3c ph\u1ea9m do c\u00f3 \u0111\u1eb7c t\u00ednh ch\u1eafn v\u00e0 ch\u1ed1ng \u1ea9m.<\/li>\n<li class=\"paragraph\"><strong>\u0110i\u1ec7n v\u00e0 \u0110i\u1ec7n t\u1eed<\/strong>: \u0110\u01b0\u1ee3c s\u1eed d\u1ee5ng trong v\u1ecf thi\u1ebft b\u1ecb \u0111i\u1ec7n, b\u1ed9 t\u1ea3n nhi\u1ec7t v\u00e0 \u0111\u1ea7u n\u1ed1i d\u1eabn \u0111i\u1ec7n. \u0110\u1ed9 d\u1eabn nhi\u1ec7t c\u1ee7a n\u00f3 l\u00e0m cho n\u00f3 l\u00fd t\u01b0\u1edfng cho c\u00e1c \u1ee9ng d\u1ee5ng l\u00e0m m\u00e1t.<\/li>\n<li class=\"paragraph\"><strong>Thi\u1ebft b\u1ecb gia d\u1ee5ng v\u00e0 \u0111\u1ed3 n\u1ed9i th\u1ea5t<\/strong>: \u0110\u01b0\u1ee3c s\u1eed d\u1ee5ng trong s\u1ea3n xu\u1ea5t v\u1ecf thi\u1ebft b\u1ecb, khung \u0111\u1ed3 n\u1ed9i th\u1ea5t v\u00e0 c\u00e1c y\u1ebfu t\u1ed1 trang tr\u00ed.<\/li>\n<\/ul>\n<h4>T\u1ea1i sao ch\u1ecdn ch\u00fang t\u00f4i?<\/h4>\n<p>Ch\u00fang t\u00f4i c\u00f3 c\u01a1 s\u1edf s\u1ea3n xu\u1ea5t h\u1ea1ng nh\u1ea5t v\u00e0 m\u00f4i tr\u01b0\u1eddng nh\u00e0 m\u00e1y hi\u1ec7n \u0111\u1ea1i, c\u00f3 th\u1ec3 cung c\u1ea5p cho b\u1ea1n c\u00e1c s\u1ea3n ph\u1ea9m v\u1eadt li\u1ec7u kim lo\u1ea1i ch\u1ea5t l\u01b0\u1ee3ng cao. Ch\u00e0o m\u1eebng \u0111\u1ebfn v\u1edbi <a href=\"https:\/\/www.huanhaizhongke.com\/vi\/contact-us\/\">li\u00ean h\u1ec7 v\u1edbi ch\u00fang t\u00f4i<\/a> \u0111\u1ec3 c\u00f3 \u0111\u01b0\u1ee3c gi\u1ea3i ph\u00e1p v\u1eadt li\u1ec7u kim lo\u1ea1i ph\u00f9 h\u1ee3p v\u1edbi b\u1ea1n.<\/p>","protected":false},"excerpt":{"rendered":"<p>Cu\u1ed9n d\u00e2y nh\u00f4m \u0111\u01b0\u1ee3c l\u00e0m t\u1eeb v\u1eadt li\u1ec7u h\u1ee3p kim nh\u00f4m ch\u1ea5t l\u01b0\u1ee3ng cao, nh\u1eb9, \u0111\u1ed9 b\u1ec1n cao, kh\u1ea3 n\u0103ng ch\u1ed1ng \u0103n m\u00f2n tuy\u1ec7t v\u1eddi v\u00e0 d\u1eabn nhi\u1ec7t t\u1ed1t.<\/p>","protected":false},"featured_media":559,"template":"","meta":{"_gspb_post_css":""},"product_brand":[],"product_cat":[25],"product_tag":[],"class_list":{"0":"post-558","1":"product","2":"type-product","3":"status-publish","4":"has-post-thumbnail","6":"product_cat-aluminum-products","8":"first","9":"instock","10":"shipping-taxable","11":"product-type-simple"},"_links":{"self":[{"href":"https:\/\/www.huanhaizhongke.com\/vi\/wp-json\/wp\/v2\/product\/558","targetHints":{"allow":["GET"]}}],"collection":[{"href":"https:\/\/www.huanhaizhongke.com\/vi\/wp-json\/wp\/v2\/product"}],"about":[{"href":"https:\/\/www.huanhaizhongke.com\/vi\/wp-json\/wp\/v2\/types\/product"}],"wp:featuredmedia":[{"embeddable":true,"href":"https:\/\/www.huanhaizhongke.com\/vi\/wp-json\/wp\/v2\/media\/559"}],"wp:attachment":[{"href":"https:\/\/www.huanhaizhongke.com\/vi\/wp-json\/wp\/v2\/media?parent=558"}],"wp:term":[{"taxonomy":"product_brand","embeddable":true,"href":"https:\/\/www.huanhaizhongke.com\/vi\/wp-json\/wp\/v2\/product_brand?post=558"},{"taxonomy":"product_cat","embeddable":true,"href":"https:\/\/www.huanhaizhongke.com\/vi\/wp-json\/wp\/v2\/product_cat?post=558"},{"taxonomy":"product_tag","embeddable":true,"href":"https:\/\/www.huanhaizhongke.com\/vi\/wp-json\/wp\/v2\/product_tag?post=558"}],"curies":[{"name":"wp","href":"https:\/\/api.w.org\/{rel}","templated":true}]}}