{"id":549,"date":"2025-01-15T02:17:02","date_gmt":"2025-01-15T02:17:02","guid":{"rendered":"https:\/\/huanhaizhongke.com\/?post_type=product&#038;p=549"},"modified":"2025-03-06T03:28:08","modified_gmt":"2025-03-06T03:28:08","slug":"aluminum-rod","status":"publish","type":"product","link":"https:\/\/www.huanhaizhongke.com\/vi\/product\/aluminum-rod\/","title":{"rendered":"Thanh nh\u00f4m"},"content":{"rendered":"<h4>Thanh nh\u00f4m l\u00e0 g\u00ec?<\/h4>\n<p>Thanh nh\u00f4m l\u00e0 s\u1ea3n ph\u1ea9m kim lo\u1ea1i h\u00ecnh tr\u1ee5 \u0111\u01b0\u1ee3c l\u00e0m t\u1eeb h\u1ee3p kim nh\u00f4m. Nh\u00f4m \u0111\u01b0\u1ee3c bi\u1ebft \u0111\u1ebfn v\u1edbi tr\u1ecdng l\u01b0\u1ee3ng nh\u1eb9, \u0111\u1ed9 b\u1ec1n cao, \u0111\u1ed9 d\u1eabn \u0111i\u1ec7n t\u1ed1t v\u00e0 kh\u1ea3 n\u0103ng ch\u1ed1ng \u0103n m\u00f2n. Nh\u1eefng \u0111\u1eb7c t\u00ednh n\u00e0y khi\u1ebfn n\u00f3 tr\u1edf th\u00e0nh m\u1ed9t v\u1eadt li\u1ec7u r\u1ea5t linh ho\u1ea1t, c\u00f3 th\u1ec3 \u0111\u01b0\u1ee3c s\u1eed d\u1ee5ng trong nhi\u1ec1u \u1ee9ng d\u1ee5ng kh\u00e1c nhau. Thanh nh\u00f4m c\u00f3 nhi\u1ec1u \u0111\u01b0\u1eddng k\u00ednh v\u00e0 chi\u1ec1u d\u00e0i kh\u00e1c nhau, c\u00f3 th\u1ec3 \u0111\u01b0\u1ee3c t\u00f9y ch\u1ec9nh \u0111\u1ec3 \u0111\u00e1p \u1ee9ng c\u00e1c y\u00eau c\u1ea7u c\u1ee5 th\u1ec3.<\/p>\n<h4>T\u00ednh n\u0103ng s\u1ea3n ph\u1ea9m<\/h4>\n<ul>\n<li class=\"paragraph\"><strong class=\"\">Nh\u1eb9 v\u00e0 \u0110\u1ed9 b\u1ec1n cao<\/strong>: Thanh nh\u00f4m c\u00f3 \u0111\u1ed9 b\u1ec1n cao <a href=\"https:\/\/en.wikipedia.org\/wiki\/Specific_strength\" target=\"_blank\" rel=\"noopener\">t\u1ef7 l\u1ec7 s\u1ee9c m\u1ea1nh tr\u00ean tr\u1ecdng l\u01b0\u1ee3ng<\/a>, khi\u1ebfn ch\u00fang tr\u1edf n\u00ean l\u00fd t\u01b0\u1edfng cho c\u00e1c \u1ee9ng d\u1ee5ng m\u00e0 tr\u1ecdng l\u01b0\u1ee3ng l\u00e0 y\u1ebfu t\u1ed1 quan tr\u1ecdng.<\/li>\n<li class=\"paragraph\"><strong class=\"\">\u0110\u1ed9 d\u1eabn \u0111i\u1ec7n tuy\u1ec7t v\u1eddi<\/strong>: Nh\u00f4m l\u00e0 ch\u1ea5t d\u1eabn \u0111i\u1ec7n t\u1ed1t, ch\u1ec9 sau \u0111\u1ed3ng. \u0110\u1eb7c t\u00ednh n\u00e0y l\u00e0m cho nh\u00f4m th\u00edch h\u1ee3p cho c\u00e1c \u1ee9ng d\u1ee5ng \u0111i\u1ec7n.<\/li>\n<li class=\"paragraph\"><strong>Ch\u1ed1ng \u0103n m\u00f2n<\/strong>: Nh\u00f4m t\u1ef1 nhi\u00ean t\u1ea1o th\u00e0nh l\u1edbp oxit b\u1ea3o v\u1ec7, c\u00f3 kh\u1ea3 n\u0103ng ch\u1ed1ng \u0103n m\u00f2n tuy\u1ec7t v\u1eddi.<\/li>\n<li class=\"paragraph\"><strong>Kh\u1ea3 n\u0103ng t\u00e1i ch\u1ebf<\/strong>: Nh\u00f4m c\u00f3 kh\u1ea3 n\u0103ng t\u00e1i ch\u1ebf cao, g\u00f3p ph\u1ea7n v\u00e0o n\u1ed7 l\u1ef1c ph\u00e1t tri\u1ec3n b\u1ec1n v\u1eefng v\u00e0 gi\u1ea3m t\u00e1c \u0111\u1ed9ng \u0111\u1ebfn m\u00f4i tr\u01b0\u1eddng.<\/li>\n<\/ul>\n<h4>\u1ee8ng d\u1ee5ng<\/h4>\n<ul>\n<li><strong>Ng\u00e0nh \u0111i\u1ec7n:<\/strong> C\u00f3 \u0111\u1ed9 d\u1eabn \u0111i\u1ec7n cao v\u00e0 nh\u1eb9, \u0111\u01b0\u1ee3c s\u1eed d\u1ee5ng r\u1ed9ng r\u00e3i trong \u0111\u01b0\u1eddng d\u00e2y truy\u1ec1n t\u1ea3i, d\u00e2y d\u1eabn \u0111i\u1ec7n v\u00e0 c\u00e1p.<\/li>\n<li><strong>\u00d4 t\u00f4:<\/strong> N\u00f3 c\u00f3 th\u1ec3 \u0111\u01b0\u1ee3c s\u1eed d\u1ee5ng \u0111\u1ec3 s\u1ea3n xu\u1ea5t c\u00e1c b\u1ed9 ph\u1eadn \u00f4 t\u00f4 nh\u01b0 b\u1ed9 ph\u1eadn \u0111\u1ed9ng c\u01a1, khung g\u1ea7m v\u00e0 c\u00e1c b\u1ed9 ph\u1eadn k\u1ebft c\u1ea5u \u0111\u1ec3 gi\u1ea3m tr\u1ecdng l\u01b0\u1ee3ng v\u00e0 c\u1ea3i thi\u1ec7n hi\u1ec7u su\u1ea5t nhi\u00ean li\u1ec7u.<\/li>\n<li><strong>S\u1ef1 thi c\u00f4ng:<\/strong> \u0110\u01b0\u1ee3c s\u1eed d\u1ee5ng l\u00e0m v\u1eadt li\u1ec7u x\u00e2y d\u1ef1ng, khung c\u1eeda s\u1ed5 v\u00e0 m\u00e1i nh\u00e0 do \u0111\u1ed9 b\u1ec1n v\u00e0 kh\u1ea3 n\u0103ng ch\u1ed1ng \u0103n m\u00f2n.<\/li>\n<li><strong>N\u0103ng l\u01b0\u1ee3ng t\u00e1i t\u1ea1o:<\/strong> \u0110\u00e2y l\u00e0 th\u00e0nh ph\u1ea7n quan tr\u1ecdng c\u1ee7a c\u00e1c d\u1ef1 \u00e1n n\u0103ng l\u01b0\u1ee3ng t\u00e1i t\u1ea1o nh\u01b0 n\u0103ng l\u01b0\u1ee3ng m\u1eb7t tr\u1eddi v\u00e0 n\u0103ng l\u01b0\u1ee3ng gi\u00f3, \u0111\u1ed3ng th\u1eddi c\u0169ng \u0111\u01b0\u1ee3c s\u1eed d\u1ee5ng trong \u0111\u01b0\u1eddng d\u00e2y truy\u1ec1n t\u1ea3i v\u00e0 h\u1ec7 th\u1ed1ng c\u00e1p.<\/li>\n<\/ul>\n<h4>T\u1ea1i sao ch\u1ecdn ch\u00fang t\u00f4i?<\/h4>\n<p>Ch\u00fang t\u00f4i c\u00f3 c\u01a1 s\u1edf s\u1ea3n xu\u1ea5t h\u1ea1ng nh\u1ea5t v\u00e0 m\u00f4i tr\u01b0\u1eddng nh\u00e0 m\u00e1y hi\u1ec7n \u0111\u1ea1i, c\u00f3 th\u1ec3 cung c\u1ea5p cho b\u1ea1n c\u00e1c s\u1ea3n ph\u1ea9m v\u1eadt li\u1ec7u kim lo\u1ea1i ch\u1ea5t l\u01b0\u1ee3ng cao. Ch\u00e0o m\u1eebng \u0111\u1ebfn v\u1edbi <a href=\"https:\/\/www.huanhaizhongke.com\/vi\/contact-us\/\">li\u00ean h\u1ec7 v\u1edbi ch\u00fang t\u00f4i<\/a> \u0111\u1ec3 c\u00f3 \u0111\u01b0\u1ee3c gi\u1ea3i ph\u00e1p v\u1eadt li\u1ec7u kim lo\u1ea1i ph\u00f9 h\u1ee3p v\u1edbi b\u1ea1n.<\/p>","protected":false},"excerpt":{"rendered":"<p>Thanh nh\u00f4m l\u00e0 v\u1eadt d\u1ee5ng h\u00ecnh thanh \u0111\u01b0\u1ee3c l\u00e0m b\u1eb1ng kim lo\u1ea1i nh\u00f4m v\u00e0 \u0111\u01b0\u1ee3c s\u1eed d\u1ee5ng r\u1ed9ng r\u00e3i trong c\u00f4ng nghi\u1ec7p v\u00e0 s\u1ea3n xu\u1ea5t.<\/p>","protected":false},"featured_media":551,"template":"","meta":{"_gspb_post_css":""},"product_brand":[],"product_cat":[25],"product_tag":[],"class_list":{"0":"post-549","1":"product","2":"type-product","3":"status-publish","4":"has-post-thumbnail","6":"product_cat-aluminum-products","8":"first","9":"instock","10":"shipping-taxable","11":"product-type-simple"},"_links":{"self":[{"href":"https:\/\/www.huanhaizhongke.com\/vi\/wp-json\/wp\/v2\/product\/549","targetHints":{"allow":["GET"]}}],"collection":[{"href":"https:\/\/www.huanhaizhongke.com\/vi\/wp-json\/wp\/v2\/product"}],"about":[{"href":"https:\/\/www.huanhaizhongke.com\/vi\/wp-json\/wp\/v2\/types\/product"}],"wp:featuredmedia":[{"embeddable":true,"href":"https:\/\/www.huanhaizhongke.com\/vi\/wp-json\/wp\/v2\/media\/551"}],"wp:attachment":[{"href":"https:\/\/www.huanhaizhongke.com\/vi\/wp-json\/wp\/v2\/media?parent=549"}],"wp:term":[{"taxonomy":"product_brand","embeddable":true,"href":"https:\/\/www.huanhaizhongke.com\/vi\/wp-json\/wp\/v2\/product_brand?post=549"},{"taxonomy":"product_cat","embeddable":true,"href":"https:\/\/www.huanhaizhongke.com\/vi\/wp-json\/wp\/v2\/product_cat?post=549"},{"taxonomy":"product_tag","embeddable":true,"href":"https:\/\/www.huanhaizhongke.com\/vi\/wp-json\/wp\/v2\/product_tag?post=549"}],"curies":[{"name":"wp","href":"https:\/\/api.w.org\/{rel}","templated":true}]}}