{"id":542,"date":"2025-01-15T01:26:05","date_gmt":"2025-01-15T01:26:05","guid":{"rendered":"https:\/\/huanhaizhongke.com\/?post_type=product&#038;p=542"},"modified":"2025-03-06T08:43:18","modified_gmt":"2025-03-06T08:43:18","slug":"aluminum-plate","status":"publish","type":"product","link":"https:\/\/www.huanhaizhongke.com\/vi\/product\/aluminum-plate\/","title":{"rendered":"T\u1ea5m nh\u00f4m"},"content":{"rendered":"<h4>T\u1ea5m nh\u00f4m l\u00e0 g\u00ec?<\/h4>\n<p>T\u1ea5m nh\u00f4m l\u00e0 m\u1ed9t lo\u1ea1i v\u1eadt li\u1ec7u kim lo\u1ea1i l\u00e0m t\u1eeb nh\u00f4m, n\u1ed5i ti\u1ebfng v\u1edbi tr\u1ecdng l\u01b0\u1ee3ng nh\u1eb9, \u0111\u1ed9 b\u1ec1n cao v\u00e0 kh\u1ea3 n\u0103ng ch\u1ed1ng \u0103n m\u00f2n tuy\u1ec7t v\u1eddi. Nh\u00f4m t\u1ea5m \u0111\u01b0\u1ee3c s\u1ea3n xu\u1ea5t b\u1eb1ng c\u00e1ch c\u00e1n c\u00e1c th\u1ecfi nh\u00f4m th\u00e0nh c\u00e1c t\u1ea5m ph\u1eb3ng c\u00f3 \u0111\u1ed9 d\u00e0y kh\u00e1c nhau, th\u01b0\u1eddng t\u1eeb v\u00e0i mm \u0111\u1ebfn v\u00e0i cm.<\/p>\n<h4>T\u00ednh n\u0103ng s\u1ea3n ph\u1ea9m<\/h4>\n<ul>\n<li>\n<div class=\"paragraph\"><strong class=\"\">Nh\u1eb9<\/strong>: N\u00f3 nh\u1eb9 h\u01a1n th\u00e9p \u0111\u00e1ng k\u1ec3, l\u00fd t\u01b0\u1edfng cho c\u00e1c \u1ee9ng d\u1ee5ng \u0111\u00f2i h\u1ecfi ph\u1ea3i gi\u1ea3m tr\u1ecdng l\u01b0\u1ee3ng.<\/div>\n<\/li>\n<li>\n<div class=\"paragraph\"><strong>Ch\u1ed1ng \u0103n m\u00f2n<\/strong>: Nh\u00f4m t\u1ef1 nhi\u00ean t\u1ea1o th\u00e0nh l\u1edbp oxit b\u1ea3o v\u1ec7 khi ti\u1ebfp x\u00fac v\u1edbi kh\u00f4ng kh\u00ed, gi\u00fap ng\u0103n ng\u1eeba qu\u00e1 tr\u00ecnh oxy h\u00f3a v\u00e0 \u0103n m\u00f2n th\u00eam.<\/div>\n<\/li>\n<li>\n<div class=\"paragraph\"><strong>S\u1ee9c m\u1ea1nh<\/strong>: C\u00f3 th\u1ec3 cung c\u1ea5p \u0111\u1ed9 b\u1ec1n v\u00e0 s\u1ee9c ch\u1ecbu k\u00e9o cao.<\/div>\n<\/li>\n<li>\n<div class=\"paragraph\"><strong>Kh\u1ea3 n\u0103ng \u0111\u1ecbnh h\u00ecnh<\/strong>: C\u00f3 th\u1ec3 d\u1ec5 d\u00e0ng gia c\u00f4ng, c\u1eaft, u\u1ed1n cong ho\u1eb7c h\u00e0n th\u00e0nh nhi\u1ec1u h\u00ecnh d\u1ea1ng v\u00e0 k\u00edch th\u01b0\u1edbc kh\u00e1c nhau.<\/div>\n<\/li>\n<li>\n<div class=\"paragraph\"><strong class=\"\">\u0110\u1ed9 d\u1eabn nhi\u1ec7t v\u00e0 d\u1eabn \u0111i\u1ec7n<\/strong>: Nh\u00f4m l\u00e0 ch\u1ea5t d\u1eabn nhi\u1ec7t v\u00e0 d\u1eabn \u0111i\u1ec7n tuy\u1ec7t v\u1eddi, th\u00edch h\u1ee3p cho c\u00e1c \u1ee9ng d\u1ee5ng trong \u0111i\u1ec7n t\u1eed v\u00e0 qu\u1ea3n l\u00fd nhi\u1ec7t.<\/div>\n<\/li>\n<\/ul>\n<h4>\u1ee8ng d\u1ee5ng<\/h4>\n<div class=\"paragraph\"><strong>H\u00e0ng kh\u00f4ng v\u0169 tr\u1ee5<\/strong>: \u0110\u01b0\u1ee3c s\u1eed d\u1ee5ng cho c\u00e1c th\u00e0nh ph\u1ea7n m\u00e1y bay, <a href=\"https:\/\/en.wikipedia.org\/wiki\/Wing\" target=\"_blank\" rel=\"noopener\">c\u00e1nh<\/a>, c\u00e1c t\u1ea5m th\u00e2n m\u00e1y bay v\u00e0 c\u00e1c b\u1ed9 ph\u1eadn k\u1ebft c\u1ea5u do c\u00f3 t\u1ef7 l\u1ec7 \u0111\u1ed9 b\u1ec1n tr\u00ean tr\u1ecdng l\u01b0\u1ee3ng cao.<\/div>\n<div class=\"paragraph\"><strong>\u00d4 t\u00f4<\/strong>: \u0110\u01b0\u1ee3c s\u1eed d\u1ee5ng trong th\u00e2n xe, c\u00e1c b\u1ed9 ph\u1eadn \u0111\u1ed9ng c\u01a1 v\u00e0 c\u00e1c c\u1ea5u tr\u00fac nh\u1eb9 \u0111\u1ec3 c\u1ea3i thi\u1ec7n hi\u1ec7u su\u1ea5t v\u00e0 hi\u1ec7u qu\u1ea3 s\u1eed d\u1ee5ng nhi\u00ean li\u1ec7u.<\/div>\n<div class=\"paragraph\"><strong class=\"\">S\u1ef1 thi c\u00f4ng<\/strong>: \u0110\u01b0\u1ee3c s\u1eed d\u1ee5ng l\u00e0m v\u1eadt li\u1ec7u l\u1ee3p m\u00e1i, t\u1ea5m ki\u1ebfn tr\u00fac v\u00e0 c\u00e1c y\u1ebfu t\u1ed1 trang tr\u00ed.<\/div>\n<div class=\"paragraph\"><strong class=\"\">Bao b\u00ec<\/strong>: Th\u01b0\u1eddng \u0111\u01b0\u1ee3c s\u1eed d\u1ee5ng cho lon th\u1ef1c ph\u1ea9m v\u00e0 \u0111\u1ed3 u\u1ed1ng, gi\u1ea5y b\u1ea1c v\u00e0 h\u1ed9p \u0111\u1ef1ng v\u00ec kh\u1ea3 n\u0103ng ch\u1ed1ng \u0103n m\u00f2n v\u00e0 t\u00e1i ch\u1ebf.<\/div>\n<div class=\"paragraph\"><strong class=\"\">\u0110i\u1ec7n t\u1eed<\/strong>: \u0110\u01b0\u1ee3c s\u1eed d\u1ee5ng trong v\u1ecf \u0111i\u1ec7n t\u1eed, b\u1ed9 t\u1ea3n nhi\u1ec7t v\u00e0 c\u00e1c linh ki\u1ec7n d\u1eabn \u0111i\u1ec7n do c\u00f3 kh\u1ea3 n\u0103ng d\u1eabn nhi\u1ec7t v\u00e0 d\u1eabn \u0111i\u1ec7n tuy\u1ec7t v\u1eddi.<\/div>\n<div class=\"paragraph\"><strong>H\u00e0ng h\u1ea3i<\/strong>: \u0110\u01b0\u1ee3c s\u1eed d\u1ee5ng cho th\u00e2n t\u00e0u, k\u1ebft c\u1ea5u h\u00e0ng h\u1ea3i v\u00e0 c\u00e1c b\u1ed9 ph\u1eadn c\u1ea7n kh\u1ea3 n\u0103ng ch\u1ed1ng \u0103n m\u00f2n trong m\u00f4i tr\u01b0\u1eddng n\u01b0\u1edbc m\u1eb7n.<\/div>\n<div class=\"paragraph\"><strong>V\u1eadn t\u1ea3i<\/strong>: \u0110\u01b0\u1ee3c t\u00ecm th\u1ea5y trong toa xe l\u1eeda, th\u00e2n xe t\u1ea3i v\u00e0 r\u01a1 mo\u00f3c \u0111\u1ec3 gi\u1ea3m tr\u1ecdng l\u01b0\u1ee3ng v\u00e0 c\u1ea3i thi\u1ec7n hi\u1ec7u su\u1ea5t nhi\u00ean li\u1ec7u.<\/div>\n<div class=\"paragraph\"><strong>H\u00e0ng ti\u00eau d\u00f9ng<\/strong>: \u0110\u01b0\u1ee3c s\u1eed d\u1ee5ng trong c\u00e1c thi\u1ebft b\u1ecb gia d\u1ee5ng, \u0111\u1ed3 n\u1ed9i th\u1ea5t v\u00e0 \u0111\u1ed3 trang tr\u00ed.<\/div>\n<div class=\"paragraph\"><strong>C\u00f4ng nghi\u1ec7p<\/strong>: \u0110\u01b0\u1ee3c s\u1eed d\u1ee5ng trong s\u1ea3n xu\u1ea5t thi\u1ebft b\u1ecb, ph\u1ee5 t\u00f9ng m\u00e1y m\u00f3c v\u00e0 c\u00f4ng c\u1ee5.<\/div>\n<div class=\"paragraph\"><strong>N\u0103ng l\u01b0\u1ee3ng<\/strong>: \u0110\u01b0\u1ee3c s\u1eed d\u1ee5ng trong c\u00e1c t\u1ea5m pin m\u1eb7t tr\u1eddi, \u0111\u01b0\u1eddng d\u00e2y truy\u1ec1n t\u1ea3i \u0111i\u1ec7n v\u00e0 h\u1ec7 th\u1ed1ng l\u01b0u tr\u1eef n\u0103ng l\u01b0\u1ee3ng.<\/div>\n<div><\/div>\n<h4>T\u1ea1i sao ch\u1ecdn ch\u00fang t\u00f4i?<\/h4>\n<p>Ch\u00fang t\u00f4i c\u00f3 c\u01a1 s\u1edf s\u1ea3n xu\u1ea5t h\u1ea1ng nh\u1ea5t v\u00e0 m\u00f4i tr\u01b0\u1eddng nh\u00e0 m\u00e1y hi\u1ec7n \u0111\u1ea1i, c\u00f3 th\u1ec3 cung c\u1ea5p cho b\u1ea1n c\u00e1c s\u1ea3n ph\u1ea9m v\u1eadt li\u1ec7u kim lo\u1ea1i ch\u1ea5t l\u01b0\u1ee3ng cao. Ch\u00e0o m\u1eebng \u0111\u1ebfn v\u1edbi <a href=\"https:\/\/www.huanhaizhongke.com\/vi\/contact-us\/\">li\u00ean h\u1ec7 v\u1edbi ch\u00fang t\u00f4i<\/a> \u0111\u1ec3 c\u00f3 \u0111\u01b0\u1ee3c gi\u1ea3i ph\u00e1p v\u1eadt li\u1ec7u kim lo\u1ea1i ph\u00f9 h\u1ee3p v\u1edbi b\u1ea1n.<\/p>","protected":false},"excerpt":{"rendered":"<div class=\"flex max-w-full flex-col flex-grow\">\n<div class=\"min-h-8 text-message relative flex w-full flex-col items-end gap-2 whitespace-normal break-words text-start [.text-message+&amp;]:mt-5\" dir=\"auto\" data-message-author-role=\"assistant\" data-message-id=\"7e388967-1ad0-4365-a877-a077027df26b\" data-message-model-slug=\"gpt-4o-mini\">\n<div class=\"flex w-full flex-col gap-1 empty:hidden first:pt-[3px]\">\n<div class=\"markdown prose w-full break-words dark:prose-invert light\">\n<p data-start=\"0\" data-end=\"45\" data-is-last-node=\"\" data-is-only-node=\"\">Custom sizes\/patterns available upon request.<\/p>\n<p data-start=\"0\" data-end=\"45\" data-is-last-node=\"\" data-is-only-node=\"\">Aluminum plate refers to a rectangular plate made by rolling aluminum ingots, which can be divided into pure aluminum plate, alloy aluminum plate, thin aluminum plate, medium and thick aluminum plate, and patterned aluminum plate.<\/p>\n<\/div>\n<\/div>\n<\/div>\n<\/div>\n","protected":false},"featured_media":548,"template":"","meta":{"_gspb_post_css":""},"product_brand":[],"product_cat":[25],"product_tag":[],"class_list":{"0":"post-542","1":"product","2":"type-product","3":"status-publish","4":"has-post-thumbnail","6":"product_cat-aluminum-products","8":"first","9":"instock","10":"shipping-taxable","11":"product-type-simple"},"_links":{"self":[{"href":"https:\/\/www.huanhaizhongke.com\/vi\/wp-json\/wp\/v2\/product\/542","targetHints":{"allow":["GET"]}}],"collection":[{"href":"https:\/\/www.huanhaizhongke.com\/vi\/wp-json\/wp\/v2\/product"}],"about":[{"href":"https:\/\/www.huanhaizhongke.com\/vi\/wp-json\/wp\/v2\/types\/product"}],"wp:featuredmedia":[{"embeddable":true,"href":"https:\/\/www.huanhaizhongke.com\/vi\/wp-json\/wp\/v2\/media\/548"}],"wp:attachment":[{"href":"https:\/\/www.huanhaizhongke.com\/vi\/wp-json\/wp\/v2\/media?parent=542"}],"wp:term":[{"taxonomy":"product_brand","embeddable":true,"href":"https:\/\/www.huanhaizhongke.com\/vi\/wp-json\/wp\/v2\/product_brand?post=542"},{"taxonomy":"product_cat","embeddable":true,"href":"https:\/\/www.huanhaizhongke.com\/vi\/wp-json\/wp\/v2\/product_cat?post=542"},{"taxonomy":"product_tag","embeddable":true,"href":"https:\/\/www.huanhaizhongke.com\/vi\/wp-json\/wp\/v2\/product_tag?post=542"}],"curies":[{"name":"wp","href":"https:\/\/api.w.org\/{rel}","templated":true}]}}