{"id":534,"date":"2025-01-15T01:14:36","date_gmt":"2025-01-15T01:14:36","guid":{"rendered":"https:\/\/huanhaizhongke.com\/?post_type=product&#038;p=534"},"modified":"2025-03-04T03:21:00","modified_gmt":"2025-03-04T03:21:00","slug":"rebar","status":"publish","type":"product","link":"https:\/\/www.huanhaizhongke.com\/vi\/product\/rebar\/","title":{"rendered":"Th\u00e9p thanh c\u1ed1t th\u00e9p"},"content":{"rendered":"<h4>Th\u00e9p thanh l\u00e0 g\u00ec?<\/h4>\n<p>Th\u00e9p thanh c\u1ed1t th\u00e9p, c\u00f2n \u0111\u01b0\u1ee3c g\u1ecdi l\u00e0 thanh c\u1ed1t th\u00e9p ho\u1eb7c th\u00e9p gia c\u01b0\u1eddng, l\u00e0 m\u1ed9t lo\u1ea1i th\u00e9p \u0111\u01b0\u1ee3c thi\u1ebft k\u1ebf \u0111\u1eb7c bi\u1ec7t \u0111\u1ec3 h\u1ed7 tr\u1ee3 k\u1ebft c\u1ea5u v\u00e0 t\u0103ng c\u01b0\u1eddng \u0111\u1ed9 b\u1ec1n cho c\u00e1c c\u00f4ng tr\u00ecnh b\u00ea t\u00f4ng. Th\u00e9p thanh c\u1ed1t th\u00e9p th\u01b0\u1eddng \u0111\u01b0\u1ee3c l\u00e0m t\u1eeb th\u00e9p cacbon v\u00e0 c\u00f3 nhi\u1ec1u h\u00ecnh d\u1ea1ng, k\u00edch th\u01b0\u1edbc v\u00e0 b\u1ec1 m\u1eb7t ho\u00e0n thi\u1ec7n kh\u00e1c nhau, ch\u1eb3ng h\u1ea1n nh\u01b0 c\u00f3 g\u00e2n ho\u1eb7c nh\u1eb5n.<\/p>\n<h4>T\u00ednh n\u0103ng s\u1ea3n ph\u1ea9m<\/h4>\n<ul>\n<li class=\"paragraph\"><strong class=\"\">\u0110\u1ed9 b\u1ec1n k\u00e9o cao<\/strong>:Th\u00e9p c\u1ed1t th\u00e9p \u0111\u01b0\u1ee3c thi\u1ebft k\u1ebf \u0111\u1ec3 ch\u1ecbu \u0111\u01b0\u1ee3c l\u1ef1c k\u00e9o \u0111\u00e1ng k\u1ec3, y\u1ebfu t\u1ed1 quan tr\u1ecdng \u0111\u1ec3 h\u1ed7 tr\u1ee3 c\u01b0\u1eddng \u0111\u1ed9 n\u00e9n c\u1ee7a b\u00ea t\u00f4ng.<\/li>\n<li class=\"paragraph\"><strong>Ch\u1ed1ng \u0103n m\u00f2n<\/strong>:Nhi\u1ec1u lo\u1ea1i c\u1ed1t th\u00e9p \u0111\u01b0\u1ee3c ph\u1ee7 ho\u1eb7c x\u1eed l\u00fd \u0111\u1ec3 ch\u1ed1ng \u0103n m\u00f2n, \u0111\u1eb7c bi\u1ec7t l\u00e0 trong m\u00f4i tr\u01b0\u1eddng ti\u1ebfp x\u00fac v\u1edbi \u0111\u1ed9 \u1ea9m ho\u1eb7c h\u00f3a ch\u1ea5t.<\/li>\n<li class=\"paragraph\"><strong>Li\u00ean k\u1ebft v\u1edbi b\u00ea t\u00f4ng<\/strong>:B\u1ec1 m\u1eb7t c\u00f3 g\u00e2n c\u1ee7a c\u1ed1t th\u00e9p t\u0103ng c\u01b0\u1eddng li\u00ean k\u1ebft v\u1edbi b\u00ea t\u00f4ng, \u0111\u1ea3m b\u1ea3o hai v\u1eadt li\u1ec7u ph\u1ed1i h\u1ee3p hi\u1ec7u qu\u1ea3 \u0111\u1ec3 ph\u00e2n b\u1ed5 t\u1ea3i tr\u1ecdng.<\/li>\n<li class=\"paragraph\"><strong class=\"\">\u0110\u1ed9 b\u1ec1n<\/strong>:Th\u00e9p c\u1ed1t th\u00e9p \u0111\u01b0\u1ee3c thi\u1ebft k\u1ebf \u0111\u1ec3 c\u00f3 tu\u1ed5i th\u1ecd l\u00e2u d\u00e0i, mang l\u1ea1i t\u00ednh to\u00e0n v\u1eb9n v\u1ec1 m\u1eb7t k\u1ebft c\u1ea5u l\u00e2u d\u00e0i cho c\u00e1c t\u00f2a nh\u00e0 v\u00e0 c\u01a1 s\u1edf h\u1ea1 t\u1ea7ng.<\/li>\n<\/ul>\n<h4>\u1ee8ng d\u1ee5ng<\/h4>\n<ul>\n<li class=\"paragraph\"><strong>X\u00e2y d\u1ef1ng c\u00f4ng tr\u00ecnh<\/strong>: Thanh th\u00e9p \u0111\u01b0\u1ee3c s\u1eed d\u1ee5ng \u0111\u1ec3 gia c\u1ed1 n\u1ec1n m\u00f3ng, <a href=\"https:\/\/en.wikipedia.org\/wiki\/Column\" target=\"_blank\" rel=\"noopener\">c\u1ed9t<\/a>, d\u1ea7m, t\u1ea5m v\u00e0 t\u01b0\u1eddng, cung c\u1ea5p kh\u1ea3 n\u0103ng h\u1ed7 tr\u1ee3 v\u1ec1 m\u1eb7t k\u1ebft c\u1ea5u.<\/li>\n<li class=\"paragraph\"><strong>C\u1ea7u v\u00e0 \u0110\u01b0\u1eddng cao t\u1ed1c<\/strong>:Th\u00e9p c\u1ed1t th\u00e9p l\u00e0 v\u1eadt li\u1ec7u thi\u1ebft y\u1ebfu \u0111\u1ec3 gia c\u1ed1 m\u1eb7t c\u1ea7u, tr\u1ee5 c\u1ea7u v\u00e0 \u0111\u01b0\u1eddng b\u1ed9 nh\u1eb1m ch\u1ecbu \u0111\u01b0\u1ee3c t\u1ea3i tr\u1ecdng l\u1edbn v\u00e0 \u00e1p l\u1ef1c t\u1eeb m\u00f4i tr\u01b0\u1eddng.<\/li>\n<li class=\"paragraph\"><strong>\u0110\u01b0\u1eddng h\u1ea7m v\u00e0 c\u00f4ng tr\u00ecnh ng\u1ea7m<\/strong>: Cung c\u1ea5p s\u1ef1 gia c\u1ed1 c\u1ea7n thi\u1ebft cho l\u1edbp l\u00f3t \u0111\u01b0\u1eddng h\u1ea7m v\u00e0 t\u01b0\u1eddng ch\u1eafn ng\u1ea7m.<\/li>\n<li class=\"paragraph\"><strong>\u0110\u1eadp v\u00e0 c\u00f4ng tr\u00ecnh gi\u1eef n\u01b0\u1edbc<\/strong>: \u0110\u01b0\u1ee3c s\u1eed d\u1ee5ng trong x\u00e2y d\u1ef1ng \u0111\u1eadp, h\u1ed3 ch\u1ee9a v\u00e0 c\u00e1c c\u00f4ng tr\u00ecnh qu\u1ea3n l\u00fd n\u01b0\u1edbc kh\u00e1c \u0111\u1ec3 \u0111\u1ea3m b\u1ea3o t\u00ednh \u1ed5n \u0111\u1ecbnh v\u00e0 \u0111\u1ed9 b\u1ec1n.<\/li>\n<li class=\"paragraph\"><strong>C\u01a1 s\u1edf c\u00f4ng nghi\u1ec7p<\/strong>: Th\u01b0\u1eddng \u0111\u01b0\u1ee3c s\u1eed d\u1ee5ng trong x\u00e2y d\u1ef1ng nh\u00e0 m\u00e1y, nh\u00e0 kho v\u00e0 c\u00e1c c\u00f4ng tr\u00ecnh c\u00f4ng nghi\u1ec7p quy m\u00f4 l\u1edbn kh\u00e1c.<\/li>\n<li class=\"paragraph\"><strong>T\u00f2a nh\u00e0 d\u00e2n c\u01b0<\/strong>: C\u00f3 trong n\u1ec1n m\u00f3ng, t\u1ea5m s\u00e0n v\u00e0 c\u00e1c th\u00e0nh ph\u1ea7n k\u1ebft c\u1ea5u c\u1ee7a nh\u00e0 \u1edf v\u00e0 chung c\u01b0.<\/li>\n<li class=\"paragraph\"><strong>D\u1ef1 \u00e1n c\u01a1 s\u1edf h\u1ea1 t\u1ea7ng<\/strong>: \u0110\u01b0\u1ee3c s\u1eed d\u1ee5ng \u0111\u1ec3 gia c\u1ed1 c\u1ed9t \u0111i\u1ec7n, t\u01b0\u1eddng ch\u1eafn v\u00e0 c\u00e1c th\u00e0nh ph\u1ea7n c\u01a1 s\u1edf h\u1ea1 t\u1ea7ng kh\u00e1c.<\/li>\n<\/ul>\n<h4>T\u1ea1i sao ch\u1ecdn ch\u00fang t\u00f4i?<\/h4>\n<p>Ch\u00fang t\u00f4i c\u00f3 c\u01a1 s\u1edf s\u1ea3n xu\u1ea5t h\u1ea1ng nh\u1ea5t v\u00e0 m\u00f4i tr\u01b0\u1eddng nh\u00e0 m\u00e1y hi\u1ec7n \u0111\u1ea1i, c\u00f3 th\u1ec3 cung c\u1ea5p cho b\u1ea1n c\u00e1c s\u1ea3n ph\u1ea9m v\u1eadt li\u1ec7u kim lo\u1ea1i ch\u1ea5t l\u01b0\u1ee3ng cao. Ch\u00e0o m\u1eebng \u0111\u1ebfn v\u1edbi <a href=\"https:\/\/www.huanhaizhongke.com\/vi\/contact-us\/\">li\u00ean h\u1ec7 v\u1edbi ch\u00fang t\u00f4i<\/a> \u0111\u1ec3 c\u00f3 \u0111\u01b0\u1ee3c gi\u1ea3i ph\u00e1p v\u1eadt li\u1ec7u kim lo\u1ea1i ph\u00f9 h\u1ee3p v\u1edbi b\u1ea1n.<\/p>","protected":false},"excerpt":{"rendered":"<p>Th\u00e9p thanh l\u00e0 thanh th\u00e9p c\u00f3 g\u00e2n xo\u1eafn \u1ed1c.<\/p>","protected":false},"featured_media":540,"template":"","meta":{"_gspb_post_css":""},"product_brand":[],"product_cat":[24],"product_tag":[],"class_list":{"0":"post-534","1":"product","2":"type-product","3":"status-publish","4":"has-post-thumbnail","6":"product_cat-rebar","8":"first","9":"instock","10":"shipping-taxable","11":"product-type-simple"},"_links":{"self":[{"href":"https:\/\/www.huanhaizhongke.com\/vi\/wp-json\/wp\/v2\/product\/534","targetHints":{"allow":["GET"]}}],"collection":[{"href":"https:\/\/www.huanhaizhongke.com\/vi\/wp-json\/wp\/v2\/product"}],"about":[{"href":"https:\/\/www.huanhaizhongke.com\/vi\/wp-json\/wp\/v2\/types\/product"}],"wp:featuredmedia":[{"embeddable":true,"href":"https:\/\/www.huanhaizhongke.com\/vi\/wp-json\/wp\/v2\/media\/540"}],"wp:attachment":[{"href":"https:\/\/www.huanhaizhongke.com\/vi\/wp-json\/wp\/v2\/media?parent=534"}],"wp:term":[{"taxonomy":"product_brand","embeddable":true,"href":"https:\/\/www.huanhaizhongke.com\/vi\/wp-json\/wp\/v2\/product_brand?post=534"},{"taxonomy":"product_cat","embeddable":true,"href":"https:\/\/www.huanhaizhongke.com\/vi\/wp-json\/wp\/v2\/product_cat?post=534"},{"taxonomy":"product_tag","embeddable":true,"href":"https:\/\/www.huanhaizhongke.com\/vi\/wp-json\/wp\/v2\/product_tag?post=534"}],"curies":[{"name":"wp","href":"https:\/\/api.w.org\/{rel}","templated":true}]}}