{"id":526,"date":"2025-01-15T00:59:40","date_gmt":"2025-01-15T00:59:40","guid":{"rendered":"https:\/\/huanhaizhongke.com\/?post_type=product&#038;p=526"},"modified":"2025-03-06T03:29:13","modified_gmt":"2025-03-06T03:29:13","slug":"cold-drawn-square-steel-flat","status":"publish","type":"product","link":"https:\/\/www.huanhaizhongke.com\/vi\/product\/cold-drawn-square-steel-flat\/","title":{"rendered":"Thanh ph\u1eb3ng k\u00e9o ngu\u1ed9i"},"content":{"rendered":"<h4>Thanh ph\u1eb3ng k\u00e9o ngu\u1ed9i l\u00e0 g\u00ec?<\/h4>\n<p>Thanh d\u1eb9t k\u00e9o ngu\u1ed9i l\u00e0 m\u1ed9t lo\u1ea1i s\u1ea3n ph\u1ea9m th\u00e9p tr\u1ea3i qua quy tr\u00ecnh k\u00e9o ngu\u1ed9i \u0111\u1ec3 \u0111\u1ea1t \u0111\u01b0\u1ee3c k\u00edch th\u01b0\u1edbc ch\u00ednh x\u00e1c, c\u1ea3i thi\u1ec7n t\u00ednh ch\u1ea5t c\u01a1 h\u1ecdc v\u00e0 b\u1ec1 m\u1eb7t nh\u1eb5n m\u1ecbn. V\u1eadt li\u1ec7u n\u00e0y \u0111\u01b0\u1ee3c l\u00e0m t\u1eeb th\u00e9p c\u00e1n n\u00f3ng, sau \u0111\u00f3 \u0111\u01b0\u1ee3c x\u1eed l\u00fd th\u00eam \u1edf nhi\u1ec7t \u0111\u1ed9 ph\u00f2ng b\u1eb1ng c\u00e1ch k\u00e9o qua khu\u00f4n carbide. Quy tr\u00ecnh k\u00e9o ngu\u1ed9i gi\u00fap t\u0103ng c\u01b0\u1eddng \u0111\u1ed9 b\u1ec1n, \u0111\u1ed9 ch\u00ednh x\u00e1c k\u00edch th\u01b0\u1edbc v\u00e0 ch\u1ea5t l\u01b0\u1ee3ng b\u1ec1 m\u1eb7t c\u1ee7a thanh so v\u1edbi ph\u01b0\u01a1ng ph\u00e1p k\u00e9o n\u00f3ng.<a href=\"https:\/\/en.wikipedia.org\/wiki\/Rolling_(metalworking)\" target=\"_blank\" rel=\"noopener\">cu\u1ed9n<\/a> c\u00e1c s\u1ea3n ph\u1ea9m.<\/p>\n<h4>T\u00ednh n\u0103ng s\u1ea3n ph\u1ea9m<\/h4>\n<ul>\n<li class=\"paragraph\"><strong>\u0110\u1ed9 ch\u00ednh x\u00e1c k\u00edch th\u01b0\u1edbc cao<\/strong>: V\u1ebd ngu\u1ed9i \u0111\u1ea3m b\u1ea3o k\u00edch th\u01b0\u1edbc ch\u00ednh x\u00e1c v\u00e0 dung sai ch\u1eb7t ch\u1ebd.<\/li>\n<li class=\"paragraph\"><strong>T\u00ednh ch\u1ea5t c\u01a1 h\u1ecdc \u0111\u01b0\u1ee3c c\u1ea3i thi\u1ec7n<\/strong>:Qu\u00e1 tr\u00ecnh n\u00e0y l\u00e0m t\u0103ng \u0111\u1ed9 b\u1ec1n k\u00e9o v\u00e0 \u0111\u1ed9 c\u1ee9ng trong khi v\u1eabn duy tr\u00ec kh\u1ea3 n\u0103ng gia c\u00f4ng t\u1ed1t.<\/li>\n<li class=\"paragraph\"><strong class=\"\">B\u1ec1 m\u1eb7t ho\u00e0n thi\u1ec7n m\u1ecbn<\/strong>: Thanh ph\u1eb3ng k\u00e9o ngu\u1ed9i c\u00f3 b\u1ec1 m\u1eb7t nh\u1eb5n, \u0111\u1ed3ng \u0111\u1ec1u, kh\u00f4ng c\u00f3 v\u1ea3y v\u00e0 c\u00e1c khuy\u1ebft \u0111i\u1ec3m kh\u00e1c.<\/li>\n<li class=\"paragraph\"><strong>T\u00ednh linh ho\u1ea1t<\/strong>: C\u00f3 s\u1eb5n \u1edf nhi\u1ec1u c\u1ea5p \u0111\u1ed9 kh\u00e1c nhau (v\u00ed d\u1ee5: 1018, 4140) v\u00e0 k\u00edch c\u1ee1 kh\u00e1c nhau \u0111\u1ec3 \u0111\u00e1p \u1ee9ng c\u00e1c y\u00eau c\u1ea7u \u1ee9ng d\u1ee5ng c\u1ee5 th\u1ec3.<\/li>\n<\/ul>\n<h3>Quy tr\u00ecnh s\u1ea3n xu\u1ea5t:<\/h3>\n<div class=\"paragraph\">Quy tr\u00ecnh s\u1ea3n xu\u1ea5t bao g\u1ed3m nhi\u1ec1u b\u01b0\u1edbc, bao g\u1ed3m c\u00e1n th\u00e9p th\u00e0nh h\u00ecnh d\u1ea1ng th\u00f4, sau \u0111\u00f3 k\u00e9o ngu\u1ed9i qua khu\u00f4n \u0111\u1ec3 \u0111\u1ea1t \u0111\u01b0\u1ee3c k\u00edch th\u01b0\u1edbc v\u00e0 t\u00ednh ch\u1ea5t mong mu\u1ed1n. Ph\u01b0\u01a1ng ph\u00e1p n\u00e0y c\u0169ng cho ph\u00e9p s\u1ea3n xu\u1ea5t c\u00e1c h\u00ecnh d\u1ea1ng v\u00e0 k\u00edch th\u01b0\u1edbc t\u00f9y ch\u1ec9nh theo y\u00eau c\u1ea7u c\u1ee5 th\u1ec3 c\u1ee7a kh\u00e1ch h\u00e0ng.<\/div>\n<h4>T\u1ea1i sao ch\u1ecdn ch\u00fang t\u00f4i?<\/h4>\n<p>Ch\u00fang t\u00f4i c\u00f3 c\u01a1 s\u1edf s\u1ea3n xu\u1ea5t h\u1ea1ng nh\u1ea5t v\u00e0 m\u00f4i tr\u01b0\u1eddng nh\u00e0 m\u00e1y hi\u1ec7n \u0111\u1ea1i, c\u00f3 th\u1ec3 cung c\u1ea5p cho b\u1ea1n c\u00e1c s\u1ea3n ph\u1ea9m v\u1eadt li\u1ec7u kim lo\u1ea1i ch\u1ea5t l\u01b0\u1ee3ng cao. Ch\u00e0o m\u1eebng \u0111\u1ebfn v\u1edbi <a href=\"https:\/\/www.huanhaizhongke.com\/vi\/contact-us\/\">li\u00ean h\u1ec7 v\u1edbi ch\u00fang t\u00f4i<\/a> \u0111\u1ec3 c\u00f3 \u0111\u01b0\u1ee3c gi\u1ea3i ph\u00e1p v\u1eadt li\u1ec7u kim lo\u1ea1i ph\u00f9 h\u1ee3p v\u1edbi b\u1ea1n.<\/p>","protected":false},"excerpt":{"rendered":"<p>Th\u00e9p thanh ph\u1eb3ng v\u00e0 th\u00e9p vu\u00f4ng k\u00e9o ngu\u1ed9i l\u00e0 s\u1ea3n ph\u1ea9m th\u00e9p \u0111\u01b0\u1ee3c s\u1ea3n xu\u1ea5t b\u1eb1ng ph\u01b0\u01a1ng ph\u00e1p k\u00e9o ngu\u1ed9i.<\/p>","protected":false},"featured_media":530,"template":"","meta":{"_gspb_post_css":""},"product_brand":[],"product_cat":[23],"product_tag":[],"class_list":{"0":"post-526","1":"product","2":"type-product","3":"status-publish","4":"has-post-thumbnail","6":"product_cat-cold-drawn-square-steel-flat-steel","8":"first","9":"instock","10":"shipping-taxable","11":"product-type-simple"},"_links":{"self":[{"href":"https:\/\/www.huanhaizhongke.com\/vi\/wp-json\/wp\/v2\/product\/526","targetHints":{"allow":["GET"]}}],"collection":[{"href":"https:\/\/www.huanhaizhongke.com\/vi\/wp-json\/wp\/v2\/product"}],"about":[{"href":"https:\/\/www.huanhaizhongke.com\/vi\/wp-json\/wp\/v2\/types\/product"}],"wp:featuredmedia":[{"embeddable":true,"href":"https:\/\/www.huanhaizhongke.com\/vi\/wp-json\/wp\/v2\/media\/530"}],"wp:attachment":[{"href":"https:\/\/www.huanhaizhongke.com\/vi\/wp-json\/wp\/v2\/media?parent=526"}],"wp:term":[{"taxonomy":"product_brand","embeddable":true,"href":"https:\/\/www.huanhaizhongke.com\/vi\/wp-json\/wp\/v2\/product_brand?post=526"},{"taxonomy":"product_cat","embeddable":true,"href":"https:\/\/www.huanhaizhongke.com\/vi\/wp-json\/wp\/v2\/product_cat?post=526"},{"taxonomy":"product_tag","embeddable":true,"href":"https:\/\/www.huanhaizhongke.com\/vi\/wp-json\/wp\/v2\/product_tag?post=526"}],"curies":[{"name":"wp","href":"https:\/\/api.w.org\/{rel}","templated":true}]}}