{"id":518,"date":"2025-01-14T09:38:58","date_gmt":"2025-01-14T09:38:58","guid":{"rendered":"https:\/\/huanhaizhongke.com\/?post_type=product&#038;p=518"},"modified":"2025-03-06T03:29:32","modified_gmt":"2025-03-06T03:29:32","slug":"special-shaped-steel-pipe","status":"publish","type":"product","link":"https:\/\/www.huanhaizhongke.com\/vi\/product\/special-shaped-steel-pipe\/","title":{"rendered":"\u1ed0ng th\u00e9p h\u00ecnh d\u1ea1ng \u0111\u1eb7c bi\u1ec7t"},"content":{"rendered":"<h4>\u1ed0ng th\u00e9p h\u00ecnh \u0111\u1eb7c bi\u1ec7t l\u00e0 g\u00ec?<\/h4>\n<p>\u1ed0ng th\u00e9p h\u00ecnh \u0111\u1eb7c bi\u1ec7t, c\u00f2n \u0111\u01b0\u1ee3c g\u1ecdi l\u00e0 \u1ed1ng th\u00e9p ti\u1ebft di\u1ec7n \u0111\u1eb7c bi\u1ec7t, l\u00e0 m\u1ed9t lo\u1ea1i \u1ed1ng th\u00e9p c\u00f3 h\u00ecnh d\u1ea1ng m\u1eb7t c\u1eaft ngang \u0111\u1ed9c \u0111\u00e1o, kh\u00e1c bi\u1ec7t so v\u1edbi c\u00e1c \u1ed1ng th\u00e9p tr\u00f2n ho\u1eb7c vu\u00f4ng truy\u1ec1n th\u1ed1ng. Nh\u1eefng \u1ed1ng n\u00e0y \u0111\u01b0\u1ee3c thi\u1ebft k\u1ebf v\u00e0 s\u1ea3n xu\u1ea5t \u0111\u1ec3 \u0111\u00e1p \u1ee9ng c\u00e1c y\u00eau c\u1ea7u c\u1ee5 th\u1ec3, cung c\u1ea5p c\u00e1c gi\u1ea3i ph\u00e1p ph\u00f9 h\u1ee3p cho nhi\u1ec1u ng\u00e0nh c\u00f4ng nghi\u1ec7p kh\u00e1c nhau.<\/p>\n<h4>T\u00ednh n\u0103ng s\u1ea3n ph\u1ea9m<\/h4>\n<ul>\n<li class=\"paragraph\"><strong>H\u00ecnh d\u1ea1ng c\u00f3 th\u1ec3 t\u00f9y ch\u1ec9nh<\/strong>: \u1ed0ng th\u00e9p c\u00f3 h\u00ecnh d\u1ea1ng \u0111\u1eb7c bi\u1ec7t c\u00f3 th\u1ec3 \u0111\u01b0\u1ee3c s\u1ea3n xu\u1ea5t theo nhi\u1ec1u h\u00ecnh d\u1ea1ng kh\u00e1c nhau, ch\u1eb3ng h\u1ea1n nh\u01b0 h\u00ecnh l\u1ee5c gi\u00e1c, h\u00ecnh ch\u1eef nh\u1eadt, h\u00ecnh b\u1ea7u d\u1ee5c v\u00e0 th\u1eadm ch\u00ed l\u00e0 c\u00e1c h\u00ecnh d\u1ea1ng ph\u1ee9c t\u1ea1p h\u01a1n.<\/li>\n<li class=\"paragraph\"><strong class=\"\">T\u00ednh ch\u1ea5t c\u01a1 h\u1ecdc v\u01b0\u1ee3t tr\u1ed9i<\/strong>:Nh\u1eefng \u1ed1ng n\u00e0y th\u01b0\u1eddng c\u00f3 \u0111\u1ed9 b\u1ec1n, \u0111\u1ed9 d\u1ebbo dai v\u00e0 kh\u1ea3 n\u0103ng ch\u1ed1ng \u0103n m\u00f2n tuy\u1ec7t v\u1eddi, ph\u00f9 h\u1ee3p cho c\u00e1c \u1ee9ng d\u1ee5ng \u0111\u00f2i h\u1ecfi kh\u1eaft khe.<\/li>\n<li class=\"paragraph\"><strong>\u0110\u1ed9 ch\u00ednh x\u00e1c cao<\/strong>:C\u00e1c quy tr\u00ecnh s\u1ea3n xu\u1ea5t ti\u00ean ti\u1ebfn, ch\u1eb3ng h\u1ea1n nh\u01b0 k\u00e9o ngu\u1ed9i v\u00e0 \u0111\u00f9n n\u00f3ng, \u0111\u1ea3m b\u1ea3o \u0111\u1ed9 ch\u00ednh x\u00e1c k\u00edch th\u01b0\u1edbc v\u00e0 ch\u1ea5t l\u01b0\u1ee3ng b\u1ec1 m\u1eb7t cao.<\/li>\n<li class=\"paragraph\"><strong>Nh\u1eb9<\/strong>:Nhi\u1ec1u \u1ed1ng th\u00e9p c\u00f3 h\u00ecnh d\u1ea1ng \u0111\u1eb7c bi\u1ec7t \u0111\u01b0\u1ee3c thi\u1ebft k\u1ebf \u0111\u1ec3 t\u1ed1i \u01b0u h\u00f3a tr\u1ecdng l\u01b0\u1ee3ng trong khi v\u1eabn duy tr\u00ec t\u00ednh to\u00e0n v\u1eb9n c\u1ee7a c\u1ea5u tr\u00fac.<\/li>\n<\/ul>\n<h4>\u1ee8ng d\u1ee5ng<\/h4>\n<ul>\n<li class=\"paragraph\"><strong>S\u1ef1 thi c\u00f4ng<\/strong>: \u0110\u01b0\u1ee3c s\u1eed d\u1ee5ng trong khung k\u1ebft c\u1ea5u, c\u1ea7u v\u00e0 c\u00e1c y\u1ebfu t\u1ed1 ki\u1ebfn tr\u00fac do c\u00f3 \u0111\u1ed9 b\u1ec1n cao v\u00e0 t\u00ednh th\u1ea9m m\u1ef9 cao.<\/li>\n<li class=\"paragraph\"><strong>S\u1ea3n xu\u1ea5t c\u01a1 kh\u00ed<\/strong>: L\u00fd t\u01b0\u1edfng \u0111\u1ec3 s\u1ea3n xu\u1ea5t c\u00e1c b\u1ed9 ph\u1eadn m\u00e1y, tr\u1ee5c truy\u1ec1n \u0111\u1ed9ng v\u00e0 c\u00e1c th\u00e0nh ph\u1ea7n kh\u00e1c y\u00eau c\u1ea7u h\u00ecnh d\u1ea1ng c\u1ee5 th\u1ec3 v\u00e0 \u0111\u1ed9 b\u1ec1n cao.<\/li>\n<li class=\"paragraph\"><strong class=\"\">Ng\u00e0nh c\u00f4ng nghi\u1ec7p \u00f4 t\u00f4<\/strong>: \u0110\u01b0\u1ee3c s\u1eed d\u1ee5ng trong khung xe \u00f4 t\u00f4, <a href=\"https:\/\/en.wikipedia.org\/wiki\/Car_suspension\" target=\"_blank\" rel=\"noopener\">\u0111\u00ecnh ch\u1ec9<\/a> h\u1ec7 th\u1ed1ng v\u00e0 c\u00e1c th\u00e0nh ph\u1ea7n \u0111\u1ed9ng c\u01a1 \u0111\u1ec3 n\u00e2ng cao hi\u1ec7u su\u1ea5t v\u00e0 \u0111\u1ed9 an to\u00e0n.<\/li>\n<li class=\"paragraph\"><strong>Ng\u00e0nh c\u00f4ng nghi\u1ec7p d\u1ea7u m\u1ecf v\u00e0 h\u00f3a ch\u1ea5t<\/strong>: \u0110\u01b0\u1ee3c s\u1eed d\u1ee5ng cho \u0111\u01b0\u1eddng \u1ed1ng v\u00e0 thi\u1ebft b\u1ecb c\u1ea7n ch\u1ecbu \u0111\u01b0\u1ee3c \u00e1p su\u1ea5t cao v\u00e0 m\u00f4i tr\u01b0\u1eddng \u0103n m\u00f2n.<\/li>\n<li class=\"paragraph\"><strong>H\u00e0ng kh\u00f4ng v\u0169 tr\u1ee5<\/strong>: \u0110\u01b0\u1ee3c \u1ee9ng d\u1ee5ng trong c\u00e1c b\u1ed9 ph\u1eadn m\u00e1y bay v\u00e0 h\u1ec7 th\u1ed1ng nhi\u00ean li\u1ec7u do c\u00f3 tr\u1ecdng l\u01b0\u1ee3ng nh\u1eb9 v\u00e0 \u0111\u1ed9 b\u1ec1n cao.<\/li>\n<li class=\"paragraph\"><strong>C\u00f4ng d\u1ee5ng trang tr\u00ed v\u00e0 n\u1ed9i th\u1ea5t<\/strong>:C\u00e1c \u1ed1ng th\u00e9p c\u00f3 h\u00ecnh d\u1ea1ng \u0111\u1eb7c bi\u1ec7t c\u0169ng \u0111\u01b0\u1ee3c s\u1eed d\u1ee5ng trong s\u1ea3n xu\u1ea5t \u0111\u1ed3 n\u1ed9i th\u1ea5t v\u00e0 c\u00e1c y\u1ebfu t\u1ed1 trang tr\u00ed v\u00ec v\u1ebb ngo\u00e0i \u0111\u1ed9c \u0111\u00e1o c\u1ee7a ch\u00fang.<\/li>\n<\/ul>\n<h4>T\u1ea1i sao ch\u1ecdn ch\u00fang t\u00f4i?<\/h4>\n<p>Ch\u00fang t\u00f4i c\u00f3 c\u01a1 s\u1edf s\u1ea3n xu\u1ea5t h\u1ea1ng nh\u1ea5t v\u00e0 m\u00f4i tr\u01b0\u1eddng nh\u00e0 m\u00e1y hi\u1ec7n \u0111\u1ea1i, c\u00f3 th\u1ec3 cung c\u1ea5p cho b\u1ea1n c\u00e1c s\u1ea3n ph\u1ea9m v\u1eadt li\u1ec7u kim lo\u1ea1i ch\u1ea5t l\u01b0\u1ee3ng cao. Ch\u00e0o m\u1eebng \u0111\u1ebfn v\u1edbi <a href=\"https:\/\/www.huanhaizhongke.com\/vi\/contact-us\/\">li\u00ean h\u1ec7 v\u1edbi ch\u00fang t\u00f4i<\/a> \u0111\u1ec3 c\u00f3 \u0111\u01b0\u1ee3c gi\u1ea3i ph\u00e1p v\u1eadt li\u1ec7u kim lo\u1ea1i ph\u00f9 h\u1ee3p v\u1edbi b\u1ea1n.<\/p>","protected":false},"excerpt":{"rendered":"<p>\u1ed0ng th\u00e9p h\u00ecnh d\u1ea1ng \u0111\u1eb7c bi\u1ec7t l\u00e0 \u1ed1ng th\u00e9p c\u00f3 h\u00ecnh d\u1ea1ng m\u1eb7t c\u1eaft ngang kh\u00f4ng ph\u1ea3i h\u00ecnh tr\u00f2n, ch\u1eb3ng h\u1ea1n nh\u01b0 h\u00ecnh vu\u00f4ng, h\u00ecnh ch\u1eef nh\u1eadt ho\u1eb7c h\u00ecnh \u0111a gi\u00e1c.<\/p>","protected":false},"featured_media":523,"template":"","meta":{"_gspb_post_css":""},"product_brand":[],"product_cat":[22],"product_tag":[],"class_list":{"0":"post-518","1":"product","2":"type-product","3":"status-publish","4":"has-post-thumbnail","6":"product_cat-steel-pipe","8":"first","9":"instock","10":"shipping-taxable","11":"product-type-simple"},"_links":{"self":[{"href":"https:\/\/www.huanhaizhongke.com\/vi\/wp-json\/wp\/v2\/product\/518","targetHints":{"allow":["GET"]}}],"collection":[{"href":"https:\/\/www.huanhaizhongke.com\/vi\/wp-json\/wp\/v2\/product"}],"about":[{"href":"https:\/\/www.huanhaizhongke.com\/vi\/wp-json\/wp\/v2\/types\/product"}],"wp:featuredmedia":[{"embeddable":true,"href":"https:\/\/www.huanhaizhongke.com\/vi\/wp-json\/wp\/v2\/media\/523"}],"wp:attachment":[{"href":"https:\/\/www.huanhaizhongke.com\/vi\/wp-json\/wp\/v2\/media?parent=518"}],"wp:term":[{"taxonomy":"product_brand","embeddable":true,"href":"https:\/\/www.huanhaizhongke.com\/vi\/wp-json\/wp\/v2\/product_brand?post=518"},{"taxonomy":"product_cat","embeddable":true,"href":"https:\/\/www.huanhaizhongke.com\/vi\/wp-json\/wp\/v2\/product_cat?post=518"},{"taxonomy":"product_tag","embeddable":true,"href":"https:\/\/www.huanhaizhongke.com\/vi\/wp-json\/wp\/v2\/product_tag?post=518"}],"curies":[{"name":"wp","href":"https:\/\/api.w.org\/{rel}","templated":true}]}}