{"id":510,"date":"2025-01-14T09:23:48","date_gmt":"2025-01-14T09:23:48","guid":{"rendered":"https:\/\/huanhaizhongke.com\/?post_type=product&#038;p=510"},"modified":"2025-03-04T03:23:35","modified_gmt":"2025-03-04T03:23:35","slug":"seamless-steel-pipe","status":"publish","type":"product","link":"https:\/\/www.huanhaizhongke.com\/vi\/product\/seamless-steel-pipe\/","title":{"rendered":"\u1ed0ng th\u00e9p li\u1ec1n m\u1ea1ch"},"content":{"rendered":"<h4>\u1ed0ng th\u00e9p li\u1ec1n m\u1ea1ch l\u00e0 g\u00ec?<\/h4>\n<p>\u1ed0ng th\u00e9p li\u1ec1n m\u1ea1ch l\u00e0 lo\u1ea1i \u1ed1ng th\u00e9p \u0111\u01b0\u1ee3c s\u1ea3n xu\u1ea5t m\u00e0 kh\u00f4ng c\u00f3 b\u1ea5t k\u1ef3 m\u1ed1i n\u1ed1i ho\u1eb7c m\u1ed1i h\u00e0n n\u00e0o. N\u00f3 \u0111\u01b0\u1ee3c s\u1ea3n xu\u1ea5t b\u1eb1ng c\u00e1ch nung n\u00f3ng m\u1ed9t ph\u00f4i th\u00e9p tr\u00f2n \u0111\u1eb7c v\u00e0 sau \u0111\u00f3 t\u1ea1o th\u00e0nh m\u1ed9t \u1ed1ng r\u1ed7ng th\u00f4ng qua c\u00e1c quy tr\u00ecnh nh\u01b0 \u0111\u00f9n ho\u1eb7c \u0111\u1ee5c l\u1ed7 quay. Ph\u01b0\u01a1ng ph\u00e1p s\u1ea3n xu\u1ea5t n\u00e0y lo\u1ea1i b\u1ecf c\u00e1c \u0111i\u1ec3m y\u1ebfu li\u00ean quan \u0111\u1ebfn h\u00e0n, t\u1ea1o ra m\u1ed9t c\u1ea5u tr\u00fac \u0111\u1ed3ng nh\u1ea5t, ch\u1eafc ch\u1eafn h\u01a1n v\u00e0 b\u1ec1n h\u01a1n.<\/p>\n<h4>T\u00ednh n\u0103ng s\u1ea3n ph\u1ea9m<\/h4>\n<ul>\n<li class=\"paragraph\"><strong>\u0110\u1ed9 b\u1ec1n v\u00e0 s\u1ee9c m\u1ea1nh cao<\/strong>:\u1ed0ng li\u1ec1n m\u1ea1ch c\u00f3 th\u1ec3 ch\u1ecbu \u0111\u01b0\u1ee3c \u00e1p su\u1ea5t cao h\u01a1n v\u00e0 \u00edt b\u1ecb r\u00f2 r\u1ec9 ho\u1eb7c h\u1ecfng h\u00f3c khi ch\u1ecbu \u00e1p l\u1ef1c.<\/li>\n<li class=\"paragraph\"><strong>Ch\u1ed1ng \u0103n m\u00f2n<\/strong>:T\u00f9y thu\u1ed9c v\u00e0o v\u1eadt li\u1ec7u (v\u00ed d\u1ee5: th\u00e9p kh\u00f4ng g\u1ec9), \u1ed1ng li\u1ec1n m\u1ea1ch c\u00f3 kh\u1ea3 n\u0103ng ch\u1ed1ng \u0103n m\u00f2n t\u1ed1t.<\/li>\n<li class=\"paragraph\"><strong>B\u1ec1 m\u1eb7t ho\u00e0n thi\u1ec7n m\u1ecbn<\/strong>:Vi\u1ec7c kh\u00f4ng c\u00f3 m\u1ed1i h\u00e0n t\u1ea1o ra b\u1ec1 m\u1eb7t b\u00ean trong m\u1ecbn h\u01a1n, gi\u1ea3m ma s\u00e1t v\u00e0 c\u1ea3i thi\u1ec7n hi\u1ec7u qu\u1ea3 d\u00f2ng ch\u1ea3y c\u1ee7a ch\u1ea5t l\u1ecfng.<\/li>\n<li class=\"paragraph\"><strong class=\"\">Kh\u1ea3 n\u0103ng t\u00f9y ch\u1ec9nh<\/strong>: C\u00f3 nhi\u1ec1u k\u00edch c\u1ee1, \u0111\u1ed9 d\u00e0y v\u00e0 chi\u1ec1u d\u00e0i kh\u00e1c nhau \u0111\u1ec3 \u0111\u00e1p \u1ee9ng c\u00e1c y\u00eau c\u1ea7u \u1ee9ng d\u1ee5ng c\u1ee5 th\u1ec3.<\/li>\n<li class=\"paragraph\"><strong>C\u1ea5u tr\u00fac \u0111\u1ed3ng nh\u1ea5t<\/strong>:Thi\u1ebft k\u1ebf li\u1ec1n m\u1ea1ch \u0111\u1ea3m b\u1ea3o ph\u00e2n b\u1ed5 \u00e1p su\u1ea5t \u0111\u1ec1u, gi\u1ea3m nguy c\u01a1 h\u1ecfng h\u00f3c trong c\u00e1c h\u1ec7 th\u1ed1ng \u00e1p su\u1ea5t cao.<\/li>\n<\/ul>\n<h4>\u1ee8ng d\u1ee5ng<\/h4>\n<ul>\n<li class=\"paragraph\"><strong>Ng\u00e0nh c\u00f4ng nghi\u1ec7p d\u1ea7u kh\u00ed<\/strong>: \u0110\u01b0\u1ee3c s\u1eed d\u1ee5ng \u0111\u1ec3 v\u1eadn chuy\u1ec3n <a href=\"https:\/\/en.wikipedia.org\/wiki\/Petroleum\" target=\"_blank\" rel=\"noopener\">d\u1ea7u th\u00f4<\/a>, kh\u00ed \u0111\u1ed1t t\u1ef1 nhi\u00ean v\u00e0 c\u00e1c s\u1ea3n ph\u1ea9m tinh ch\u1ebf. \u1ed0ng li\u1ec1n m\u1ea1ch \u0111\u01b0\u1ee3c \u01b0a chu\u1ed9ng v\u00ec kh\u1ea3 n\u0103ng ch\u1ecbu \u0111\u01b0\u1ee3c \u00e1p su\u1ea5t cao v\u00e0 \u0111i\u1ec1u ki\u1ec7n m\u00f4i tr\u01b0\u1eddng kh\u1eafc nghi\u1ec7t.<\/li>\n<li class=\"paragraph\"><strong>S\u1ea3n xu\u1ea5t \u0111i\u1ec7n<\/strong>:\u0110\u01b0\u1ee3c s\u1eed d\u1ee5ng trong c\u00e1c nh\u00e0 m\u00e1y \u0111i\u1ec7n nhi\u1ec7t v\u00e0 \u0111i\u1ec7n h\u1ea1t nh\u00e2n \u0111\u1ec3 v\u1eadn chuy\u1ec3n h\u01a1i n\u01b0\u1edbc v\u00e0 c\u00e1c ch\u1ea5t l\u1ecfng kh\u00e1c d\u01b0\u1edbi nhi\u1ec7t \u0111\u1ed9 v\u00e0 \u00e1p su\u1ea5t cao.<\/li>\n<li class=\"paragraph\"><strong>Ng\u00e0nh c\u00f4ng nghi\u1ec7p h\u00f3a ch\u1ea5t<\/strong>: \u0110\u01b0\u1ee3c s\u1eed d\u1ee5ng trong c\u00e1c nh\u00e0 m\u00e1y h\u00f3a ch\u1ea5t \u0111\u1ec3 v\u1eadn chuy\u1ec3n h\u00f3a ch\u1ea5t \u0103n m\u00f2n v\u00e0 \u0111\u1ed9c h\u1ea1i do b\u1ea3n ch\u1ea5t kh\u00f4ng ph\u1ea3n \u1ee9ng v\u00e0 kh\u1ea3 n\u0103ng ch\u1ecbu \u00e1p su\u1ea5t cao.<\/li>\n<li class=\"paragraph\"><strong class=\"\">Ng\u00e0nh c\u00f4ng nghi\u1ec7p \u00f4 t\u00f4<\/strong>: \u0110\u01b0\u1ee3c s\u1eed d\u1ee5ng trong \u0111\u1ed9ng c\u01a1, h\u1ec7 th\u1ed1ng x\u1ea3 v\u00e0 h\u1ec7 th\u1ed1ng th\u1ee7y l\u1ef1c v\u00ec \u0111\u1ed9 b\u1ec1n v\u00e0 \u0111\u1ed9 tin c\u1eady cao.<\/li>\n<li class=\"paragraph\"><strong class=\"\">Ng\u00e0nh x\u00e2y d\u1ef1ng<\/strong>: \u0110\u01b0\u1ee3c s\u1eed d\u1ee5ng trong c\u00e1c \u1ee9ng d\u1ee5ng k\u1ebft c\u1ea5u, h\u1ec7 th\u1ed1ng \u1ed1ng n\u01b0\u1edbc v\u00e0 c\u00e1c t\u00f2a nh\u00e0 cao t\u1ea7ng v\u00ec \u0111\u1ed9 b\u1ec1n v\u00e0 kh\u1ea3 n\u0103ng ch\u1ed1ng g\u1ec9.<\/li>\n<li class=\"paragraph\"><strong>\u1ee8ng d\u1ee5ng c\u01a1 kh\u00ed v\u00e0 c\u00f4ng nghi\u1ec7p<\/strong>: \u0110\u01b0\u1ee3c s\u1eed d\u1ee5ng trong s\u1ea3n xu\u1ea5t thi\u1ebft b\u1ecb ch\u00ednh x\u00e1c, d\u1ee5ng c\u1ee5 v\u00e0 linh ki\u1ec7n m\u00e1y m\u00f3c.<\/li>\n<\/ul>\n<h4>T\u1ea1i sao ch\u1ecdn ch\u00fang t\u00f4i?<\/h4>\n<p>Ch\u00fang t\u00f4i c\u00f3 c\u01a1 s\u1edf s\u1ea3n xu\u1ea5t h\u1ea1ng nh\u1ea5t v\u00e0 m\u00f4i tr\u01b0\u1eddng nh\u00e0 m\u00e1y hi\u1ec7n \u0111\u1ea1i, c\u00f3 th\u1ec3 cung c\u1ea5p cho b\u1ea1n c\u00e1c s\u1ea3n ph\u1ea9m v\u1eadt li\u1ec7u kim lo\u1ea1i ch\u1ea5t l\u01b0\u1ee3ng cao. Ch\u00e0o m\u1eebng \u0111\u1ebfn v\u1edbi <a href=\"https:\/\/www.huanhaizhongke.com\/vi\/contact-us\/\">li\u00ean h\u1ec7 v\u1edbi ch\u00fang t\u00f4i<\/a> \u0111\u1ec3 c\u00f3 \u0111\u01b0\u1ee3c gi\u1ea3i ph\u00e1p v\u1eadt li\u1ec7u kim lo\u1ea1i ph\u00f9 h\u1ee3p v\u1edbi b\u1ea1n.<\/p>","protected":false},"excerpt":{"rendered":"<p>\u1ed0ng th\u00e9p li\u1ec1n m\u1ea1ch \u0111\u01b0\u1ee3c s\u1ea3n xu\u1ea5t b\u1eb1ng quy tr\u00ecnh c\u00e1n n\u00f3ng ho\u1eb7c k\u00e9o ngu\u1ed9i, kh\u00f4ng c\u1ea7n m\u1ed1i h\u00e0n.<\/p>","protected":false},"featured_media":516,"template":"","meta":{"_gspb_post_css":""},"product_brand":[],"product_cat":[22],"product_tag":[],"class_list":{"0":"post-510","1":"product","2":"type-product","3":"status-publish","4":"has-post-thumbnail","6":"product_cat-steel-pipe","8":"first","9":"instock","10":"shipping-taxable","11":"product-type-simple"},"_links":{"self":[{"href":"https:\/\/www.huanhaizhongke.com\/vi\/wp-json\/wp\/v2\/product\/510","targetHints":{"allow":["GET"]}}],"collection":[{"href":"https:\/\/www.huanhaizhongke.com\/vi\/wp-json\/wp\/v2\/product"}],"about":[{"href":"https:\/\/www.huanhaizhongke.com\/vi\/wp-json\/wp\/v2\/types\/product"}],"wp:featuredmedia":[{"embeddable":true,"href":"https:\/\/www.huanhaizhongke.com\/vi\/wp-json\/wp\/v2\/media\/516"}],"wp:attachment":[{"href":"https:\/\/www.huanhaizhongke.com\/vi\/wp-json\/wp\/v2\/media?parent=510"}],"wp:term":[{"taxonomy":"product_brand","embeddable":true,"href":"https:\/\/www.huanhaizhongke.com\/vi\/wp-json\/wp\/v2\/product_brand?post=510"},{"taxonomy":"product_cat","embeddable":true,"href":"https:\/\/www.huanhaizhongke.com\/vi\/wp-json\/wp\/v2\/product_cat?post=510"},{"taxonomy":"product_tag","embeddable":true,"href":"https:\/\/www.huanhaizhongke.com\/vi\/wp-json\/wp\/v2\/product_tag?post=510"}],"curies":[{"name":"wp","href":"https:\/\/api.w.org\/{rel}","templated":true}]}}