{"id":502,"date":"2025-01-14T09:10:21","date_gmt":"2025-01-14T09:10:21","guid":{"rendered":"https:\/\/huanhaizhongke.com\/?post_type=product&#038;p=502"},"modified":"2025-03-06T03:30:13","modified_gmt":"2025-03-06T03:30:13","slug":"precision-steel-pipe","status":"publish","type":"product","link":"https:\/\/www.huanhaizhongke.com\/vi\/product\/precision-steel-pipe\/","title":{"rendered":"\u1ed0ng th\u00e9p ch\u00ednh x\u00e1c"},"content":{"rendered":"<h4>\u1ed0ng th\u00e9p ch\u00ednh x\u00e1c l\u00e0 g\u00ec?<\/h4>\n<p>\u1ed0ng th\u00e9p ch\u00ednh x\u00e1c l\u00e0 s\u1ea3n ph\u1ea9m th\u00e9p ch\u1ea5t l\u01b0\u1ee3ng cao v\u00e0 c\u00f3 \u0111\u1ed9 ch\u00ednh x\u00e1c cao \u0111\u01b0\u1ee3c s\u1ea3n xu\u1ea5t th\u00f4ng qua c\u00e1c quy tr\u00ecnh nh\u01b0 k\u00e9o ngu\u1ed9i ho\u1eb7c c\u00e1n ngu\u1ed9i. S\u1ea3n ph\u1ea9m n\u00e0y c\u00f3 \u0111\u1ed9 ch\u00ednh x\u00e1c k\u00edch th\u01b0\u1edbc, ch\u1ea5t l\u01b0\u1ee3ng b\u1ec1 m\u1eb7t v\u00e0 t\u00ednh ch\u1ea5t c\u01a1 h\u1ecdc v\u01b0\u1ee3t tr\u1ed9i so v\u1edbi \u1ed1ng th\u00e9p th\u00f4ng th\u01b0\u1eddng. C\u00e1c \u1ed1ng n\u00e0y c\u00f3 s\u1eb5n \u1edf d\u1ea1ng li\u1ec1n m\u1ea1ch ho\u1eb7c h\u00e0n v\u00e0 c\u00f3 th\u1ec3 \u0111\u01b0\u1ee3c s\u1ea3n xu\u1ea5t theo nhi\u1ec1u h\u00ecnh d\u1ea1ng kh\u00e1c nhau, bao g\u1ed3m tr\u00f2n, vu\u00f4ng v\u00e0 ch\u1eef nh\u1eadt.<\/p>\n<h4>T\u00ednh n\u0103ng s\u1ea3n ph\u1ea9m<\/h4>\n<ul>\n<li class=\"paragraph\"><strong>\u0110\u1ed9 ch\u00ednh x\u00e1c k\u00edch th\u01b0\u1edbc cao<\/strong>: \u1ed0ng th\u00e9p ch\u00ednh x\u00e1c c\u00f3 dung sai c\u1ef1c k\u1ef3 ch\u1eb7t ch\u1ebd, th\u01b0\u1eddng ch\u1ec9 trong v\u00e0i ph\u1ea7n ngh\u00ecn milim\u00e9t. \u0110i\u1ec1u n\u00e0y \u0111\u1ea3m b\u1ea3o \u0111\u1ed9 ch\u00ednh x\u00e1c cao cho c\u00e1c \u1ee9ng d\u1ee5ng \u0111\u00f2i h\u1ecfi \u0111\u1ed9 ch\u00ednh x\u00e1c cao.<\/li>\n<li class=\"paragraph\"><strong>B\u1ec1 m\u1eb7t ho\u00e0n thi\u1ec7n cao c\u1ea5p<\/strong>: \u0110\u1ed9 nh\u00e1m b\u1ec1 m\u1eb7t th\u01b0\u1eddng nh\u1ecf h\u01a1n 6 <a href=\"https:\/\/en.wikipedia.org\/wiki\/Micrometre\" target=\"_blank\" rel=\"noopener\">\u00b5m<\/a>, t\u1ea1o ra b\u1ec1 m\u1eb7t nh\u1eb5n gi\u00fap gi\u1ea3m ma s\u00e1t v\u00e0 m\u00e0i m\u00f2n.<\/li>\n<li class=\"paragraph\"><strong>S\u1ee9c m\u1ea1nh v\u00e0 \u0111\u1ed9 b\u1ec1n<\/strong>:C\u00e1c lo\u1ea1i \u1ed1ng n\u00e0y c\u00f3 \u0111\u1ed9 b\u1ec1n k\u00e9o cao, \u0111\u1ed9 d\u1ebbo t\u1ed1t v\u00e0 kh\u1ea3 n\u0103ng ch\u1ed1ng m\u1ecfi tuy\u1ec7t v\u1eddi, ph\u00f9 h\u1ee3p v\u1edbi c\u00e1c \u1ee9ng d\u1ee5ng \u0111\u00f2i h\u1ecfi kh\u1eaft khe.<\/li>\n<li class=\"paragraph\"><strong class=\"\">Ch\u1ed1ng \u0103n m\u00f2n<\/strong>:Nhi\u1ec1u \u1ed1ng th\u00e9p ch\u00ednh x\u00e1c \u0111\u01b0\u1ee3c l\u00e0m t\u1eeb c\u00e1c v\u1eadt li\u1ec7u nh\u01b0 th\u00e9p kh\u00f4ng g\u1ec9 ho\u1eb7c th\u00e9p h\u1ee3p kim, c\u00f3 kh\u1ea3 n\u0103ng ch\u1ed1ng \u0103n m\u00f2n.<\/li>\n<li class=\"paragraph\"><strong class=\"\">Kh\u1ea3 n\u0103ng t\u00f9y ch\u1ec9nh<\/strong>: C\u00f3 s\u1eb5n nhi\u1ec1u lo\u1ea1i th\u00e9p kh\u00e1c nhau (v\u00ed d\u1ee5: th\u00e9p kh\u00f4ng g\u1ec9 304 v\u00e0 316, th\u00e9p h\u1ee3p kim 4130 v\u00e0 4140) \u0111\u1ec3 \u0111\u00e1p \u1ee9ng c\u00e1c y\u00eau c\u1ea7u \u1ee9ng d\u1ee5ng c\u1ee5 th\u1ec3.<\/li>\n<\/ul>\n<h4>\u1ee8ng d\u1ee5ng<\/h4>\n<p>N\u00f3 c\u00f3 th\u1ec3 \u0111\u01b0\u1ee3c s\u1eed d\u1ee5ng r\u1ed9ng r\u00e3i trong s\u1ea3n xu\u1ea5t c\u00e1c b\u1ed9 ph\u1eadn m\u00e1y m\u00f3c ch\u00ednh x\u00e1c v\u00e0 k\u1ebft c\u1ea5u k\u1ef9 thu\u1eadt, v\u00e0 c\u0169ng th\u01b0\u1eddng \u0111\u01b0\u1ee3c s\u1eed d\u1ee5ng \u0111\u1ec3 s\u1ea3n xu\u1ea5t nhi\u1ec1u lo\u1ea1i v\u0169 kh\u00ed th\u00f4ng th\u01b0\u1eddng, n\u00f2ng s\u00fang, v\u1ecf \u0111\u1ea1n, \u1ed5 tr\u1ee5c, v.v.<\/p>\n<h4>T\u1ea1i sao ch\u1ecdn ch\u00fang t\u00f4i?<\/h4>\n<p>Ch\u00fang t\u00f4i c\u00f3 c\u01a1 s\u1edf s\u1ea3n xu\u1ea5t h\u1ea1ng nh\u1ea5t v\u00e0 m\u00f4i tr\u01b0\u1eddng nh\u00e0 m\u00e1y hi\u1ec7n \u0111\u1ea1i, c\u00f3 th\u1ec3 cung c\u1ea5p cho b\u1ea1n c\u00e1c s\u1ea3n ph\u1ea9m v\u1eadt li\u1ec7u kim lo\u1ea1i ch\u1ea5t l\u01b0\u1ee3ng cao. Ch\u00e0o m\u1eebng \u0111\u1ebfn v\u1edbi <a href=\"https:\/\/www.huanhaizhongke.com\/vi\/contact-us\/\">li\u00ean h\u1ec7 v\u1edbi ch\u00fang t\u00f4i<\/a> \u0111\u1ec3 c\u00f3 \u0111\u01b0\u1ee3c gi\u1ea3i ph\u00e1p v\u1eadt li\u1ec7u kim lo\u1ea1i ph\u00f9 h\u1ee3p v\u1edbi b\u1ea1n.<\/p>","protected":false},"excerpt":{"rendered":"<p>\u1ed0ng th\u00e9p ch\u00ednh x\u00e1c l\u00e0 \u1ed1ng th\u00e9p c\u00f3 k\u00edch th\u01b0\u1edbc c\u00f3 \u0111\u1ed9 ch\u00ednh x\u00e1c cao v\u00e0 b\u1ec1 m\u1eb7t b\u00ean trong v\u00e0 b\u00ean ngo\u00e0i nh\u1eb5n.<\/p>","protected":false},"featured_media":503,"template":"","meta":{"_gspb_post_css":""},"product_brand":[],"product_cat":[22],"product_tag":[],"class_list":{"0":"post-502","1":"product","2":"type-product","3":"status-publish","4":"has-post-thumbnail","6":"product_cat-steel-pipe","8":"first","9":"instock","10":"shipping-taxable","11":"product-type-simple"},"_links":{"self":[{"href":"https:\/\/www.huanhaizhongke.com\/vi\/wp-json\/wp\/v2\/product\/502","targetHints":{"allow":["GET"]}}],"collection":[{"href":"https:\/\/www.huanhaizhongke.com\/vi\/wp-json\/wp\/v2\/product"}],"about":[{"href":"https:\/\/www.huanhaizhongke.com\/vi\/wp-json\/wp\/v2\/types\/product"}],"wp:featuredmedia":[{"embeddable":true,"href":"https:\/\/www.huanhaizhongke.com\/vi\/wp-json\/wp\/v2\/media\/503"}],"wp:attachment":[{"href":"https:\/\/www.huanhaizhongke.com\/vi\/wp-json\/wp\/v2\/media?parent=502"}],"wp:term":[{"taxonomy":"product_brand","embeddable":true,"href":"https:\/\/www.huanhaizhongke.com\/vi\/wp-json\/wp\/v2\/product_brand?post=502"},{"taxonomy":"product_cat","embeddable":true,"href":"https:\/\/www.huanhaizhongke.com\/vi\/wp-json\/wp\/v2\/product_cat?post=502"},{"taxonomy":"product_tag","embeddable":true,"href":"https:\/\/www.huanhaizhongke.com\/vi\/wp-json\/wp\/v2\/product_tag?post=502"}],"curies":[{"name":"wp","href":"https:\/\/api.w.org\/{rel}","templated":true}]}}