{"id":494,"date":"2025-01-14T09:03:13","date_gmt":"2025-01-14T09:03:13","guid":{"rendered":"https:\/\/huanhaizhongke.com\/?post_type=product&#038;p=494"},"modified":"2025-07-22T02:06:51","modified_gmt":"2025-07-22T02:06:51","slug":"thick-wall-pipe","status":"publish","type":"product","link":"https:\/\/www.huanhaizhongke.com\/vi\/product\/thick-wall-pipe\/","title":{"rendered":"\u1ed0ng th\u00e0nh d\u00e0y"},"content":{"rendered":"<h3 data-start=\"78\" data-end=\"150\"><strong data-start=\"82\" data-end=\"150\">\u1ed0ng th\u00e0nh d\u00e0y \u2013 \u0110\u01b0\u1ee3c thi\u1ebft k\u1ebf \u0111\u1ec3 c\u00f3 \u0111\u1ed9 b\u1ec1n v\u00e0 \u0111\u1ed9 ch\u1eafc ch\u1eafn c\u1ef1c cao<\/strong><\/h3>\n<p data-start=\"152\" data-end=\"524\"><strong data-start=\"152\" data-end=\"172\">T\u1ed5ng quan v\u1ec1 s\u1ea3n ph\u1ea9m<\/strong><br data-start=\"172\" data-end=\"175\" \/>\u1ed0ng th\u00e0nh d\u00e0y \u0111\u01b0\u1ee3c thi\u1ebft k\u1ebf cho c\u00e1c \u1ee9ng d\u1ee5ng \u0111\u00f2i h\u1ecfi kh\u1ea3 n\u0103ng ch\u1ecbu \u00e1p su\u1ea5t cao, t\u00ednh to\u00e0n v\u1eb9n v\u1ec1 k\u1ebft c\u1ea5u v\u00e0 \u0111\u1ed9 tin c\u1eady l\u00e2u d\u00e0i. V\u1edbi \u0111\u1ed9 d\u00e0y th\u00e0nh d\u00e0y h\u01a1n so v\u1edbi \u1ed1ng ti\u00eau chu\u1ea9n, s\u1ea3n ph\u1ea9m n\u00e0y v\u01b0\u1ee3t tr\u1ed9i trong c\u00e1c c\u00f4ng tr\u00ecnh x\u00e2y d\u1ef1ng ch\u1ecbu l\u1ef1c n\u1eb7ng, h\u1ec7 th\u1ed1ng \u00e1p su\u1ea5t cao, linh ki\u1ec7n gia c\u00f4ng v\u00e0 c\u00e1c \u1ee9ng d\u1ee5ng c\u00f4ng nghi\u1ec7p \u0111\u00f2i h\u1ecfi \u0111\u1ed9 b\u1ec1n v\u00e0 hi\u1ec7u su\u1ea5t cao.<\/p>\n<h3 data-start=\"531\" data-end=\"551\"><\/h3>\n<h3 data-start=\"531\" data-end=\"551\"><strong data-start=\"535\" data-end=\"551\">C\u00e1c t\u00ednh n\u0103ng ch\u00ednh<\/strong><\/h3>\n<ul data-start=\"553\" data-end=\"1148\">\n<li data-start=\"553\" data-end=\"661\">\n<p data-start=\"555\" data-end=\"661\"><strong data-start=\"555\" data-end=\"579\">S\u1ee9c m\u1ea1nh \u0111\u1eb7c bi\u1ec7t<\/strong>: \u0110\u01b0\u1ee3c thi\u1ebft k\u1ebf \u0111\u1ec3 ch\u1ecbu \u0111\u01b0\u1ee3c \u00e1p su\u1ea5t cao, t\u1ea3i tr\u1ecdng n\u1eb7ng v\u00e0 \u0111i\u1ec1u ki\u1ec7n l\u00e0m vi\u1ec7c kh\u1eafc nghi\u1ec7t.<\/p>\n<\/li>\n<li data-start=\"662\" data-end=\"779\">\n<p data-start=\"664\" data-end=\"779\"><strong data-start=\"664\" data-end=\"693\">\u0110\u1ed9 ch\u00ednh x\u00e1c k\u00edch th\u01b0\u1edbc cao<\/strong>: \u0110\u01b0\u1ee3c s\u1ea3n xu\u1ea5t v\u1edbi dung sai ch\u1eb7t ch\u1ebd \u0111\u1ec3 \u0111\u1ea3m b\u1ea3o v\u1eeba v\u1eb7n ch\u00ednh x\u00e1c v\u00e0 t\u00edch h\u1ee3p li\u1ec1n m\u1ea1ch.<\/p>\n<\/li>\n<li data-start=\"780\" data-end=\"892\">\n<p data-start=\"782\" data-end=\"892\"><strong data-start=\"782\" data-end=\"808\">Kh\u1ea3 n\u0103ng gia c\u00f4ng v\u01b0\u1ee3t tr\u1ed9i<\/strong>: L\u00fd t\u01b0\u1edfng cho gia c\u00f4ng CNC, c\u1eaft ren v\u00e0 h\u00e0n\u2014ph\u00f9 h\u1ee3p cho ch\u1ebf t\u1ea1o theo y\u00eau c\u1ea7u.<\/p>\n<\/li>\n<li data-start=\"893\" data-end=\"1025\">\n<p data-start=\"895\" data-end=\"1025\"><strong data-start=\"895\" data-end=\"922\">Nhi\u1ec1u lo\u1ea1i v\u1eadt li\u1ec7u<\/strong>: C\u00f3 s\u1eb5n b\u1eb1ng th\u00e9p cacbon, th\u00e9p h\u1ee3p kim v\u00e0 th\u00e9p kh\u00f4ng g\u1ec9 \u0111\u1ec3 \u0111\u00e1p \u1ee9ng c\u00e1c y\u00eau c\u1ea7u c\u00f4ng nghi\u1ec7p kh\u00e1c nhau.<\/p>\n<\/li>\n<li data-start=\"1026\" data-end=\"1148\">\n<p data-start=\"1028\" data-end=\"1148\"><strong data-start=\"1028\" data-end=\"1060\">Ch\u1ed1ng \u0103n m\u00f2n v\u00e0 m\u00e0i m\u00f2n<\/strong>: L\u1edbp ph\u1ee7 v\u00e0 x\u1eed l\u00fd nhi\u1ec7t t\u00f9y ch\u1ecdn gi\u00fap k\u00e9o d\u00e0i tu\u1ed5i th\u1ecd, ngay c\u1ea3 trong m\u00f4i tr\u01b0\u1eddng kh\u1eafc nghi\u1ec7t.<\/p>\n<\/li>\n<\/ul>\n<h3 data-start=\"1155\" data-end=\"1175\"><\/h3>\n<h3 data-start=\"1155\" data-end=\"1175\"><strong data-start=\"1159\" data-end=\"1175\">\u1ee8ng d\u1ee5ng<\/strong><\/h3>\n<ul data-start=\"1177\" data-end=\"1425\">\n<li data-start=\"1177\" data-end=\"1226\">\n<p data-start=\"1179\" data-end=\"1226\">H\u1ec7 th\u1ed1ng th\u1ee7y l\u1ef1c v\u00e0 kh\u00ed n\u00e9n \u00e1p su\u1ea5t cao<\/p>\n<\/li>\n<li data-start=\"1227\" data-end=\"1274\">\n<p data-start=\"1229\" data-end=\"1274\">\u0110\u01b0\u1eddng \u1ed1ng d\u1eabn d\u1ea7u kh\u00ed v\u00e0 ho\u1ea1t \u0111\u1ed9ng khoan<\/p>\n<\/li>\n<li data-start=\"1275\" data-end=\"1320\">\n<p data-start=\"1277\" data-end=\"1320\">M\u00e1y m\u00f3c h\u1ea1ng n\u1eb7ng v\u00e0 linh ki\u1ec7n \u00f4 t\u00f4<\/p>\n<\/li>\n<li data-start=\"1321\" data-end=\"1360\">\n<p data-start=\"1323\" data-end=\"1360\">H\u1ec7 th\u1ed1ng ph\u00e1t \u0111i\u1ec7n v\u00e0 l\u00f2 h\u01a1i<\/p>\n<\/li>\n<li data-start=\"1361\" data-end=\"1425\">\n<p data-start=\"1363\" data-end=\"1425\">H\u1ed7 tr\u1ee3 k\u1ebft c\u1ea5u trong c\u00e1c d\u1ef1 \u00e1n x\u00e2y d\u1ef1ng v\u00e0 c\u01a1 s\u1edf h\u1ea1 t\u1ea7ng<\/p>\n<\/li>\n<\/ul>\n<h3 data-start=\"1911\" data-end=\"1950\"><\/h3>\n<h3 data-start=\"1911\" data-end=\"1950\"><strong data-start=\"1915\" data-end=\"1950\">T\u1ea1i sao n\u00ean ch\u1ecdn \u1ed1ng th\u00e0nh d\u00e0y c\u1ee7a ch\u00fang t\u00f4i?<\/strong><\/h3>\n<p data-start=\"1952\" data-end=\"2238\">\u2705 <strong data-start=\"1954\" data-end=\"1980\">S\u1ea3n xu\u1ea5t n\u1ed9i b\u1ed9<\/strong> \u2013 Ki\u1ec3m so\u00e1t ho\u00e0n to\u00e0n ch\u1ea5t l\u01b0\u1ee3ng v\u00e0 th\u1eddi gian th\u1ef1c hi\u1ec7n<br data-start=\"2026\" data-end=\"2029\" \/>\u2705 <strong data-start=\"2031\" data-end=\"2052\">Ch\u1ea5t l\u01b0\u1ee3ng \u0111\u01b0\u1ee3c ch\u1ee9ng nh\u1eadn<\/strong> \u2013 Tu\u00e2n th\u1ee7 \u0111\u1ea7y \u0111\u1ee7 c\u00e1c ti\u00eau chu\u1ea9n qu\u1ed1c t\u1ebf<br data-start=\"2099\" data-end=\"2102\" \/>\u2705 <strong data-start=\"2104\" data-end=\"2129\">H\u1ed7 tr\u1ee3 t\u00f9y ch\u1ec9nh<\/strong> \u2013 K\u00edch th\u01b0\u1edbc, c\u1ea5p \u0111\u1ed9 v\u00e0 l\u1edbp ph\u1ee7 \u0111\u01b0\u1ee3c thi\u1ebft k\u1ebf ri\u00eang<br data-start=\"2173\" data-end=\"2176\" \/>\u2705 <strong data-start=\"2178\" data-end=\"2200\">H\u1eadu c\u1ea7n \u0111\u00e1ng tin c\u1eady<\/strong> \u2013 Giao h\u00e0ng \u0111\u00fang h\u1eb9n cho c\u00e1c d\u1ef1 \u00e1n to\u00e0n c\u1ea7u<\/p>\n<p>&nbsp;<\/p>\n<p><strong data-start=\"2245\" data-end=\"2293\">B\u1ea1n c\u1ea7n h\u01b0\u1edbng d\u1eabn k\u1ef9 thu\u1eadt ho\u1eb7c b\u00e1o gi\u00e1 nhanh?<\/strong><br data-start=\"2293\" data-end=\"2296\" \/><a href=\"https:\/\/www.huanhaizhongke.com\/vi\/contact-us\/\">\u0110\u1ed9i ng\u0169 k\u1ef9 s\u01b0 c\u1ee7a ch\u00fang t\u00f4i<\/a> s\u1eb5n s\u00e0ng h\u1ed7 tr\u1ee3 d\u1ef1 \u00e1n c\u1ee7a b\u1ea1n b\u1eb1ng l\u1eddi khuy\u00ean chuy\u00ean m\u00f4n v\u00e0 c\u00e1c gi\u1ea3i ph\u00e1p \u0111\u01b0\u1eddng \u1ed1ng hi\u1ec7u su\u1ea5t cao.<\/p>","protected":false},"excerpt":{"rendered":"<p>\u1ed0ng th\u00e0nh d\u00e0y l\u00e0 s\u1ea3n ph\u1ea9m \u1ed1ng \u0111\u01b0\u1ee3c l\u00e0m t\u1eeb c\u00e1c t\u1ea5m kim lo\u1ea1i u\u1ed1n cong v\u00e0 h\u00e0n b\u1eb1ng m\u00e1y c\u00e1n t\u1ea5m.<\/p>","protected":false},"featured_media":497,"template":"","meta":{"_gspb_post_css":""},"product_brand":[],"product_cat":[31],"product_tag":[],"class_list":{"0":"post-494","1":"product","2":"type-product","3":"status-publish","4":"has-post-thumbnail","6":"product_cat-thick-wall-coiled-tube","8":"first","9":"instock","10":"shipping-taxable","11":"product-type-simple"},"_links":{"self":[{"href":"https:\/\/www.huanhaizhongke.com\/vi\/wp-json\/wp\/v2\/product\/494","targetHints":{"allow":["GET"]}}],"collection":[{"href":"https:\/\/www.huanhaizhongke.com\/vi\/wp-json\/wp\/v2\/product"}],"about":[{"href":"https:\/\/www.huanhaizhongke.com\/vi\/wp-json\/wp\/v2\/types\/product"}],"wp:featuredmedia":[{"embeddable":true,"href":"https:\/\/www.huanhaizhongke.com\/vi\/wp-json\/wp\/v2\/media\/497"}],"wp:attachment":[{"href":"https:\/\/www.huanhaizhongke.com\/vi\/wp-json\/wp\/v2\/media?parent=494"}],"wp:term":[{"taxonomy":"product_brand","embeddable":true,"href":"https:\/\/www.huanhaizhongke.com\/vi\/wp-json\/wp\/v2\/product_brand?post=494"},{"taxonomy":"product_cat","embeddable":true,"href":"https:\/\/www.huanhaizhongke.com\/vi\/wp-json\/wp\/v2\/product_cat?post=494"},{"taxonomy":"product_tag","embeddable":true,"href":"https:\/\/www.huanhaizhongke.com\/vi\/wp-json\/wp\/v2\/product_tag?post=494"}],"curies":[{"name":"wp","href":"https:\/\/api.w.org\/{rel}","templated":true}]}}