{"id":478,"date":"2025-01-14T08:56:03","date_gmt":"2025-01-14T08:56:03","guid":{"rendered":"https:\/\/huanhaizhongke.com\/?post_type=product&#038;p=478"},"modified":"2025-03-06T03:31:15","modified_gmt":"2025-03-06T03:31:15","slug":"carbon-steel-plate","status":"publish","type":"product","link":"https:\/\/www.huanhaizhongke.com\/vi\/product\/carbon-steel-plate\/","title":{"rendered":"T\u1ea5m th\u00e9p cacbon"},"content":{"rendered":"<h4>T\u1ea5m th\u00e9p cacbon l\u00e0 g\u00ec?<\/h4>\n<p>Th\u00e9p t\u1ea5m cacbon, c\u00f2n \u0111\u01b0\u1ee3c g\u1ecdi l\u00e0 th\u00e9p t\u1ea5m k\u1ebft c\u1ea5u cacbon, l\u00e0 h\u1ee3p kim s\u1eaft-cacbon v\u1edbi h\u00e0m l\u01b0\u1ee3ng cacbon t\u1eeb 0,05% \u0111\u1ebfn 2,11%. \u0110\u00e2y l\u00e0 m\u1ed9t v\u1eadt li\u1ec7u \u0111a n\u0103ng, ch\u1ee7 y\u1ebfu bao g\u1ed3m s\u1eaft v\u00e0 cacbon, v\u1edbi m\u1ed9t l\u01b0\u1ee3ng nh\u1ecf silic, mangan, l\u01b0u hu\u1ef3nh v\u00e0 ph\u1ed1t pho. T\u00f9y thu\u1ed9c v\u00e0o h\u00e0m l\u01b0\u1ee3ng cacbon, th\u00e9p t\u1ea5m cacbon c\u00f3 th\u1ec3 \u0111\u01b0\u1ee3c ph\u00e2n lo\u1ea1i th\u00e0nh th\u00e9p cacbon th\u1ea5p (C \u2264 0,25%), th\u00e9p cacbon trung b\u00ecnh (C 0,25%-0,6%) v\u00e0 th\u00e9p cacbon cao (C &gt; 0,6%).<\/p>\n<h4>T\u00ednh n\u0103ng s\u1ea3n ph\u1ea9m<\/h4>\n<div class=\"paragraph\"><strong>S\u1ee9c m\u1ea1nh v\u00e0 \u0111\u1ed9 b\u1ec1n<\/strong>:T\u1ea5m th\u00e9p cacbon \u0111\u01b0\u1ee3c bi\u1ebft \u0111\u1ebfn v\u1edbi \u0111\u1ed9 b\u1ec1n v\u00e0 \u0111\u1ed9 d\u1ebbo dai cao, ph\u00f9 h\u1ee3p cho c\u00e1c \u1ee9ng d\u1ee5ng ch\u1ecbu t\u1ea3i n\u1eb7ng.<\/div>\n<div class=\"paragraph\"><strong>Kh\u1ea3 n\u0103ng h\u00e0n v\u00e0 kh\u1ea3 n\u0103ng gia c\u00f4ng<\/strong>:Nh\u1eefng t\u1ea5m n\u00e0y c\u00f3 th\u1ec3 d\u1ec5 d\u00e0ng h\u00e0n v\u00e0 \u0111\u1ecbnh h\u00ecnh, t\u1ea1o \u0111i\u1ec1u ki\u1ec7n thu\u1eadn l\u1ee3i cho vi\u1ec7c s\u1eed d\u1ee5ng ch\u00fang trong s\u1ea3n xu\u1ea5t c\u00e1c c\u1ea5u tr\u00fac ph\u1ee9c t\u1ea1p.<\/div>\n<div class=\"paragraph\"><strong>Hi\u1ec7u qu\u1ea3 v\u1ec1 chi ph\u00ed<\/strong>:Th\u00e9p cacbon l\u00e0 l\u1ef1a ch\u1ecdn kinh t\u1ebf v\u00ec chi ph\u00ed s\u1ea3n xu\u1ea5t th\u1ea5p v\u00e0 t\u00ednh s\u1eb5n c\u00f3 r\u1ed9ng r\u00e3i.<\/div>\n<div class=\"paragraph\"><strong>T\u00ednh linh ho\u1ea1t<\/strong>: C\u00f3 s\u1eb5n \u1edf nhi\u1ec1u lo\u1ea1i, \u0111\u1ed9 d\u00e0y v\u00e0 k\u00edch th\u01b0\u1edbc kh\u00e1c nhau, c\u00e1c t\u1ea5m th\u00e9p cacbon c\u00f3 th\u1ec3 \u0111\u01b0\u1ee3c thi\u1ebft k\u1ebf ri\u00eang cho c\u00e1c \u1ee9ng d\u1ee5ng c\u1ee5 th\u1ec3.<\/div>\n<h4>\u1ee8ng d\u1ee5ng<\/h4>\n<div class=\"paragraph\"><strong>S\u1ef1 thi c\u00f4ng<\/strong>: \u0110\u01b0\u1ee3c s\u1eed d\u1ee5ng trong c\u1ea7u, t\u00f2a nh\u00e0, nh\u00e0 m\u00e1y c\u00f4ng nghi\u1ec7p v\u00e0 c\u00e1c c\u00f4ng tr\u00ecnh kh\u00e1c.<\/div>\n<div class=\"paragraph\"><strong>\u0110\u00f3ng t\u00e0u<\/strong>: C\u1ea7n thi\u1ebft cho vi\u1ec7c ch\u1ebf t\u1ea1o th\u00e2n t\u00e0u v\u00e0 c\u00e1c th\u00e0nh ph\u1ea7n k\u1ebft c\u1ea5u.<\/div>\n<div class=\"paragraph\"><strong>S\u1ea3n xu\u1ea5t c\u01a1 kh\u00ed<\/strong>: \u0110\u01b0\u1ee3c s\u1eed d\u1ee5ng \u0111\u1ec3 s\u1ea3n xu\u1ea5t c\u00e1c b\u1ed9 ph\u1eadn m\u00e1y m\u00f3c, <a href=\"https:\/\/en.wikipedia.org\/wiki\/Gear\" target=\"_blank\" rel=\"noopener\">b\u00e1nh r\u0103ng<\/a>v\u00e0 c\u00e1c th\u00e0nh ph\u1ea7n c\u1ea5u tr\u00fac.<\/div>\n<div class=\"paragraph\"><strong>Ng\u00e0nh c\u00f4ng nghi\u1ec7p \u00f4 t\u00f4<\/strong>: \u0110\u01b0\u1ee3c s\u1eed d\u1ee5ng trong khung xe, g\u1ea7m xe v\u00e0 c\u00e1c b\u1ed9 ph\u1eadn k\u1ebft c\u1ea5u kh\u00e1c.<\/div>\n<div class=\"paragraph\"><strong>Ng\u00e0nh n\u0103ng l\u01b0\u1ee3ng<\/strong>: \u0110\u01b0\u1ee3c s\u1eed d\u1ee5ng trong c\u00e1c nh\u00e0 m\u00e1y \u0111i\u1ec7n, n\u1ed3i h\u01a1i v\u00e0 b\u00ecnh ch\u1ecbu \u00e1p su\u1ea5t.<\/div>\n<div class=\"paragraph\"><strong>Ch\u1ebf t\u1ea1o chung<\/strong>: \u0110\u01b0\u1ee3c s\u1eed d\u1ee5ng \u0111\u1ec3 l\u00e0m t\u1ee7, v\u1ecf h\u1ed9p v\u00e0 c\u00e1c thi\u1ebft b\u1ecb c\u00f4ng nghi\u1ec7p kh\u00e1c.<\/div>\n<h4>T\u1ea1i sao ch\u1ecdn ch\u00fang t\u00f4i?<\/h4>\n<p>Ch\u00fang t\u00f4i c\u00f3 c\u01a1 s\u1edf s\u1ea3n xu\u1ea5t h\u1ea1ng nh\u1ea5t v\u00e0 m\u00f4i tr\u01b0\u1eddng nh\u00e0 m\u00e1y hi\u1ec7n \u0111\u1ea1i, c\u00f3 th\u1ec3 cung c\u1ea5p cho b\u1ea1n c\u00e1c s\u1ea3n ph\u1ea9m v\u1eadt li\u1ec7u kim lo\u1ea1i ch\u1ea5t l\u01b0\u1ee3ng cao. Ch\u00e0o m\u1eebng \u0111\u1ebfn v\u1edbi <a href=\"https:\/\/www.huanhaizhongke.com\/vi\/contact-us\/\">li\u00ean h\u1ec7 v\u1edbi ch\u00fang t\u00f4i<\/a> \u0111\u1ec3 c\u00f3 \u0111\u01b0\u1ee3c gi\u1ea3i ph\u00e1p v\u1eadt li\u1ec7u kim lo\u1ea1i ph\u00f9 h\u1ee3p v\u1edbi b\u1ea1n.<\/p>","protected":false},"excerpt":{"rendered":"<p>Th\u00e9p t\u1ea5m cacbon l\u00e0 lo\u1ea1i th\u00e9p c\u00f3 th\u00e0nh ph\u1ea7n ch\u00ednh l\u00e0 s\u1eaft v\u00e0 cacbon. Th\u00e9p t\u1ea5m cacbon \u0111\u01b0\u1ee3c chia th\u00e0nh th\u00e9p cacbon th\u1ea5p, th\u00e9p cacbon trung b\u00ecnh v\u00e0 th\u00e9p cacbon cao.<\/p>","protected":false},"featured_media":480,"template":"","meta":{"_gspb_post_css":""},"product_brand":[],"product_cat":[21],"product_tag":[],"class_list":{"0":"post-478","1":"product","2":"type-product","3":"status-publish","4":"has-post-thumbnail","6":"product_cat-steel-plate-coil","8":"first","9":"instock","10":"shipping-taxable","11":"product-type-simple"},"_links":{"self":[{"href":"https:\/\/www.huanhaizhongke.com\/vi\/wp-json\/wp\/v2\/product\/478","targetHints":{"allow":["GET"]}}],"collection":[{"href":"https:\/\/www.huanhaizhongke.com\/vi\/wp-json\/wp\/v2\/product"}],"about":[{"href":"https:\/\/www.huanhaizhongke.com\/vi\/wp-json\/wp\/v2\/types\/product"}],"wp:featuredmedia":[{"embeddable":true,"href":"https:\/\/www.huanhaizhongke.com\/vi\/wp-json\/wp\/v2\/media\/480"}],"wp:attachment":[{"href":"https:\/\/www.huanhaizhongke.com\/vi\/wp-json\/wp\/v2\/media?parent=478"}],"wp:term":[{"taxonomy":"product_brand","embeddable":true,"href":"https:\/\/www.huanhaizhongke.com\/vi\/wp-json\/wp\/v2\/product_brand?post=478"},{"taxonomy":"product_cat","embeddable":true,"href":"https:\/\/www.huanhaizhongke.com\/vi\/wp-json\/wp\/v2\/product_cat?post=478"},{"taxonomy":"product_tag","embeddable":true,"href":"https:\/\/www.huanhaizhongke.com\/vi\/wp-json\/wp\/v2\/product_tag?post=478"}],"curies":[{"name":"wp","href":"https:\/\/api.w.org\/{rel}","templated":true}]}}