{"id":470,"date":"2025-01-14T08:53:36","date_gmt":"2025-01-14T08:53:36","guid":{"rendered":"https:\/\/huanhaizhongke.com\/?post_type=product&#038;p=470"},"modified":"2025-03-06T03:31:33","modified_gmt":"2025-03-06T03:31:33","slug":"steel-coil","status":"publish","type":"product","link":"https:\/\/www.huanhaizhongke.com\/vi\/product\/steel-coil\/","title":{"rendered":"Cu\u1ed9n th\u00e9p"},"content":{"rendered":"<h4>Cu\u1ed9n th\u00e9p l\u00e0 g\u00ec?<\/h4>\n<p>Th\u00e9p cu\u1ed9n, c\u00f2n \u0111\u01b0\u1ee3c g\u1ecdi l\u00e0 th\u00e9p c\u00e1n, l\u00e0 m\u1ed9t lo\u1ea1i s\u1ea3n ph\u1ea9m th\u00e9p \u0111\u01b0\u1ee3c t\u1ea1o th\u00e0nh h\u00ecnh d\u1ea1ng cu\u1ed9n th\u00f4ng qua c\u00e1c quy tr\u00ecnh c\u00e1n n\u00f3ng ho\u1eb7c c\u00e1n ngu\u1ed9i. N\u00f3 \u0111\u01b0\u1ee3c thi\u1ebft k\u1ebf \u0111\u1ec3 d\u1ec5 d\u00e0ng l\u01b0u tr\u1eef, v\u1eadn chuy\u1ec3n v\u00e0 ch\u1ebf bi\u1ebfn th\u00eam th\u00e0nh c\u00e1c s\u1ea3n ph\u1ea9m nh\u01b0 t\u1ea5m th\u00e9p v\u00e0 d\u1ea3i th\u00e9p.<\/p>\n<h4>T\u00ednh n\u0103ng s\u1ea3n ph\u1ea9m<\/h4>\n<ul>\n<li class=\"paragraph\"><strong>\u0110\u1ed9 b\u1ec1n cao<\/strong>:Cu\u1ed9n th\u00e9p c\u00f3 \u0111\u1ed9 b\u1ec1n k\u00e9o v\u00e0 \u0111\u1ed9 b\u1ec1n ch\u1ea3y tuy\u1ec7t v\u1eddi, th\u00edch h\u1ee3p cho c\u00e1c \u1ee9ng d\u1ee5ng h\u1ea1ng n\u1eb7ng.<\/li>\n<li class=\"paragraph\"><strong>Kh\u1ea3 n\u0103ng \u0111\u1ecbnh h\u00ecnh t\u1ed1t<\/strong>:Ch\u00fang c\u00f3 th\u1ec3 d\u1ec5 d\u00e0ng \u0111\u01b0\u1ee3c gia c\u00f4ng th\u00e0nh nhi\u1ec1u h\u00ecnh d\u1ea1ng v\u00e0 k\u00edch th\u01b0\u1edbc kh\u00e1c nhau th\u00f4ng qua c\u1eaft, u\u1ed1n v\u00e0 h\u00e0n.<\/li>\n<li class=\"paragraph\"><strong class=\"\">Ch\u1ed1ng \u0103n m\u00f2n<\/strong>: M\u1ed9t s\u1ed1 cu\u1ed9n th\u00e9p, \u0111\u1eb7c bi\u1ec7t l\u00e0 nh\u1eefng cu\u1ed9n c\u00f3 l\u1edbp ph\u1ee7 nh\u01b0 k\u1ebdm ho\u1eb7c nh\u00f4m-<a href=\"https:\/\/en.wikipedia.org\/wiki\/Zinc\" target=\"_blank\" rel=\"noopener\">k\u1ebdm<\/a> h\u1ee3p kim, c\u00f3 kh\u1ea3 n\u0103ng ch\u1ed1ng \u0103n m\u00f2n t\u1ed1t h\u01a1n.<\/li>\n<li class=\"paragraph\"><strong>T\u00ednh linh ho\u1ea1t<\/strong>: C\u00f3 nhi\u1ec1u lo\u1ea1i, \u0111\u1ed9 d\u00e0y v\u00e0 ph\u01b0\u01a1ng ph\u00e1p x\u1eed l\u00fd b\u1ec1 m\u1eb7t kh\u00e1c nhau \u0111\u1ec3 \u0111\u00e1p \u1ee9ng c\u00e1c y\u00eau c\u1ea7u c\u1ee5 th\u1ec3.<\/li>\n<\/ul>\n<h4>\u1ee8ng d\u1ee5ng<\/h4>\n<div class=\"paragraph\">Cu\u1ed9n th\u00e9p \u0111\u01b0\u1ee3c s\u1eed d\u1ee5ng r\u1ed9ng r\u00e3i trong nhi\u1ec1u ng\u00e0nh c\u00f4ng nghi\u1ec7p:<\/div>\n<ul>\n<li class=\"paragraph\"><strong>S\u1ef1 thi c\u00f4ng<\/strong>: D\u00e0nh cho c\u00e1c th\u00e0nh ph\u1ea7n k\u1ebft c\u1ea5u, v\u1eadt li\u1ec7u l\u1ee3p m\u00e1i v\u00e0 khung t\u00f2a nh\u00e0.<\/li>\n<li class=\"paragraph\"><strong>\u00d4 t\u00f4<\/strong>: \u0110\u01b0\u1ee3c s\u1eed d\u1ee5ng trong s\u1ea3n xu\u1ea5t th\u00e2n xe, khung g\u1ea7m v\u00e0 c\u00e1c b\u1ed9 ph\u1eadn kh\u00e1c do \u0111\u1ed9 b\u1ec1n v\u00e0 kh\u1ea3 n\u0103ng \u0111\u1ecbnh h\u00ecnh c\u1ee7a ch\u00fang.<\/li>\n<li class=\"paragraph\"><strong>S\u1ea3n xu\u1ea5t thi\u1ebft b\u1ecb gia d\u1ee5ng<\/strong>: Th\u01b0\u1eddng \u0111\u01b0\u1ee3c s\u1eed d\u1ee5ng trong t\u1ee7 l\u1ea1nh, m\u00e1y gi\u1eb7t v\u00e0 c\u00e1c thi\u1ebft b\u1ecb gia d\u1ee5ng kh\u00e1c.<\/li>\n<li class=\"paragraph\"><strong>Bao b\u00ec<\/strong>: \u0110\u01b0\u1ee3c s\u1eed d\u1ee5ng trong lon th\u1ef1c ph\u1ea9m v\u00e0 \u0111\u1ed3 u\u1ed1ng do \u0111\u1ed9 b\u1ec1n v\u00e0 t\u00ednh ch\u1ea5t b\u1ea3o v\u1ec7 c\u1ee7a ch\u00fang.<\/li>\n<li class=\"paragraph\"><strong>C\u01a1 kh\u00ed v\u00e0 C\u00f4ng nghi\u1ec7p<\/strong>: \u0110\u01b0\u1ee3c s\u1eed d\u1ee5ng trong s\u1ea3n xu\u1ea5t c\u00e1c b\u1ed9 ph\u1eadn m\u00e1y m\u00f3c, c\u00f4ng c\u1ee5 v\u00e0 thi\u1ebft b\u1ecb.<\/li>\n<\/ul>\n<h4>T\u1ea1i sao ch\u1ecdn ch\u00fang t\u00f4i?<\/h4>\n<p>Ch\u00fang t\u00f4i c\u00f3 c\u01a1 s\u1edf s\u1ea3n xu\u1ea5t h\u1ea1ng nh\u1ea5t v\u00e0 m\u00f4i tr\u01b0\u1eddng nh\u00e0 m\u00e1y hi\u1ec7n \u0111\u1ea1i, c\u00f3 th\u1ec3 cung c\u1ea5p cho b\u1ea1n c\u00e1c s\u1ea3n ph\u1ea9m v\u1eadt li\u1ec7u kim lo\u1ea1i ch\u1ea5t l\u01b0\u1ee3ng cao. Ch\u00e0o m\u1eebng \u0111\u1ebfn v\u1edbi <a href=\"https:\/\/www.huanhaizhongke.com\/vi\/contact-us\/\">li\u00ean h\u1ec7 v\u1edbi ch\u00fang t\u00f4i<\/a> \u0111\u1ec3 c\u00f3 \u0111\u01b0\u1ee3c gi\u1ea3i ph\u00e1p v\u1eadt li\u1ec7u kim lo\u1ea1i ph\u00f9 h\u1ee3p v\u1edbi b\u1ea1n.<\/p>","protected":false},"excerpt":{"rendered":"<p>Cu\u1ed9n th\u00e9p l\u00e0 d\u1ea3i th\u00e9p \u0111\u01b0\u1ee3c s\u1ea3n xu\u1ea5t b\u1eb1ng ph\u01b0\u01a1ng ph\u00e1p c\u00e1n ngu\u1ed9i ho\u1eb7c c\u00e1n n\u00f3ng, th\u00edch h\u1ee3p \u0111\u1ec3 gia c\u00f4ng th\u00e0nh nhi\u1ec1u h\u00ecnh d\u1ea1ng kh\u00e1c nhau nh\u01b0 \u1ed1ng, thanh, v.v.<\/p>","protected":false},"featured_media":476,"template":"","meta":{"_gspb_post_css":""},"product_brand":[],"product_cat":[21],"product_tag":[],"class_list":{"0":"post-470","1":"product","2":"type-product","3":"status-publish","4":"has-post-thumbnail","6":"product_cat-steel-plate-coil","8":"first","9":"instock","10":"shipping-taxable","11":"product-type-simple"},"_links":{"self":[{"href":"https:\/\/www.huanhaizhongke.com\/vi\/wp-json\/wp\/v2\/product\/470","targetHints":{"allow":["GET"]}}],"collection":[{"href":"https:\/\/www.huanhaizhongke.com\/vi\/wp-json\/wp\/v2\/product"}],"about":[{"href":"https:\/\/www.huanhaizhongke.com\/vi\/wp-json\/wp\/v2\/types\/product"}],"wp:featuredmedia":[{"embeddable":true,"href":"https:\/\/www.huanhaizhongke.com\/vi\/wp-json\/wp\/v2\/media\/476"}],"wp:attachment":[{"href":"https:\/\/www.huanhaizhongke.com\/vi\/wp-json\/wp\/v2\/media?parent=470"}],"wp:term":[{"taxonomy":"product_brand","embeddable":true,"href":"https:\/\/www.huanhaizhongke.com\/vi\/wp-json\/wp\/v2\/product_brand?post=470"},{"taxonomy":"product_cat","embeddable":true,"href":"https:\/\/www.huanhaizhongke.com\/vi\/wp-json\/wp\/v2\/product_cat?post=470"},{"taxonomy":"product_tag","embeddable":true,"href":"https:\/\/www.huanhaizhongke.com\/vi\/wp-json\/wp\/v2\/product_tag?post=470"}],"curies":[{"name":"wp","href":"https:\/\/api.w.org\/{rel}","templated":true}]}}