{"id":462,"date":"2025-01-14T08:50:21","date_gmt":"2025-01-14T08:50:21","guid":{"rendered":"https:\/\/huanhaizhongke.com\/?post_type=product&#038;p=462"},"modified":"2025-08-16T07:44:28","modified_gmt":"2025-08-16T07:44:28","slug":"marine-steel-plate","status":"publish","type":"product","link":"https:\/\/www.huanhaizhongke.com\/vi\/product\/marine-steel-plate\/","title":{"rendered":"T\u1ea5m th\u00e9p bi\u1ec3n"},"content":{"rendered":"<h4>T\u1ea5m th\u00e9p bi\u1ec3n l\u00e0 g\u00ec?<\/h4>\n<p>Th\u00e9p t\u1ea5m h\u00e0ng h\u1ea3i l\u00e0 lo\u1ea1i th\u00e9p chuy\u00ean d\u1ee5ng cho \u0111\u00f3ng t\u00e0u v\u00e0 k\u1ef9 thu\u1eadt h\u00e0ng h\u1ea3i. Th\u00e9p t\u1ea5m c\u00f3 \u0111\u1ed9 b\u1ec1n k\u00e9o cao, \u0111\u1ed9 b\u1ec1n d\u1ebbo dai t\u1ed1t, kh\u1ea3 n\u0103ng ch\u1ed1ng \u0103n m\u00f2n v\u00e0 hi\u1ec7u su\u1ea5t h\u00e0n t\u1ed1t, \u0111\u1ed3ng th\u1eddi c\u00f3 th\u1ec3 th\u00edch \u1ee9ng v\u1edbi \u0111i\u1ec1u ki\u1ec7n kh\u00ed h\u1eadu v\u00e0 \u0103n m\u00f2n kh\u1eafc nghi\u1ec7t c\u1ee7a m\u00f4i tr\u01b0\u1eddng bi\u1ec3n.<\/p>\n<h4>T\u00ednh n\u0103ng s\u1ea3n ph\u1ea9m<\/h4>\n<ul>\n<li class=\"paragraph\"><strong>\u0110\u1ed9 b\u1ec1n k\u00e9o cao<\/strong>: C\u00f3 kh\u1ea3 n\u0103ng ch\u1ecbu \u0111\u01b0\u1ee3c l\u1ef1c t\u00e1c \u0111\u1ed9ng v\u00e0 \u00e1p l\u1ef1c \u0111\u00e1ng k\u1ec3 trong \u0111i\u1ec1u ki\u1ec7n bi\u1ec3n.<\/li>\n<li class=\"paragraph\"><strong class=\"\">Ch\u1ed1ng \u0103n m\u00f2n<\/strong>:\u0110\u01b0\u1ee3c t\u0103ng c\u01b0\u1eddng b\u1eb1ng c\u00e1ch b\u1ed5 sung c\u00e1c nguy\u00ean t\u1ed1 h\u1ee3p kim nh\u01b0 niken v\u00e0 crom, c\u00f3 t\u00e1c d\u1ee5ng b\u1ea3o v\u1ec7 ch\u1ed1ng l\u1ea1i n\u01b0\u1edbc bi\u1ec3n v\u00e0 h\u01a1i mu\u1ed1i.<\/li>\n<li class=\"paragraph\"><strong>Kh\u1ea3 n\u0103ng h\u00e0n t\u1ed1t<\/strong>: Gi\u00fap h\u00e0n v\u00e0 l\u1eafp r\u00e1p d\u1ec5 d\u00e0ng trong qu\u00e1 tr\u00ecnh s\u1ea3n xu\u1ea5t.<\/li>\n<li class=\"paragraph\"><strong class=\"\">\u0110\u1ed9 b\u1ec1n \u1edf nhi\u1ec7t \u0111\u1ed9 th\u1ea5p<\/strong>: Duy tr\u00ec hi\u1ec7u su\u1ea5t \u1ed5n \u0111\u1ecbnh ngay c\u1ea3 trong m\u00f4i tr\u01b0\u1eddng l\u1ea1nh.<\/li>\n<li class=\"paragraph\"><strong>\u0110\u1ed9 b\u1ec1n cao v\u1edbi tr\u1ecdng l\u01b0\u1ee3ng nh\u1eb9<\/strong>:So v\u1edbi th\u00e9p th\u00f4ng th\u01b0\u1eddng, t\u1ea5m th\u00e9p bi\u1ec3n c\u00f3 \u0111\u1ed9 b\u1ec1n cao \u0111\u1ed3ng th\u1eddi gi\u1ea3m tr\u1ecdng l\u01b0\u1ee3ng k\u1ebft c\u1ea5u.<\/li>\n<\/ul>\n<h4>\u1ee8ng d\u1ee5ng<\/h4>\n<ul>\n<li class=\"paragraph\"><strong>\u0110\u00f3ng t\u00e0u<\/strong>: \u0110\u01b0\u1ee3c s\u1eed d\u1ee5ng cho th\u00e2n t\u00e0u, boong t\u00e0u, v\u00e1ch ng\u0103n v\u00e0 c\u00e1c th\u00e0nh ph\u1ea7n c\u1ea5u tr\u00fac quan tr\u1ecdng kh\u00e1c.<\/li>\n<li class=\"paragraph\"><strong>K\u1ef9 thu\u1eadt h\u00e0ng h\u1ea3i<\/strong>: \u0110\u01b0\u1ee3c s\u1eed d\u1ee5ng tr\u00ean c\u00e1c gi\u00e0n khoan ngo\u00e0i kh\u01a1i, th\u00e1p tua bin gi\u00f3 v\u00e0 c\u00e1c c\u00f4ng tr\u00ecnh bi\u1ec3n kh\u00e1c.<\/li>\n<li class=\"paragraph\"><strong>C\u01a1 s\u1edf h\u1ea1 t\u1ea7ng<\/strong>: Th\u00edch h\u1ee3p cho c\u1ea7u v\u00e0 c\u01a1 s\u1edf h\u1ea1 t\u1ea7ng ven bi\u1ec3n \u0111\u00f2i h\u1ecfi \u0111\u1ed9 b\u1ec1n cao v\u00e0 kh\u1ea3 n\u0103ng ch\u1ed1ng \u0103n m\u00f2n.<\/li>\n<\/ul>\n<h4 class=\"\">Khoa h\u1ecdc v\u1eadt li\u1ec7u<\/h4>\n<div class=\"paragraph\">Vi\u1ec7c s\u1ea3n xu\u1ea5t th\u00e9p t\u1ea5m h\u00e0ng h\u1ea3i bao g\u1ed3m c\u00e1c quy tr\u00ecnh luy\u1ec7n kim v\u00e0 c\u00e1n chuy\u00ean bi\u1ec7t \u0111\u1ec3 \u0111\u00e1p \u1ee9ng nhu c\u1ea7u c\u1ee7a m\u00f4i tr\u01b0\u1eddng bi\u1ec3n. C\u00e1c ti\u00eau chu\u1ea9n chung bao g\u1ed3m:<\/div>\n<ul>\n<li style=\"list-style-type: none;\">\n<ul>\n<li>\n<div class=\"paragraph\"><strong>Ti\u00eau chu\u1ea9n c\u1ee7a Hi\u1ec7p h\u1ed9i ph\u00e2n lo\u1ea1i qu\u1ed1c t\u1ebf<\/strong>: Ch\u1eb3ng h\u1ea1n nh\u01b0 <a href=\"https:\/\/ww2.eagle.org\/en.html\" target=\"_blank\" rel=\"noopener\">ABS<\/a> (C\u1ee5c H\u00e0ng h\u1ea3i Hoa K\u1ef3), <a href=\"https:\/\/www.lr.org\/en\/\" target=\"_blank\" rel=\"noopener\">L\u1edaN<\/a> (S\u1ed5 \u0111\u0103ng k\u00fd Lloyd), v\u00e0 <a href=\"https:\/\/www.ccs.org.cn\/ccswzen\/\" target=\"_blank\" rel=\"noopener\">CCS<\/a> (H\u1ed9i ph\u00e2n lo\u1ea1i Trung Qu\u1ed1c).<\/div>\n<\/li>\n<li>\n<div class=\"paragraph\"><strong>C\u1ea5p \u0111\u1ed9 s\u1ee9c m\u1ea1nh<\/strong>: T\u1eeb th\u00e9p m\u1ec1m (Lo\u1ea1i A) \u0111\u1ebfn th\u00e9p c\u01b0\u1eddng \u0111\u1ed9 cao (Lo\u1ea1i D v\u00e0 E).<\/div>\n<\/li>\n<\/ul>\n<\/li>\n<\/ul>\n<h4>T\u1ea1i sao ch\u1ecdn ch\u00fang t\u00f4i?<\/h4>\n<p>Ch\u00fang t\u00f4i c\u00f3 c\u01a1 s\u1edf s\u1ea3n xu\u1ea5t h\u1ea1ng nh\u1ea5t v\u00e0 m\u00f4i tr\u01b0\u1eddng nh\u00e0 m\u00e1y hi\u1ec7n \u0111\u1ea1i, c\u00f3 th\u1ec3 cung c\u1ea5p cho b\u1ea1n c\u00e1c s\u1ea3n ph\u1ea9m v\u1eadt li\u1ec7u kim lo\u1ea1i ch\u1ea5t l\u01b0\u1ee3ng cao. Ch\u00e0o m\u1eebng \u0111\u1ebfn v\u1edbi <a href=\"https:\/\/www.huanhaizhongke.com\/vi\/contact-us\/\">li\u00ean h\u1ec7 v\u1edbi ch\u00fang t\u00f4i<\/a> \u0111\u1ec3 c\u00f3 \u0111\u01b0\u1ee3c gi\u1ea3i ph\u00e1p v\u1eadt li\u1ec7u kim lo\u1ea1i ph\u00f9 h\u1ee3p v\u1edbi b\u1ea1n.<\/p>","protected":false},"excerpt":{"rendered":"<p>Th\u00e9p hi\u1ec7u su\u1ea5t cao \u0111\u01b0\u1ee3c thi\u1ebft k\u1ebf ri\u00eang cho ng\u00e0nh \u0111\u00f3ng t\u00e0u, c\u00f3 \u0111\u1ed9 b\u1ec1n cao, \u0111\u1ed9 d\u1ebbo dai \u1edf nhi\u1ec7t \u0111\u1ed9 th\u1ea5p, kh\u1ea3 n\u0103ng h\u00e0n t\u1ed1t v\u00e0 ch\u1ed1ng \u0103n m\u00f2n.<\/p>","protected":false},"featured_media":465,"template":"","meta":{"_gspb_post_css":""},"product_brand":[],"product_cat":[21],"product_tag":[],"class_list":{"0":"post-462","1":"product","2":"type-product","3":"status-publish","4":"has-post-thumbnail","6":"product_cat-steel-plate-coil","8":"first","9":"instock","10":"shipping-taxable","11":"product-type-simple"},"_links":{"self":[{"href":"https:\/\/www.huanhaizhongke.com\/vi\/wp-json\/wp\/v2\/product\/462","targetHints":{"allow":["GET"]}}],"collection":[{"href":"https:\/\/www.huanhaizhongke.com\/vi\/wp-json\/wp\/v2\/product"}],"about":[{"href":"https:\/\/www.huanhaizhongke.com\/vi\/wp-json\/wp\/v2\/types\/product"}],"wp:featuredmedia":[{"embeddable":true,"href":"https:\/\/www.huanhaizhongke.com\/vi\/wp-json\/wp\/v2\/media\/465"}],"wp:attachment":[{"href":"https:\/\/www.huanhaizhongke.com\/vi\/wp-json\/wp\/v2\/media?parent=462"}],"wp:term":[{"taxonomy":"product_brand","embeddable":true,"href":"https:\/\/www.huanhaizhongke.com\/vi\/wp-json\/wp\/v2\/product_brand?post=462"},{"taxonomy":"product_cat","embeddable":true,"href":"https:\/\/www.huanhaizhongke.com\/vi\/wp-json\/wp\/v2\/product_cat?post=462"},{"taxonomy":"product_tag","embeddable":true,"href":"https:\/\/www.huanhaizhongke.com\/vi\/wp-json\/wp\/v2\/product_tag?post=462"}],"curies":[{"name":"wp","href":"https:\/\/api.w.org\/{rel}","templated":true}]}}