{"id":455,"date":"2025-01-14T08:45:33","date_gmt":"2025-01-14T08:45:33","guid":{"rendered":"https:\/\/huanhaizhongke.com\/?post_type=product&#038;p=455"},"modified":"2025-03-06T03:32:13","modified_gmt":"2025-03-06T03:32:13","slug":"stainless-steel-pipe","status":"publish","type":"product","link":"https:\/\/www.huanhaizhongke.com\/vi\/product\/stainless-steel-pipe\/","title":{"rendered":"\u1ed0ng th\u00e9p kh\u00f4ng g\u1ec9"},"content":{"rendered":"<h4>\u1ed0ng th\u00e9p kh\u00f4ng g\u1ec9 l\u00e0 g\u00ec?<\/h4>\n<p>\u1ed0ng th\u00e9p kh\u00f4ng g\u1ec9 l\u00e0 m\u1ed9t lo\u1ea1i \u1ed1ng kim lo\u1ea1i \u0111\u01b0\u1ee3c l\u00e0m t\u1eeb th\u00e9p kh\u00f4ng g\u1ec9, m\u1ed9t lo\u1ea1i v\u1eadt li\u1ec7u h\u1ee3p kim n\u1ed5i ti\u1ebfng v\u1edbi kh\u1ea3 n\u0103ng ch\u1ed1ng oxy h\u00f3a v\u00e0 ch\u1ed1ng \u0103n m\u00f2n. N\u00f3 ch\u1ee7 y\u1ebfu \u0111\u01b0\u1ee3c c\u1ea5u t\u1ea1o t\u1eeb s\u1eaft, crom, niken v\u00e0 c\u00e1c nguy\u00ean t\u1ed1 kh\u00e1c, trong \u0111\u00f3 crom l\u00e0 nguy\u00ean t\u1ed1 h\u1ee3p kim ch\u00ednh t\u1ea1o th\u00e0nh l\u1edbp oxit b\u1ea3o v\u1ec7 \u0111\u1ec3 ng\u0103n ng\u1eeba s\u1ef1 \u0103n m\u00f2n ti\u1ebfp theo.<\/p>\n<h4>T\u00ednh n\u0103ng s\u1ea3n ph\u1ea9m<\/h4>\n<ul>\n<li class=\"paragraph\"><strong class=\"\">Ch\u1ed1ng \u0103n m\u00f2n<\/strong>:\u1ed0ng th\u00e9p kh\u00f4ng g\u1ec9 c\u00f3 th\u1ec3 ch\u1ecbu \u0111\u01b0\u1ee3c c\u00e1c m\u00f4i tr\u01b0\u1eddng \u0103n m\u00f2n nh\u01b0 axit, ki\u1ec1m v\u00e0 mu\u1ed1i, \u0111\u1ea3m b\u1ea3o t\u00ednh \u1ed5n \u0111\u1ecbnh l\u00e2u d\u00e0i.<\/li>\n<li class=\"paragraph\"><strong>Kh\u1ea3 n\u0103ng ch\u1ed1ng oxy h\u00f3a \u1edf nhi\u1ec7t \u0111\u1ed9 cao<\/strong>:C\u00e1c \u1ed1ng n\u00e0y duy tr\u00ec \u0111\u01b0\u1ee3c t\u00ednh \u1ed5n \u0111\u1ecbnh v\u1ec1 c\u1ea5u tr\u00fac trong m\u00f4i tr\u01b0\u1eddng nhi\u1ec7t \u0111\u1ed9 cao, ch\u1ed1ng l\u1ea1i qu\u00e1 tr\u00ecnh oxy h\u00f3a v\u00e0 bi\u1ebfn d\u1ea1ng.<\/li>\n<li class=\"paragraph\"><strong class=\"\">\u0110\u1ed9 b\u1ec1n cao<\/strong>: Ch\u00fang c\u00f3 th\u1ec3 ch\u1ecbu \u0111\u01b0\u1ee3c \u00e1p l\u1ef1c v\u00e0 va \u0111\u1eadp \u0111\u00e1ng k\u1ec3, ph\u00f9 h\u1ee3p v\u1edbi c\u00e1c \u1ee9ng d\u1ee5ng \u0111\u00f2i h\u1ecfi kh\u1eaft khe.<\/li>\n<li class=\"paragraph\"><strong>S\u1ef1 h\u1ea5p d\u1eabn v\u1ec1 m\u1eb7t th\u1ea9m m\u1ef9<\/strong>:\u1ed0ng th\u00e9p kh\u00f4ng g\u1ec9 c\u00f3 b\u1ec1 m\u1eb7t nh\u1eb5n v\u00e0 s\u00e1ng b\u00f3ng nh\u01b0 kim lo\u1ea1i, tr\u00f4ng r\u1ea5t \u0111\u1eb9p m\u1eaft khi d\u00f9ng \u0111\u1ec3 trang tr\u00ed.<\/li>\n<\/ul>\n<h4>\u1ee8ng d\u1ee5ng<\/h4>\n<ul>\n<li class=\"paragraph\"><strong>Ng\u00e0nh c\u00f4ng nghi\u1ec7p d\u1ea7u kh\u00ed<\/strong>: \u0110\u01b0\u1ee3c s\u1eed d\u1ee5ng \u0111\u1ec3 v\u1eadn chuy\u1ec3n d\u1ea7u, kh\u00ed v\u00e0 h\u00f3a d\u1ea7u do kh\u1ea3 n\u0103ng ch\u1ed1ng \u0103n m\u00f2n v\u00e0 ch\u1ecbu \u0111\u01b0\u1ee3c \u00e1p su\u1ea5t v\u00e0 nhi\u1ec7t \u0111\u1ed9 cao.<\/li>\n<li class=\"paragraph\"><strong>Ng\u00e0nh th\u1ef1c ph\u1ea9m v\u00e0 \u0111\u1ed3 u\u1ed1ng<\/strong>: C\u1ea7n thi\u1ebft cho qu\u00e1 tr\u00ecnh ch\u1ebf bi\u1ebfn, s\u1ea3n xu\u1ea5t bia v\u00e0 s\u1eefa, \u0111\u1ea3m b\u1ea3o ti\u00eau chu\u1ea9n v\u1ec7 sinh v\u00e0 ng\u0103n ng\u1eeba \u00f4 nhi\u1ec5m.<\/li>\n<li class=\"paragraph\"><strong>Ng\u00e0nh c\u00f4ng nghi\u1ec7p h\u00f3a ch\u1ea5t v\u00e0 h\u00f3a d\u1ea7u<\/strong>: \u0110\u01b0\u1ee3c s\u1eed d\u1ee5ng \u0111\u1ec3 v\u1eadn chuy\u1ec3n c\u00e1c h\u00f3a ch\u1ea5t c\u00f3 t\u00ednh \u0103n m\u00f2n cao.<\/li>\n<li class=\"paragraph\"><strong>Ng\u00e0nh Y t\u1ebf v\u00e0 D\u01b0\u1ee3c ph\u1ea9m<\/strong>: \u0110\u01b0\u1ee3c s\u1eed d\u1ee5ng trong h\u1ec7 th\u1ed1ng v\u1eadn chuy\u1ec3n ch\u1ea5t l\u1ecfng v\u00e0 kh\u00ed, duy tr\u00ec \u0111i\u1ec1u ki\u1ec7n v\u00f4 tr\u00f9ng v\u00e0 ng\u0103n ng\u1eeba \u00f4 nhi\u1ec5m.<\/li>\n<li class=\"paragraph\"><strong>X\u1eed l\u00fd n\u01b0\u1edbc v\u00e0 kh\u1eed mu\u1ed1i<\/strong>: \u0110\u01b0\u1ee3c s\u1eed d\u1ee5ng v\u00ec \u0111\u1ed9 b\u1ec1n v\u00e0 kh\u1ea3 n\u0103ng ch\u1ed1ng n\u01b0\u1edbc m\u1eb7n, \u0111\u1ea3m b\u1ea3o ho\u1ea1t \u0111\u1ed9ng \u0111\u00e1ng tin c\u1eady trong <a href=\"https:\/\/en.wikipedia.org\/wiki\/Water_purification\" target=\"_blank\" rel=\"noopener\">l\u1ecdc n\u01b0\u1edbc<\/a> h\u1ec7 th\u1ed1ng.<\/li>\n<li class=\"paragraph\"><strong class=\"\">X\u00e2y d\u1ef1ng v\u00e0 Ki\u1ebfn tr\u00fac<\/strong>: \u0110\u01b0\u1ee3c s\u1eed d\u1ee5ng cho h\u1ec7 th\u1ed1ng \u1ed1ng n\u01b0\u1edbc, khung k\u1ebft c\u1ea5u v\u00e0 c\u00e1c y\u1ebfu t\u1ed1 trang tr\u00ed v\u00ec t\u00ednh th\u1ea9m m\u1ef9 v\u00e0 kh\u1ea3 n\u0103ng ch\u1ed1ng \u0103n m\u00f2n.<\/li>\n<li class=\"paragraph\"><strong>\u00d4 t\u00f4 v\u00e0 Giao th\u00f4ng v\u1eadn t\u1ea3i<\/strong>: \u0110\u01b0\u1ee3c s\u1eed d\u1ee5ng trong h\u1ec7 th\u1ed1ng x\u1ea3 v\u00e0 \u0111\u01b0\u1eddng \u1ed1ng nhi\u00ean li\u1ec7u v\u00ec kh\u1ea3 n\u0103ng ch\u1ecbu nhi\u1ec7t \u0111\u1ed9 cao v\u00e0 ch\u1ed1ng \u0103n m\u00f2n.<\/li>\n<\/ul>\n<h4>T\u1ea1i sao ch\u1ecdn ch\u00fang t\u00f4i?<\/h4>\n<p>Ch\u00fang t\u00f4i c\u00f3 c\u01a1 s\u1edf s\u1ea3n xu\u1ea5t h\u1ea1ng nh\u1ea5t v\u00e0 m\u00f4i tr\u01b0\u1eddng nh\u00e0 m\u00e1y hi\u1ec7n \u0111\u1ea1i, c\u00f3 th\u1ec3 cung c\u1ea5p cho b\u1ea1n c\u00e1c s\u1ea3n ph\u1ea9m v\u1eadt li\u1ec7u kim lo\u1ea1i ch\u1ea5t l\u01b0\u1ee3ng cao. Ch\u00e0o m\u1eebng \u0111\u1ebfn v\u1edbi <a href=\"https:\/\/www.huanhaizhongke.com\/vi\/contact-us\/\">li\u00ean h\u1ec7 v\u1edbi ch\u00fang t\u00f4i<\/a> \u0111\u1ec3 c\u00f3 \u0111\u01b0\u1ee3c gi\u1ea3i ph\u00e1p v\u1eadt li\u1ec7u kim lo\u1ea1i ph\u00f9 h\u1ee3p v\u1edbi b\u1ea1n.<\/p>","protected":false},"excerpt":{"rendered":"<p>\u1ed0ng th\u00e9p kh\u00f4ng g\u1ec9 \u0111\u01b0\u1ee3c bi\u1ebft \u0111\u1ebfn v\u1edbi kh\u1ea3 n\u0103ng ch\u1ed1ng \u0103n m\u00f2n tuy\u1ec7t v\u1eddi, \u0111\u1ed9 b\u1ec1n cao v\u00e0 kh\u1ea3 n\u0103ng gia c\u00f4ng t\u1ed1t.<\/p>","protected":false},"featured_media":1096,"template":"","meta":{"_gspb_post_css":""},"product_brand":[],"product_cat":[20],"product_tag":[],"class_list":{"0":"post-455","1":"product","2":"type-product","3":"status-publish","4":"has-post-thumbnail","6":"product_cat-stainless-steel","8":"first","9":"instock","10":"shipping-taxable","11":"product-type-simple"},"_links":{"self":[{"href":"https:\/\/www.huanhaizhongke.com\/vi\/wp-json\/wp\/v2\/product\/455","targetHints":{"allow":["GET"]}}],"collection":[{"href":"https:\/\/www.huanhaizhongke.com\/vi\/wp-json\/wp\/v2\/product"}],"about":[{"href":"https:\/\/www.huanhaizhongke.com\/vi\/wp-json\/wp\/v2\/types\/product"}],"wp:featuredmedia":[{"embeddable":true,"href":"https:\/\/www.huanhaizhongke.com\/vi\/wp-json\/wp\/v2\/media\/1096"}],"wp:attachment":[{"href":"https:\/\/www.huanhaizhongke.com\/vi\/wp-json\/wp\/v2\/media?parent=455"}],"wp:term":[{"taxonomy":"product_brand","embeddable":true,"href":"https:\/\/www.huanhaizhongke.com\/vi\/wp-json\/wp\/v2\/product_brand?post=455"},{"taxonomy":"product_cat","embeddable":true,"href":"https:\/\/www.huanhaizhongke.com\/vi\/wp-json\/wp\/v2\/product_cat?post=455"},{"taxonomy":"product_tag","embeddable":true,"href":"https:\/\/www.huanhaizhongke.com\/vi\/wp-json\/wp\/v2\/product_tag?post=455"}],"curies":[{"name":"wp","href":"https:\/\/api.w.org\/{rel}","templated":true}]}}