{"id":448,"date":"2025-01-14T08:42:39","date_gmt":"2025-01-14T08:42:39","guid":{"rendered":"https:\/\/huanhaizhongke.com\/?post_type=product&#038;p=448"},"modified":"2025-03-06T03:32:29","modified_gmt":"2025-03-06T03:32:29","slug":"stainless-steel-plate","status":"publish","type":"product","link":"https:\/\/www.huanhaizhongke.com\/vi\/product\/stainless-steel-plate\/","title":{"rendered":"T\u1ea5m th\u00e9p kh\u00f4ng g\u1ec9"},"content":{"rendered":"<h4>T\u1ea5m th\u00e9p kh\u00f4ng g\u1ec9 l\u00e0 g\u00ec?<\/h4>\n<p>T\u1ea5m th\u00e9p kh\u00f4ng g\u1ec9 l\u00e0 s\u1ea3n ph\u1ea9m kim lo\u1ea1i c\u00e1n ph\u1eb3ng, d\u00e0y \u0111\u01b0\u1ee3c l\u00e0m t\u1eeb h\u1ee3p kim th\u00e9p ch\u1ed1ng \u0103n m\u00f2n. N\u00f3 th\u01b0\u1eddng d\u00e0y h\u01a1n 6mm v\u00e0 c\u00f3 \u0111\u1ed9 b\u1ec1n, \u0111\u1ed9 b\u1ec1n v\u00e0 kh\u1ea3 n\u0103ng ch\u1ed1ng h\u00f3a ch\u1ea5t v\u01b0\u1ee3t tr\u1ed9i, ph\u00f9 h\u1ee3p cho c\u00e1c \u1ee9ng d\u1ee5ng c\u00f4ng nghi\u1ec7p n\u1eb7ng.<\/p>\n<h4>T\u00ednh n\u0103ng s\u1ea3n ph\u1ea9m<\/h4>\n<ul>\n<li>\n<div class=\"paragraph\"><strong>Ch\u1ed1ng \u0103n m\u00f2n<\/strong>: T\u1ea5m th\u00e9p kh\u00f4ng g\u1ec9 ch\u1ee9a <a href=\"https:\/\/en.wikipedia.org\/wiki\/Chromium\" target=\"_blank\" rel=\"noopener\">crom<\/a> (10,5-30%), niken (0-22%) v\u00e0 molypden (0-8%), c\u00f3 kh\u1ea3 n\u0103ng ch\u1ed1ng \u0103n m\u00f2n v\u01b0\u1ee3t tr\u1ed9i t\u1eeb axit, ki\u1ec1m v\u00e0 c\u00e1c m\u00f4i tr\u01b0\u1eddng kh\u00e1c.<\/div>\n<\/li>\n<li>\n<div class=\"paragraph\"><strong>Hi\u1ec7u su\u1ea5t nhi\u1ec7t \u0111\u1ed9 cao<\/strong>:Nh\u1eefng t\u1ea5m n\u00e0y duy tr\u00ec s\u1ef1 \u1ed5n \u0111\u1ecbnh v\u00e0 ch\u1ed1ng oxy h\u00f3a trong m\u00f4i tr\u01b0\u1eddng nhi\u1ec7t \u0111\u1ed9 cao.<\/div>\n<\/li>\n<li>\n<div class=\"paragraph\"><strong>S\u1ee9c m\u1ea1nh c\u01a1 h\u1ecdc<\/strong>:T\u1ea5m th\u00e9p kh\u00f4ng g\u1ec9 c\u00f3 \u0111\u1ed9 b\u1ec1n k\u00e9o cao (515-1900 MPa) v\u00e0 \u0111\u1ed9 b\u1ec1n ch\u1ea3y (205-1700 MPa), ph\u00f9 h\u1ee3p cho c\u00e1c \u1ee9ng d\u1ee5ng ch\u1ecbu t\u1ea3i.<\/div>\n<\/li>\n<li>\n<div class=\"paragraph\"><strong>Kh\u1ea3 n\u0103ng h\u00e0n v\u00e0 ch\u1ebf t\u1ea1o<\/strong>: Ch\u00fang c\u00f3 th\u1ec3 d\u1ec5 d\u00e0ng h\u00e0n, u\u1ed1n cong v\u00e0 t\u1ea1o h\u00ecnh, mang l\u1ea1i s\u1ef1 linh ho\u1ea1t trong s\u1ea3n xu\u1ea5t.<\/div>\n<\/li>\n<\/ul>\n<h4>\u1ee8ng d\u1ee5ng<\/h4>\n<ul>\n<li>\n<div class=\"paragraph\"><strong class=\"\">Ng\u00e0nh c\u00f4ng nghi\u1ec7p h\u00f3a ch\u1ea5t v\u00e0 h\u00f3a d\u1ea7u<\/strong>: \u0110\u01b0\u1ee3c s\u1eed d\u1ee5ng trong l\u00f2 ph\u1ea3n \u1ee9ng, b\u1ec3 ch\u1ee9a v\u00e0 b\u1ed9 trao \u0111\u1ed5i nhi\u1ec7t.<\/div>\n<\/li>\n<li>\n<div class=\"paragraph\"><strong class=\"\">H\u00e0ng h\u1ea3i v\u00e0 ngo\u00e0i kh\u01a1i<\/strong>: \u0110\u01b0\u1ee3c s\u1eed d\u1ee5ng trong \u0111\u00f3ng t\u00e0u, gi\u00e0n khoan ngo\u00e0i kh\u01a1i v\u00e0 thi\u1ebft b\u1ecb h\u00e0ng h\u1ea3i.<\/div>\n<\/li>\n<li>\n<div class=\"paragraph\"><strong>S\u1ef1 thi c\u00f4ng<\/strong>: \u0110\u01b0\u1ee3c s\u1eed d\u1ee5ng trong c\u00e1c th\u00e0nh ph\u1ea7n k\u1ebft c\u1ea5u, y\u1ebfu t\u1ed1 ki\u1ebfn tr\u00fac v\u00e0 ngo\u1ea1i th\u1ea5t t\u00f2a nh\u00e0.<\/div>\n<\/li>\n<li>\n<div class=\"paragraph\"><strong>Th\u1ef1c ph\u1ea9m v\u00e0 \u0111\u1ed3 u\u1ed1ng<\/strong>: \u0110\u01b0\u1ee3c s\u1eed d\u1ee5ng trong thi\u1ebft b\u1ecb ch\u1ebf bi\u1ebfn, b\u1ec3 ch\u1ee9a v\u00e0 c\u00e1c \u1ee9ng d\u1ee5ng v\u1ec7 sinh.<\/div>\n<\/li>\n<li>\n<div class=\"paragraph\"><strong class=\"\">S\u1ea3n xu\u1ea5t \u0111i\u1ec7n<\/strong>: \u0110\u01b0\u1ee3c s\u1eed d\u1ee5ng trong l\u00f2 h\u01a1i, b\u1ed9 trao \u0111\u1ed5i nhi\u1ec7t v\u00e0 c\u00e1c \u1ee9ng d\u1ee5ng nhi\u1ec7t \u0111\u1ed9 cao kh\u00e1c.<\/div>\n<\/li>\n<\/ul>\n<h4>T\u1ea1i sao ch\u1ecdn ch\u00fang t\u00f4i?<\/h4>\n<p>Ch\u00fang t\u00f4i c\u00f3 c\u01a1 s\u1edf s\u1ea3n xu\u1ea5t h\u1ea1ng nh\u1ea5t v\u00e0 m\u00f4i tr\u01b0\u1eddng nh\u00e0 m\u00e1y hi\u1ec7n \u0111\u1ea1i, c\u00f3 th\u1ec3 cung c\u1ea5p cho b\u1ea1n c\u00e1c s\u1ea3n ph\u1ea9m v\u1eadt li\u1ec7u kim lo\u1ea1i ch\u1ea5t l\u01b0\u1ee3ng cao. Ch\u00e0o m\u1eebng \u0111\u1ebfn v\u1edbi <a href=\"https:\/\/www.huanhaizhongke.com\/vi\/contact-us\/\">li\u00ean h\u1ec7 v\u1edbi ch\u00fang t\u00f4i<\/a> \u0111\u1ec3 c\u00f3 \u0111\u01b0\u1ee3c gi\u1ea3i ph\u00e1p v\u1eadt li\u1ec7u kim lo\u1ea1i ph\u00f9 h\u1ee3p v\u1edbi b\u1ea1n.<\/p>","protected":false},"excerpt":{"rendered":"<p>T\u1ea5m th\u00e9p kh\u00f4ng g\u1ec9 l\u00e0 m\u1ed9t lo\u1ea1i t\u1ea5m kim lo\u1ea1i c\u00f3 \u0111\u1ed9 b\u1ec1n cao, ch\u1ed1ng \u0103n m\u00f2n, \u0111\u1eb9p v\u00e0 b\u1ec1n.<\/p>","protected":false},"featured_media":452,"template":"","meta":{"_gspb_post_css":""},"product_brand":[],"product_cat":[20],"product_tag":[],"class_list":{"0":"post-448","1":"product","2":"type-product","3":"status-publish","4":"has-post-thumbnail","6":"product_cat-stainless-steel","8":"first","9":"instock","10":"shipping-taxable","11":"product-type-simple"},"_links":{"self":[{"href":"https:\/\/www.huanhaizhongke.com\/vi\/wp-json\/wp\/v2\/product\/448","targetHints":{"allow":["GET"]}}],"collection":[{"href":"https:\/\/www.huanhaizhongke.com\/vi\/wp-json\/wp\/v2\/product"}],"about":[{"href":"https:\/\/www.huanhaizhongke.com\/vi\/wp-json\/wp\/v2\/types\/product"}],"wp:featuredmedia":[{"embeddable":true,"href":"https:\/\/www.huanhaizhongke.com\/vi\/wp-json\/wp\/v2\/media\/452"}],"wp:attachment":[{"href":"https:\/\/www.huanhaizhongke.com\/vi\/wp-json\/wp\/v2\/media?parent=448"}],"wp:term":[{"taxonomy":"product_brand","embeddable":true,"href":"https:\/\/www.huanhaizhongke.com\/vi\/wp-json\/wp\/v2\/product_brand?post=448"},{"taxonomy":"product_cat","embeddable":true,"href":"https:\/\/www.huanhaizhongke.com\/vi\/wp-json\/wp\/v2\/product_cat?post=448"},{"taxonomy":"product_tag","embeddable":true,"href":"https:\/\/www.huanhaizhongke.com\/vi\/wp-json\/wp\/v2\/product_tag?post=448"}],"curies":[{"name":"wp","href":"https:\/\/api.w.org\/{rel}","templated":true}]}}