{"id":441,"date":"2025-01-14T08:39:35","date_gmt":"2025-01-14T08:39:35","guid":{"rendered":"https:\/\/huanhaizhongke.com\/?post_type=product&#038;p=441"},"modified":"2025-03-06T03:32:51","modified_gmt":"2025-03-06T03:32:51","slug":"h-beam","status":"publish","type":"product","link":"https:\/\/www.huanhaizhongke.com\/vi\/product\/h-beam\/","title":{"rendered":"Th\u00e9p d\u1ea7m ch\u1eef H"},"content":{"rendered":"<h4>Th\u00e9p ch\u1eef H l\u00e0 g\u00ec?<\/h4>\n<p>Th\u00e9p d\u1ea7m ch\u1eef H, c\u00f2n \u0111\u01b0\u1ee3c g\u1ecdi l\u00e0 th\u00e9p h\u00ecnh ch\u1eef H ho\u1eb7c d\u1ea7m c\u00e1nh r\u1ed9ng, l\u00e0 m\u1ed9t th\u00e0nh ph\u1ea7n th\u00e9p k\u1ebft c\u1ea5u c\u00f3 h\u00ecnh d\u1ea1ng m\u1eb7t c\u1eaft ngang gi\u1ed1ng ch\u1eef \u201cH\u201d. Th\u00e9p n\u00e0y \u0111\u01b0\u1ee3c s\u1eed d\u1ee5ng r\u1ed9ng r\u00e3i trong x\u00e2y d\u1ef1ng v\u00e0 k\u1ef9 thu\u1eadt do c\u00f3 kh\u1ea3 n\u0103ng ch\u1ecbu t\u1ea3i cao, t\u00ednh \u1ed5n \u0111\u1ecbnh v\u1ec1 k\u1ebft c\u1ea5u v\u00e0 t\u00ednh linh ho\u1ea1t.<\/p>\n<h4>T\u00ednh n\u0103ng s\u1ea3n ph\u1ea9m<\/h4>\n<div class=\"paragraph\"><strong>Kh\u1ea3 n\u0103ng ch\u1ecbu t\u1ea3i cao<\/strong>:D\u1ea7m ch\u1eef H \u0111\u01b0\u1ee3c thi\u1ebft k\u1ebf \u0111\u1ec3 ch\u1ecbu \u0111\u01b0\u1ee3c \u1ee9ng su\u1ea5t theo chi\u1ec1u d\u1ecdc v\u00e0 chi\u1ec1u ngang \u0111\u00e1ng k\u1ec3, khi\u1ebfn ch\u00fang tr\u1edf n\u00ean l\u00fd t\u01b0\u1edfng \u0111\u1ec3 h\u1ed7 tr\u1ee3 c\u00e1c c\u00f4ng tr\u00ecnh l\u1edbn.<\/div>\n<div class=\"paragraph\"><strong class=\"\">\u0110\u1ed9 \u1ed5n \u0111\u1ecbnh c\u1ee7a c\u1ea5u tr\u00fac<\/strong>:C\u00e1c m\u1eb7t b\u00edch r\u1ed9ng cung c\u1ea5p kh\u1ea3 n\u0103ng ch\u1ed1ng u\u1ed1n cong v\u00e0 xo\u1eafn t\u1ed1t h\u01a1n, \u0111\u1ea3m b\u1ea3o t\u00ednh to\u00e0n v\u1eb9n c\u1ee7a k\u1ebft c\u1ea5u.<\/div>\n<div class=\"paragraph\"><strong>Ph\u00e2n ph\u1ed1i tr\u1ecdng l\u01b0\u1ee3ng hi\u1ec7u qu\u1ea3<\/strong>: M\u1eb7t c\u1eaft h\u00ecnh ch\u1eef H ph\u00e2n b\u1ed5 tr\u1ecdng l\u01b0\u1ee3ng \u0111\u1ec1u, gi\u1ea3m c\u00e1c \u0111i\u1ec3m \u1ee9ng su\u1ea5t t\u1eadp trung v\u00e0 t\u0103ng c\u01b0\u1eddng t\u00ednh to\u00e0n v\u1eb9n c\u1ee7a c\u1ea5u tr\u00fac t\u1ed5ng th\u1ec3.<\/div>\n<div class=\"paragraph\"><strong>Hi\u1ec7u qu\u1ea3 v\u1ec1 chi ph\u00ed<\/strong>:D\u1ea7m ch\u1eef H c\u00f3 t\u1ef7 l\u1ec7 \u0111\u1ed9 b\u1ec1n tr\u00ean tr\u1ecdng l\u01b0\u1ee3ng cao, gi\u00fap gi\u1ea3m l\u01b0\u1ee3ng th\u00e9p c\u1ea7n thi\u1ebft v\u00e0 gi\u1ea3m chi ph\u00ed v\u1eadt li\u1ec7u v\u00e0 v\u1eadn chuy\u1ec3n.<\/div>\n<div class=\"paragraph\"><strong class=\"\">T\u00ednh linh ho\u1ea1t<\/strong>: C\u00f3 s\u1eb5n nhi\u1ec1u k\u00edch th\u01b0\u1edbc v\u00e0 chi\u1ec1u r\u1ed9ng kh\u00e1c nhau, d\u1ea7m ch\u1eef H c\u00f3 th\u1ec3 \u0111\u01b0\u1ee3c t\u00f9y ch\u1ec9nh \u0111\u1ec3 \u0111\u00e1p \u1ee9ng c\u00e1c y\u00eau c\u1ea7u c\u1ee5 th\u1ec3 c\u1ee7a d\u1ef1 \u00e1n.<\/div>\n<div class=\"paragraph\"><strong>\u0110\u1ed9 b\u1ec1n<\/strong>:D\u1ea7m ch\u1eef H c\u00f3 kh\u1ea3 n\u0103ng ch\u1ed1ng \u0103n m\u00f2n, bi\u1ebfn d\u1ea1ng v\u00e0 ch\u1ecbu m\u1ecfi v\u1ec1 m\u1eb7t k\u1ebft c\u1ea5u, \u0111\u1ea3m b\u1ea3o t\u00ednh \u1ed5n \u0111\u1ecbnh l\u00e2u d\u00e0i.<\/div>\n<h4>\u1ee8ng d\u1ee5ng<\/h4>\n<ul>\n<li>\n<div class=\"paragraph\"><strong>S\u1ef1 thi c\u00f4ng<\/strong>: L\u00e0 c\u1ed9t, d\u1ea7m v\u00e0 khung trong c\u00e1c t\u00f2a nh\u00e0, c\u1ea7u v\u00e0 c\u00e1c c\u00f4ng tr\u00ecnh cao t\u1ea7ng.<\/div>\n<\/li>\n<li>\n<div class=\"paragraph\"><strong class=\"\">C\u01a1 s\u1edf h\u1ea1 t\u1ea7ng<\/strong>: \u0110\u01b0\u1ee3c s\u1eed d\u1ee5ng trong \u0111\u01b0\u1eddng ray xe l\u1eeda, s\u00e2n bay v\u00e0 c\u1ea7u v\u01b0\u1ee3t \u0111\u01b0\u1eddng cao t\u1ed1c.<\/div>\n<\/li>\n<li>\n<div class=\"paragraph\"><strong class=\"\">C\u00f4ng nghi\u1ec7p<\/strong>: D\u00e0nh cho c\u1ea7n c\u1ea9u, h\u1ec7 th\u1ed1ng b\u0103ng t\u1ea3i v\u00e0 <a href=\"https:\/\/en.wikipedia.org\/wiki\/Mezzanine\" target=\"_blank\" rel=\"noopener\">t\u1ea7ng l\u1eedng<\/a>.<\/div>\n<\/li>\n<li>\n<div class=\"paragraph\"><strong>\u00d4 t\u00f4 v\u00e0 H\u00e0ng kh\u00f4ng v\u0169 tr\u1ee5<\/strong>: \u0110\u01b0\u1ee3c s\u1eed d\u1ee5ng \u0111\u1ec3 h\u1ed7 tr\u1ee3 k\u1ebft c\u1ea5u trong xe c\u1ed9 v\u00e0 m\u00e1y bay.<\/div>\n<\/li>\n<\/ul>\n<h4 class=\"\">C\u00e1c lo\u1ea1i th\u00e9p d\u1ea7m ch\u1eef H<\/h4>\n<div class=\"paragraph\">\n<p>Th\u00e9p d\u1ea7m ch\u1eef H th\u01b0\u1eddng \u0111\u01b0\u1ee3c ph\u00e2n lo\u1ea1i d\u1ef1a tr\u00ean chi\u1ec1u r\u1ed9ng m\u1eb7t b\u00edch:<\/p>\n<div class=\"paragraph\"><strong>D\u1ea7m ch\u1eef H m\u1eb7t b\u00edch r\u1ed9ng<\/strong>: Th\u00edch h\u1ee3p cho c\u00e1c \u1ee9ng d\u1ee5ng ch\u1ecbu t\u1ea3i n\u1eb7ng v\u00e0 c\u00e1c c\u00f4ng tr\u00ecnh cao t\u1ea7ng.<\/div>\n<div class=\"paragraph\"><strong>D\u1ea7m ch\u1eef H b\u00edch trung b\u00ecnh<\/strong>: \u0110\u01b0\u1ee3c s\u1eed d\u1ee5ng cho c\u00e1c \u1ee9ng d\u1ee5ng x\u00e2y d\u1ef1ng chung v\u00e0 ch\u1ecbu t\u1ea3i.<\/div>\n<div class=\"paragraph\"><strong>D\u1ea7m ch\u1eef H m\u1eb7t b\u00edch h\u1eb9p<\/strong>: \u0110\u01b0\u1ee3c thi\u1ebft k\u1ebf cho c\u00e1c y\u00eau c\u1ea7u ch\u1ecbu t\u1ea3i c\u1ee5 th\u1ec3 v\u1edbi m\u1eb7t b\u00edch h\u1eb9p h\u01a1n.<\/div>\n<\/div>\n<div class=\"table-container\">\n<table style=\"height: 134px;\" width=\"549\">\n<thead>\n<tr>\n<th><strong>Ki\u1ec3u<\/strong><\/th>\n<th><strong>Chi\u1ec1u r\u1ed9ng m\u1eb7t b\u00edch (B)<\/strong><\/th>\n<th><strong>Chi\u1ec1u cao c\u1ee7a trang web (H)<\/strong><\/th>\n<th><strong class=\"\">M\u1ed1i quan h\u1ec7<\/strong><\/th>\n<\/tr>\n<\/thead>\n<tbody>\n<tr>\n<td class=\"\">M\u1eb7t b\u00edch r\u1ed9ng<\/td>\n<td class=\"\">\u2265 Chi\u1ec1u cao c\u1ee7a trang web<\/td>\n<td class=\"\">\u2264 Chi\u1ec1u r\u1ed9ng m\u1eb7t b\u00edch<\/td>\n<td class=\"\">B \u2265 H<\/td>\n<\/tr>\n<tr>\n<td class=\"\">M\u1eb7t b\u00edch trung b\u00ecnh<\/td>\n<td class=\"\">\u2265 Chi\u1ec1u cao c\u1ee7a trang web<\/td>\n<td class=\"\">\u2264 Chi\u1ec1u r\u1ed9ng m\u1eb7t b\u00edch<\/td>\n<td class=\"\">B \u2265 H<\/td>\n<\/tr>\n<tr>\n<td class=\"\">M\u1eb7t b\u00edch h\u1eb9p<\/td>\n<td class=\"\">= \u00bd Chi\u1ec1u cao c\u1ee7a trang web<\/td>\n<td class=\"\">= 2 \u00d7 Chi\u1ec1u r\u1ed9ng m\u1eb7t b\u00edch<\/td>\n<td class=\"\">B = \u00bd H<\/td>\n<\/tr>\n<\/tbody>\n<\/table>\n<h4 class=\"\">Quy tr\u00ecnh s\u1ea3n xu\u1ea5t<\/h4>\n<div class=\"paragraph\">Th\u00e9p d\u1ea7m ch\u1eef H th\u01b0\u1eddng \u0111\u01b0\u1ee3c s\u1ea3n xu\u1ea5t b\u1eb1ng ph\u01b0\u01a1ng ph\u00e1p c\u00e1n n\u00f3ng, trong \u0111\u00f3 th\u00e9p \u0111\u01b0\u1ee3c nung n\u00f3ng v\u00e0 \u0111\u01b0a qua m\u00e1y c\u00e1n v\u1ea1n n\u0103ng \u0111\u1ec3 \u0111\u1ea1t \u0111\u01b0\u1ee3c h\u00ecnh d\u1ea1ng ch\u1eef H mong mu\u1ed1n.<\/div>\n<h4>T\u1ea1i sao ch\u1ecdn ch\u00fang t\u00f4i?<\/h4>\n<p>Ch\u00fang t\u00f4i c\u00f3 c\u01a1 s\u1edf s\u1ea3n xu\u1ea5t h\u1ea1ng nh\u1ea5t v\u00e0 m\u00f4i tr\u01b0\u1eddng nh\u00e0 m\u00e1y hi\u1ec7n \u0111\u1ea1i, c\u00f3 th\u1ec3 cung c\u1ea5p cho b\u1ea1n c\u00e1c s\u1ea3n ph\u1ea9m v\u1eadt li\u1ec7u kim lo\u1ea1i ch\u1ea5t l\u01b0\u1ee3ng cao. Ch\u00e0o m\u1eebng \u0111\u1ebfn v\u1edbi <a href=\"https:\/\/www.huanhaizhongke.com\/vi\/contact-us\/\">li\u00ean h\u1ec7 v\u1edbi ch\u00fang t\u00f4i<\/a> \u0111\u1ec3 c\u00f3 \u0111\u01b0\u1ee3c gi\u1ea3i ph\u00e1p v\u1eadt li\u1ec7u kim lo\u1ea1i ph\u00f9 h\u1ee3p v\u1edbi b\u1ea1n.<\/p>\n<\/div>","protected":false},"excerpt":{"rendered":"<p>Th\u00e9p d\u1ea7m ch\u1eef H l\u00e0 lo\u1ea1i th\u00e9p ti\u1ebft ki\u1ec7m v\u00e0 hi\u1ec7u qu\u1ea3 v\u1edbi di\u1ec7n t\u00edch m\u1eb7t c\u1eaft ngang \u0111\u01b0\u1ee3c ph\u00e2n b\u1ed5 t\u1ed1i \u01b0u h\u01a1n v\u00e0 t\u1ef7 l\u1ec7 \u0111\u1ed9 b\u1ec1n tr\u00ean tr\u1ecdng l\u01b0\u1ee3ng h\u1ee3p l\u00fd h\u01a1n.<\/p>","protected":false},"featured_media":446,"template":"","meta":{"_gspb_post_css":""},"product_brand":[],"product_cat":[19],"product_tag":[],"class_list":{"0":"post-441","1":"product","2":"type-product","3":"status-publish","4":"has-post-thumbnail","6":"product_cat-h-beam","8":"first","9":"instock","10":"shipping-taxable","11":"product-type-simple"},"_links":{"self":[{"href":"https:\/\/www.huanhaizhongke.com\/vi\/wp-json\/wp\/v2\/product\/441","targetHints":{"allow":["GET"]}}],"collection":[{"href":"https:\/\/www.huanhaizhongke.com\/vi\/wp-json\/wp\/v2\/product"}],"about":[{"href":"https:\/\/www.huanhaizhongke.com\/vi\/wp-json\/wp\/v2\/types\/product"}],"wp:featuredmedia":[{"embeddable":true,"href":"https:\/\/www.huanhaizhongke.com\/vi\/wp-json\/wp\/v2\/media\/446"}],"wp:attachment":[{"href":"https:\/\/www.huanhaizhongke.com\/vi\/wp-json\/wp\/v2\/media?parent=441"}],"wp:term":[{"taxonomy":"product_brand","embeddable":true,"href":"https:\/\/www.huanhaizhongke.com\/vi\/wp-json\/wp\/v2\/product_brand?post=441"},{"taxonomy":"product_cat","embeddable":true,"href":"https:\/\/www.huanhaizhongke.com\/vi\/wp-json\/wp\/v2\/product_cat?post=441"},{"taxonomy":"product_tag","embeddable":true,"href":"https:\/\/www.huanhaizhongke.com\/vi\/wp-json\/wp\/v2\/product_tag?post=441"}],"curies":[{"name":"wp","href":"https:\/\/api.w.org\/{rel}","templated":true}]}}