{"id":1021,"date":"2025-01-24T09:43:58","date_gmt":"2025-01-24T09:43:58","guid":{"rendered":"https:\/\/huanhaizhongke.com\/?post_type=product&#038;p=1021"},"modified":"2025-03-06T03:21:32","modified_gmt":"2025-03-06T03:21:32","slug":"stainless-steel-coil","status":"publish","type":"product","link":"https:\/\/www.huanhaizhongke.com\/vi\/product\/stainless-steel-coil\/","title":{"rendered":"Cu\u1ed9n th\u00e9p kh\u00f4ng g\u1ec9"},"content":{"rendered":"<h4>Cu\u1ed9n th\u00e9p kh\u00f4ng g\u1ec9 l\u00e0 g\u00ec?<\/h4>\n<p>Cu\u1ed9n th\u00e9p kh\u00f4ng g\u1ec9 \u0111\u01b0\u1ee3c s\u1ea3n xu\u1ea5t b\u1eb1ng c\u00e1ch c\u00e1n n\u00f3ng c\u00e1c t\u1ea5m th\u00e9p kh\u00f4ng g\u1ec9 th\u00e0nh c\u00e1c t\u1ea5m m\u1ecfng v\u00e0 sau \u0111\u00f3 cu\u1ed9n tr\u00f2n l\u1ea1i. Ch\u00fang r\u1ea5t linh ho\u1ea1t v\u00e0 c\u00f3 th\u1ec3 \u0111\u00e1p \u1ee9ng nhi\u1ec1u nhu c\u1ea7u kh\u00e1c nhau. H\u01a1n n\u1eefa, ch\u00fang c\u00f3 gi\u00e1 c\u1ea3 ph\u1ea3i ch\u0103ng, d\u1ec5 di chuy\u1ec3n, r\u1ea5t b\u1ec1n v\u00e0 c\u00f3 tu\u1ed5i th\u1ecd cao.<\/p>\n<h4>T\u00ednh n\u0103ng s\u1ea3n ph\u1ea9m<\/h4>\n<p>C\u00e1c \u0111\u1eb7c t\u00ednh ch\u00ednh c\u1ee7a th\u00e9p kh\u00f4ng g\u1ec9 bao g\u1ed3m kh\u1ea3 n\u0103ng ch\u1ed1ng \u0103n m\u00f2n tuy\u1ec7t v\u1eddi, t\u00ednh ch\u1ea5t c\u01a1 h\u1ecdc t\u1ed1t v\u00e0 kh\u1ea3 n\u0103ng ch\u1ecbu nhi\u1ec7t \u0111\u1ed9 cao, c\u00f3 th\u1ec3 b\u1ea3o v\u1ec7 l\u00e2u d\u00e0i trong m\u00f4i tr\u01b0\u1eddng kh\u1eafc nghi\u1ec7t. N\u00f3 c\u0169ng c\u00f3 c\u00e1c \u0111\u1eb7c t\u00ednh ch\u1ed1ng g\u1ec9, ch\u1ed1ng \u0103n m\u00f2n v\u00e0 ch\u1ed1ng ch\u1ecbu th\u1eddi ti\u1ebft. Th\u00e0nh ph\u1ea7n h\u00f3a h\u1ecdc c\u1ee7a th\u00e9p kh\u00f4ng g\u1ec9 (\u0111\u1eb7c bi\u1ec7t l\u00e0 crom v\u00e0 <a href=\"https:\/\/en.wikipedia.org\/wiki\/Nickel\" target=\"_blank\" rel=\"noopener\">niken<\/a>) c\u00f3 th\u1ec3 l\u00e0m t\u0103ng c\u01b0\u1eddng \u0111\u1ed9 c\u1ee7a th\u00e9p \u1edf nhi\u1ec7t \u0111\u1ed9 cao, \u0111\u1ea3m b\u1ea3o s\u1ea3n ph\u1ea9m c\u00f3 \u0111\u1ed9 b\u1ec1n c\u1ef1c cao. \u0110\u1ed3ng th\u1eddi, th\u00e9p cu\u1ed9n c\u0169ng c\u00f3 kh\u1ea3 n\u0103ng gia c\u00f4ng t\u1ed1t, c\u00f3 th\u1ec3 \u0111\u01b0\u1ee3c gia c\u00f4ng b\u1eb1ng ph\u01b0\u01a1ng ph\u00e1p c\u1eaft, h\u00e0n, d\u1eadp, v.v. \u0111\u1ec3 \u0111\u00e1p \u1ee9ng c\u00e1c y\u00eau c\u1ea7u \u1ee9ng d\u1ee5ng kh\u00e1c nhau.<\/p>\n<h4>\u1ee8ng d\u1ee5ng<\/h4>\n<p>Th\u00e9p kh\u00f4ng g\u1ec9 l\u00e0 m\u1ed9t v\u1eadt li\u1ec7u \u0111a n\u0103ng v\u1edbi nhi\u1ec1u \u1ee9ng d\u1ee5ng. Nh\u1edd \u0111\u1eb7c t\u00ednh v\u1ec7 sinh v\u00e0 d\u1ec5 v\u1ec7 sinh, n\u00f3 th\u01b0\u1eddng \u0111\u01b0\u1ee3c s\u1eed d\u1ee5ng \u0111\u1ec3 l\u00e0m d\u1ee5ng c\u1ee5 nh\u00e0 b\u1ebfp, b\u1ed9 \u0111\u1ed3 \u0103n v\u00e0 d\u1ee5ng c\u1ee5 n\u1ea5u n\u01b0\u1edbng. N\u00f3 c\u0169ng \u0111\u01b0\u1ee3c s\u1eed d\u1ee5ng trong x\u00e2y d\u1ef1ng, s\u1ea3n xu\u1ea5t \u00f4 t\u00f4, thi\u1ebft b\u1ecb y t\u1ebf v\u00e0 c\u01a1 s\u1edf h\u1ea1 t\u1ea7ng n\u0103ng l\u01b0\u1ee3ng.<\/p>\n<h4>T\u1ea1i sao ch\u1ecdn ch\u00fang t\u00f4i?<\/h4>\n<p>Ch\u00fang t\u00f4i c\u00f3 c\u01a1 s\u1edf s\u1ea3n xu\u1ea5t h\u1ea1ng nh\u1ea5t v\u00e0 m\u00f4i tr\u01b0\u1eddng nh\u00e0 m\u00e1y hi\u1ec7n \u0111\u1ea1i, c\u00f3 th\u1ec3 cung c\u1ea5p cho b\u1ea1n c\u00e1c s\u1ea3n ph\u1ea9m v\u1eadt li\u1ec7u kim lo\u1ea1i ch\u1ea5t l\u01b0\u1ee3ng cao. Ch\u00e0o m\u1eebng \u0111\u1ebfn v\u1edbi <a href=\"https:\/\/www.huanhaizhongke.com\/vi\/contact-us\/\">li\u00ean h\u1ec7 v\u1edbi ch\u00fang t\u00f4i<\/a> \u0111\u1ec3 c\u00f3 \u0111\u01b0\u1ee3c gi\u1ea3i ph\u00e1p v\u1eadt li\u1ec7u kim lo\u1ea1i ph\u00f9 h\u1ee3p v\u1edbi b\u1ea1n.<\/p>","protected":false},"excerpt":{"rendered":"<p>Cu\u1ed9n th\u00e9p kh\u00f4ng g\u1ec9 l\u00e0 s\u1ea3n ph\u1ea9m \u0111\u01b0\u1ee3c t\u1ea1o th\u00e0nh b\u1eb1ng c\u00e1ch c\u00e1n ngu\u1ed9i ho\u1eb7c c\u00e1n n\u00f3ng c\u00e1c t\u1ea5m th\u00e9p kh\u00f4ng g\u1ec9 th\u00e0nh d\u1ea1ng cu\u1ed9n. S\u1ea3n ph\u1ea9m \u0111\u01b0\u1ee3c s\u1eed d\u1ee5ng r\u1ed9ng r\u00e3i trong x\u00e2y d\u1ef1ng, thi\u1ebft b\u1ecb gia d\u1ee5ng, ch\u1ebf bi\u1ebfn th\u1ef1c ph\u1ea9m, thi\u1ebft b\u1ecb y t\u1ebf, c\u00f4ng nghi\u1ec7p h\u00f3a ch\u1ea5t v\u00e0 c\u00e1c ng\u00e0nh c\u00f4ng nghi\u1ec7p kh\u00e1c.<\/p>","protected":false},"featured_media":1022,"template":"","meta":{"_gspb_post_css":""},"product_brand":[],"product_cat":[20],"product_tag":[],"class_list":{"0":"post-1021","1":"product","2":"type-product","3":"status-publish","4":"has-post-thumbnail","6":"product_cat-stainless-steel","8":"first","9":"instock","10":"shipping-taxable","11":"product-type-simple"},"_links":{"self":[{"href":"https:\/\/www.huanhaizhongke.com\/vi\/wp-json\/wp\/v2\/product\/1021","targetHints":{"allow":["GET"]}}],"collection":[{"href":"https:\/\/www.huanhaizhongke.com\/vi\/wp-json\/wp\/v2\/product"}],"about":[{"href":"https:\/\/www.huanhaizhongke.com\/vi\/wp-json\/wp\/v2\/types\/product"}],"wp:featuredmedia":[{"embeddable":true,"href":"https:\/\/www.huanhaizhongke.com\/vi\/wp-json\/wp\/v2\/media\/1022"}],"wp:attachment":[{"href":"https:\/\/www.huanhaizhongke.com\/vi\/wp-json\/wp\/v2\/media?parent=1021"}],"wp:term":[{"taxonomy":"product_brand","embeddable":true,"href":"https:\/\/www.huanhaizhongke.com\/vi\/wp-json\/wp\/v2\/product_brand?post=1021"},{"taxonomy":"product_cat","embeddable":true,"href":"https:\/\/www.huanhaizhongke.com\/vi\/wp-json\/wp\/v2\/product_cat?post=1021"},{"taxonomy":"product_tag","embeddable":true,"href":"https:\/\/www.huanhaizhongke.com\/vi\/wp-json\/wp\/v2\/product_tag?post=1021"}],"curies":[{"name":"wp","href":"https:\/\/api.w.org\/{rel}","templated":true}]}}